{"id":31555,"date":"2021-12-10T01:01:43","date_gmt":"2021-12-10T00:01:43","guid":{"rendered":"https:\/\/pepiniereezavin.fr\/?post_type=product&#038;p=31555"},"modified":"2022-11-26T11:13:47","modified_gmt":"2022-11-26T10:13:47","slug":"rohdea-delavayi","status":"publish","type":"product","link":"https:\/\/staging.pepiniereezavin.com\/en\/product\/rohdea-delavayi\/","title":{"rendered":"Rohdea delavayi"},"content":{"rendered":"<p>Ce Rohdea\u00a0forme une <strong>imposante rosette<\/strong> de <strong>feuilles lanc\u00e9ol\u00e9es \u00e0 marges ondul\u00e9es<\/strong>. La texture du feuillage est plus fine (moins \u00e9paisse) que celle de <em>Rohdea japonica<\/em>. Les fleurs vertes apparaissent au printemps, en \u00e9pis denses, suivis de fruits orang\u00e9s.<br \/>\nA cultiver en mi-ombre ou ombre, en sol frais et drainant.<br \/>\n<span style=\"text-decoration: underline;\">Hauteur adulte<\/span> : 20\/40 (60) cm. <span style=\"text-decoration: underline;\">Origine g\u00e9ographique<\/span> : Chine. <span style=\"text-decoration: underline;\">Persistance hiver<\/span> : Persistant. <span style=\"text-decoration: underline;\">Rusticit\u00e9 USDA<\/span> : Zone 7 (-17.8\u00b0C\/-12.2\u00b0C).<\/p>","protected":false},"excerpt":{"rendered":"<p>Ce Rohdea\u00a0forme une <strong>imposante rosette<\/strong> de <strong>feuilles lanc\u00e9ol\u00e9es \u00e0 marges ondul\u00e9es<\/strong>. La texture du feuillage est plus fine (moins \u00e9paisse) que celle de <em>Rohdea japonica<\/em>. Les fleurs vertes apparaissent au printemps, en \u00e9pis denses, suivis de fruits orang\u00e9s.<br \/>\nA cultiver en mi-ombre ou ombre, en sol frais et drainant.<br \/>\n<span style=\"text-decoration: underline;\">Hauteur adulte<\/span> : 20\/40 (60) cm. <span style=\"text-decoration: underline;\">Origine g\u00e9ographique<\/span> : Chine. <span style=\"text-decoration: underline;\">Persistance hiver<\/span> : Persistant. <span style=\"text-decoration: underline;\">Rusticit\u00e9 USDA<\/span> : Zone 7 (-17.8\u00b0C\/-12.2\u00b0C).<\/p>","protected":false},"featured_media":33593,"template":"","meta":{"site-sidebar-layout":"default","site-content-layout":"default","ast-global-header-display":"","ast-main-header-display":"","ast-hfb-above-header-display":"","ast-hfb-below-header-display":"","ast-hfb-mobile-header-display":"","site-post-title":"","ast-breadcrumbs-content":"","ast-featured-img":"","footer-sml-layout":"","theme-transparent-header-meta":"default","adv-header-id-meta":"","stick-header-meta":"default","header-above-stick-meta":"","header-main-stick-meta":"","header-below-stick-meta":""},"product_cat":[537,551,552,553],"product_tag":[525,529,556,558,559,534],"class_list":["post-31555","product","type-product","status-publish","has-post-thumbnail","hentry","product_cat-autres-plantes","product_cat-autres-plantes-d-interieur","product_cat-autres-plantes-pour-climat-doux","product_cat-autres-plantes-pour-climat-frais","product_tag-plantes-a-feuillage-coriace","product_tag-plantes-origine-asiatique","product_tag-plantes-pour-interieur","product_tag-plantes-pour-climats-doux","product_tag-plantes-pour-climats-frais","product_tag-plantes-pour-ombre-seche","pa_taille-du-pot-pot-15-18-cm-diametre","desktop-align-center","tablet-align-center","mobile-align-center","ast-product-gallery-layout-horizontal","ast-product-single-variable","ast-product-tabs-layout-horizontal","ast-qv-on-image"],"_links":{"self":[{"href":"https:\/\/staging.pepiniereezavin.com\/en\/wp-json\/wp\/v2\/product\/31555","targetHints":{"allow":["GET"]}}],"collection":[{"href":"https:\/\/staging.pepiniereezavin.com\/en\/wp-json\/wp\/v2\/product"}],"about":[{"href":"https:\/\/staging.pepiniereezavin.com\/en\/wp-json\/wp\/v2\/types\/product"}],"wp:featuredmedia":[{"embeddable":true,"href":"https:\/\/staging.pepiniereezavin.com\/en\/wp-json\/wp\/v2\/media\/33593"}],"wp:attachment":[{"href":"https:\/\/staging.pepiniereezavin.com\/en\/wp-json\/wp\/v2\/media?parent=31555"}],"wp:term":[{"taxonomy":"product_cat","embeddable":true,"href":"https:\/\/staging.pepiniereezavin.com\/en\/wp-json\/wp\/v2\/product_cat?post=31555"},{"taxonomy":"product_tag","embeddable":true,"href":"https:\/\/staging.pepiniereezavin.com\/en\/wp-json\/wp\/v2\/product_tag?post=31555"}],"curies":[{"name":"wp","href":"https:\/\/api.w.org\/{rel}","templated":true}]}}