{"id":31557,"date":"2021-12-10T01:01:44","date_gmt":"2021-12-10T00:01:44","guid":{"rendered":"https:\/\/pepiniereezavin.fr\/?post_type=product&#038;p=31557"},"modified":"2022-10-24T00:02:33","modified_gmt":"2022-10-23T22:02:33","slug":"rohdea-henryi","status":"publish","type":"product","link":"https:\/\/staging.pepiniereezavin.com\/en\/product\/rohdea-henryi\/","title":{"rendered":"Rohdea henryi"},"content":{"rendered":"<p>= <em>Rohdea japonica var. watanabei, Rohdea fargesii<\/em>,\u00a0<em>Campylandra fargesii<\/em>,\u00a0<em>Campylandra kwangtungensis<\/em>,\u00a0<em>Campylandra pachynema<\/em>,\u00a0<em>Campylandra viridiflora<\/em>,\u00a0<em>Campylandra chinensis<\/em>,\u00a0<em>Rohdea chinensis<\/em>,\u00a0<em>Tupistra chinensis.<\/em><br \/>\nBeaucoup de synonymes pour ce\u00a0<em>Rohdea<\/em>! Il forme une\u00a0<strong>imposante rosette<\/strong>\u00a0de\u00a0<strong>feuilles lanc\u00e9ol\u00e9es<\/strong>. Proche de Rohdea japonica, la texture du feuillage est un peu moins \u00e9paisse, et les feuilles plus souples. Les fleurs vertes apparaissent en \u00e9pis denses, suivies de fruits orang\u00e9s.<br \/>\nA cultiver en mi-ombre ou ombre, en sol frais. Croissance lente mais plante vigoureuse demandant peu d&rsquo;entretien. Peut aussi \u00eatre conserv\u00e9 en int\u00e9rieur, comme les <a href=\"https:\/\/staging.pepiniereezavin.com\/en\/product\/aspidistra-elatior\/\" target=\"_blank\" rel=\"noopener\">Aspidistra<\/a>.<br \/>\n<span style=\"text-decoration: underline;\">Hauteur adulte<\/span>\u00a0: 20\/40 (60) cm.\u00a0<span style=\"text-decoration: underline;\">Origine g\u00e9ographique<\/span>\u00a0: Chine.\u00a0<span style=\"text-decoration: underline;\">Persistance hiver<\/span>\u00a0: Persistant.\u00a0<span style=\"text-decoration: underline;\">Rusticit\u00e9 USDA<\/span> : Zone 8 (-12.2\u00b0C\/-6.7\u00b0C).<\/p>","protected":false},"excerpt":{"rendered":"<p>= <em>Rohdea japonica var. watanabei, Rohdea fargesii<\/em>,\u00a0<em>Campylandra fargesii<\/em>,\u00a0<em>Campylandra kwangtungensis<\/em>,\u00a0<em>Campylandra pachynema<\/em>,\u00a0<em>Campylandra viridiflora<\/em>,\u00a0<em>Campylandra chinensis<\/em>,\u00a0<em>Rohdea chinensis<\/em>,\u00a0<em>Tupistra chinensis.<\/em><br \/>\nBeaucoup de synonymes pour ce\u00a0<em>Rohdea<\/em>! Il forme une\u00a0<strong>imposante rosette<\/strong>\u00a0de\u00a0<strong>feuilles lanc\u00e9ol\u00e9es<\/strong>. Proche de Rohdea japonica, la texture du feuillage est un peu moins \u00e9paisse, et les feuilles plus souples. Les fleurs vertes apparaissent en \u00e9pis denses, suivies de fruits orang\u00e9s.<br \/>\nA cultiver en mi-ombre ou ombre, en sol frais. Croissance lente mais plante vigoureuse demandant peu d&rsquo;entretien. Peut aussi \u00eatre conserv\u00e9 en int\u00e9rieur, comme les <a href=\"https:\/\/staging.pepiniereezavin.com\/en\/product\/aspidistra-elatior\/\" target=\"_blank\" rel=\"noopener\">Aspidistra<\/a>.<br \/>\n<span style=\"text-decoration: underline;\">Hauteur adulte<\/span>\u00a0: 20\/40 (60) cm.\u00a0<span style=\"text-decoration: underline;\">Origine g\u00e9ographique<\/span>\u00a0: Chine.\u00a0<span style=\"text-decoration: underline;\">Persistance hiver<\/span>\u00a0: Persistant.\u00a0<span style=\"text-decoration: underline;\">Rusticit\u00e9 USDA<\/span> : Zone 8 (-12.2\u00b0C\/-6.7\u00b0C).<\/p>","protected":false},"featured_media":33571,"template":"","meta":{"site-sidebar-layout":"default","site-content-layout":"default","ast-global-header-display":"","ast-main-header-display":"","ast-hfb-above-header-display":"","ast-hfb-below-header-display":"","ast-hfb-mobile-header-display":"","site-post-title":"","ast-breadcrumbs-content":"","ast-featured-img":"","footer-sml-layout":"","theme-transparent-header-meta":"default","adv-header-id-meta":"","stick-header-meta":"default","header-above-stick-meta":"","header-main-stick-meta":"","header-below-stick-meta":""},"product_cat":[537,551,552,553],"product_tag":[525,529],"class_list":["post-31557","product","type-product","status-publish","has-post-thumbnail","hentry","product_cat-autres-plantes","product_cat-autres-plantes-d-interieur","product_cat-autres-plantes-pour-climat-doux","product_cat-autres-plantes-pour-climat-frais","product_tag-plantes-a-feuillage-coriace","product_tag-plantes-origine-asiatique","pa_taille-du-pot-pot-12-14-cm-diametre","desktop-align-center","tablet-align-center","mobile-align-center","ast-product-gallery-layout-horizontal","ast-product-single-variable","ast-product-tabs-layout-horizontal","ast-qv-on-image"],"_links":{"self":[{"href":"https:\/\/staging.pepiniereezavin.com\/en\/wp-json\/wp\/v2\/product\/31557","targetHints":{"allow":["GET"]}}],"collection":[{"href":"https:\/\/staging.pepiniereezavin.com\/en\/wp-json\/wp\/v2\/product"}],"about":[{"href":"https:\/\/staging.pepiniereezavin.com\/en\/wp-json\/wp\/v2\/types\/product"}],"wp:featuredmedia":[{"embeddable":true,"href":"https:\/\/staging.pepiniereezavin.com\/en\/wp-json\/wp\/v2\/media\/33571"}],"wp:attachment":[{"href":"https:\/\/staging.pepiniereezavin.com\/en\/wp-json\/wp\/v2\/media?parent=31557"}],"wp:term":[{"taxonomy":"product_cat","embeddable":true,"href":"https:\/\/staging.pepiniereezavin.com\/en\/wp-json\/wp\/v2\/product_cat?post=31557"},{"taxonomy":"product_tag","embeddable":true,"href":"https:\/\/staging.pepiniereezavin.com\/en\/wp-json\/wp\/v2\/product_tag?post=31557"}],"curies":[{"name":"wp","href":"https:\/\/api.w.org\/{rel}","templated":true}]}}