{"id":31559,"date":"2021-12-10T01:01:45","date_gmt":"2021-12-10T00:01:45","guid":{"rendered":"https:\/\/pepiniereezavin.fr\/?post_type=product&#038;p=31559"},"modified":"2022-12-01T20:17:50","modified_gmt":"2022-12-01T19:17:50","slug":"drynaria-sinica","status":"publish","type":"product","link":"https:\/\/staging.pepiniereezavin.com\/en\/product\/drynaria-sinica\/","title":{"rendered":"Drynaria sinica"},"content":{"rendered":"<p>&lsquo;= <em>Drynaria baronii<\/em> (nom accept\u00e9 par worldfloraonline.org) = <em>Aglaomorpha baronii<\/em> (nom accept\u00e9 par pteridoportal.org).<\/p>\n<p>Cette foug\u00e8re originaire du centre de la Chine pousse parmi les \u00e9boulis et forme des touffes de frondes pinnatifides dress\u00e9es. Des frondes basales apparaissent, et restent en place apr\u00e8s avoir s\u00e9ch\u00e9, permettant l&rsquo;accumulation de mati\u00e8re organique.<br \/>\nAu printemps, les <strong>jeunes\u00a0crosses orange \u00e0 rousses<\/strong> sont de toute beaut\u00e9 et d\u00e9licatesse! Croissance vigoureuse printani\u00e8re par un gros rhizome (1 \u00e0 2 cm diam.) souterrain. Etonnamment rustique pour un Drynaria, il est dit tenir \u00e0 -10\u00b0C en Angleterre.<br \/>\nCultiv\u00e9 ici en rocaille \u00e0 mi-ombre, avec protection des pluies hivernales.<\/p>\n<p><span style=\"text-decoration: underline;\">Hauteur adulte\u00a0<\/span>: 20\/40.\u00a0<span style=\"text-decoration: underline;\">Origine g\u00e9ographique\u00a0<\/span>: Chine centrale.\u00a0<span style=\"text-decoration: underline;\">Persistance hiver<\/span>\u00a0: Caduque, les frondes basales sont marcescentes.\u00a0<span style=\"text-decoration: underline;\">Rusticit\u00e9 USDA<\/span>\u00a0:\u00a0Zone 8 (-12.2\u00b0C\/-6.7\u00b0C).<\/p>","protected":false},"excerpt":{"rendered":"<p>&lsquo;=\u00a0<em>Drynaria baronii<\/em>\u00a0(nom accept\u00e9 par worldfloraonline.org) =\u00a0<em>Aglaomorpha baronii<\/em>\u00a0(nom accept\u00e9 par pteridoportal.org).<\/p>\n<p>Cette foug\u00e8re originaire du centre de la Chine pousse parmi les \u00e9boulis et forme des touffes de frondes pinnatifides dress\u00e9es. Des frondes basales apparaissent, et restent en place apr\u00e8s avoir s\u00e9ch\u00e9, permettant l&rsquo;accumulation de mati\u00e8re organique.<br \/>\nAu printemps, les\u00a0<strong>jeunes\u00a0crosses\u00a0orange \u00e0 rousses<\/strong>\u00a0sont de toute beaut\u00e9 et d\u00e9licatesse! Croissance vigoureuse printani\u00e8re par un gros rhizome (1 \u00e0 2 cm diam.) souterrain. Etonnamment rustique pour un Drynaria, il est dit tenir \u00e0 -10\u00b0C en Angleterre.<br \/>\nCultiv\u00e9 ici en\u00a0rocaille \u00e0 mi-ombre, avec\u00a0<span style=\"text-decoration: underline;\"><strong>protection des pluies hivernales<\/strong><\/span>.<\/p>\n<p><span style=\"text-decoration: underline;\">Hauteur adulte\u00a0<\/span>: 20\/40.\u00a0<span style=\"text-decoration: underline;\">Origine g\u00e9ographique\u00a0<\/span>: Chine centrale.\u00a0<span style=\"text-decoration: underline;\">Persistance hiver<\/span>\u00a0:\u00a0Caduque, les frondes basales sont marcescentes.\u00a0<span style=\"text-decoration: underline;\">Rusticit\u00e9 USDA<\/span>\u00a0:\u00a0Zone 8 (-12.2\u00b0C\/-6.7\u00b0C).<\/p>","protected":false},"featured_media":31605,"template":"","meta":{"site-sidebar-layout":"default","site-content-layout":"default","ast-global-header-display":"","ast-main-header-display":"","ast-hfb-above-header-display":"","ast-hfb-below-header-display":"","ast-hfb-mobile-header-display":"","site-post-title":"","ast-breadcrumbs-content":"","ast-featured-img":"","footer-sml-layout":"","theme-transparent-header-meta":"default","adv-header-id-meta":"","stick-header-meta":"default","header-above-stick-meta":"","header-main-stick-meta":"","header-below-stick-meta":""},"product_cat":[535,543,545],"product_tag":[529,556,558,533],"class_list":["post-31559","product","type-product","status-publish","has-post-thumbnail","hentry","product_cat-fougeres","product_cat-fougeres-interieur","product_cat-fougeres-climat-doux","product_tag-plantes-origine-asiatique","product_tag-plantes-pour-interieur","product_tag-plantes-pour-climats-doux","product_tag-plantes-pour-mur-vegetaux","pa_taille-du-pot-pot-12-14-cm-diametre","desktop-align-center","tablet-align-center","mobile-align-center","ast-product-gallery-layout-horizontal","ast-product-single-variable","ast-product-tabs-layout-horizontal","ast-qv-on-image"],"_links":{"self":[{"href":"https:\/\/staging.pepiniereezavin.com\/en\/wp-json\/wp\/v2\/product\/31559","targetHints":{"allow":["GET"]}}],"collection":[{"href":"https:\/\/staging.pepiniereezavin.com\/en\/wp-json\/wp\/v2\/product"}],"about":[{"href":"https:\/\/staging.pepiniereezavin.com\/en\/wp-json\/wp\/v2\/types\/product"}],"wp:featuredmedia":[{"embeddable":true,"href":"https:\/\/staging.pepiniereezavin.com\/en\/wp-json\/wp\/v2\/media\/31605"}],"wp:attachment":[{"href":"https:\/\/staging.pepiniereezavin.com\/en\/wp-json\/wp\/v2\/media?parent=31559"}],"wp:term":[{"taxonomy":"product_cat","embeddable":true,"href":"https:\/\/staging.pepiniereezavin.com\/en\/wp-json\/wp\/v2\/product_cat?post=31559"},{"taxonomy":"product_tag","embeddable":true,"href":"https:\/\/staging.pepiniereezavin.com\/en\/wp-json\/wp\/v2\/product_tag?post=31559"}],"curies":[{"name":"wp","href":"https:\/\/api.w.org\/{rel}","templated":true}]}}