{"id":31563,"date":"2021-12-10T01:01:49","date_gmt":"2021-12-10T00:01:49","guid":{"rendered":"https:\/\/pepiniereezavin.fr\/?post_type=product&#038;p=31563"},"modified":"2022-10-31T18:02:07","modified_gmt":"2022-10-31T17:02:07","slug":"pyrrosia-porosa","status":"publish","type":"product","link":"https:\/\/staging.pepiniereezavin.com\/en\/product\/pyrrosia-porosa\/","title":{"rendered":"Pyrrosia porosa"},"content":{"rendered":"<p><em>Pyrrosia porosa<\/em> est une esp\u00e8ce rarement propos\u00e9e en culture, malgr\u00e9 sa large aire de r\u00e9partition (de l&rsquo;Inde aux Philippines) et les diff\u00e9rents climats o\u00f9 elle pousse. Les frondes sont recouvertes d&rsquo;un incroyable <strong>velours gris<\/strong>, ponctu\u00e9 par les hydatodes, sortes de <strong>points align\u00e9s<\/strong> sur la face sup\u00e9rieur des frondes. La plante pousse en<strong> touffe dense<\/strong>, et affectionne les rocailles en mi-ombre. Elle peut \u00eatre cultiv\u00e9e en ext\u00e9rieur dans le sud de la France, et rentr\u00e9e quand les T\u00b0 descendent sous les -8\u00b0C. C&rsquo;est aussi une excellente plante d&rsquo;int\u00e9rieur ou de v\u00e9randa, peu demandeuse en entretien, et \u00e0 croissance lente. Une merveille de graphisme et de d\u00e9licatesse!<br \/>\n<span style=\"text-decoration: underline;\">Hauteur adulte<\/span> : 20\/40 cm. <span style=\"text-decoration: underline;\">Origine g\u00e9ographique<\/span> : de l&rsquo;Inde aux Philippines. <span style=\"text-decoration: underline;\">Persistance hiver<\/span> : Persistant. <span style=\"text-decoration: underline;\">Rusticit\u00e9 USDA<\/span> : Zone 8 (-12.2\u00b0C\/-6.7\u00b0C).<\/p>","protected":false},"excerpt":{"rendered":"<p><em>Pyrrosia porosa<\/em>\u00a0est une esp\u00e8ce rarement propos\u00e9e en culture, malgr\u00e9 sa large aire de r\u00e9partition (de l&rsquo;Inde aux Philippines) et les diff\u00e9rents climats o\u00f9 elle pousse. Les frondes sont recouvertes d&rsquo;un incroyable\u00a0<strong>velours gris<\/strong>, ponctu\u00e9 par les hydatodes, sortes de\u00a0<strong>points align\u00e9s<\/strong>\u00a0sur la face sup\u00e9rieur des frondes. La plante pousse en<strong>\u00a0touffe dense<\/strong>, et affectionne les rocailles en mi-ombre. Elle peut \u00eatre cultiv\u00e9e en ext\u00e9rieur dans le sud de la France, et rentr\u00e9e quand les T\u00b0 descendent sous les -8\u00b0C. C&rsquo;est aussi une excellente plante d&rsquo;int\u00e9rieur ou de v\u00e9randa, peu demandeuse en entretien, et \u00e0 croissance lente. Une merveille de graphisme et de d\u00e9licatesse!<br \/>\n<span style=\"text-decoration: underline;\">Hauteur adulte<\/span>\u00a0: 20\/40 cm.\u00a0<span style=\"text-decoration: underline;\">Origine g\u00e9ographique<\/span>\u00a0: de l&rsquo;Inde aux Philippines.\u00a0<span style=\"text-decoration: underline;\">Persistance hiver<\/span>\u00a0: Persistant.\u00a0<span style=\"text-decoration: underline;\">Rusticit\u00e9 USDA<\/span>\u00a0: Zone 8 (-12.2\u00b0C\/-6.7\u00b0C).<\/p>","protected":false},"featured_media":31612,"template":"","meta":{"site-sidebar-layout":"default","site-content-layout":"default","ast-global-header-display":"","ast-main-header-display":"","ast-hfb-above-header-display":"","ast-hfb-below-header-display":"","ast-hfb-mobile-header-display":"","site-post-title":"","ast-breadcrumbs-content":"","ast-featured-img":"","footer-sml-layout":"","theme-transparent-header-meta":"default","adv-header-id-meta":"","stick-header-meta":"default","header-above-stick-meta":"","header-main-stick-meta":"","header-below-stick-meta":""},"product_cat":[535,543,544,545],"product_tag":[529,556,558,533,557],"class_list":["post-31563","product","type-product","status-publish","has-post-thumbnail","hentry","product_cat-fougeres","product_cat-fougeres-interieur","product_cat-fougeres-terrarium","product_cat-fougeres-climat-doux","product_tag-plantes-origine-asiatique","product_tag-plantes-pour-interieur","product_tag-plantes-pour-climats-doux","product_tag-plantes-pour-mur-vegetaux","product_tag-plantes-pour-terrarium","pa_taille-du-pot-pot-12-14-cm-diametre","desktop-align-center","tablet-align-center","mobile-align-center","ast-product-gallery-layout-horizontal","ast-product-single-variable","ast-product-tabs-layout-horizontal","ast-qv-on-image"],"_links":{"self":[{"href":"https:\/\/staging.pepiniereezavin.com\/en\/wp-json\/wp\/v2\/product\/31563","targetHints":{"allow":["GET"]}}],"collection":[{"href":"https:\/\/staging.pepiniereezavin.com\/en\/wp-json\/wp\/v2\/product"}],"about":[{"href":"https:\/\/staging.pepiniereezavin.com\/en\/wp-json\/wp\/v2\/types\/product"}],"wp:featuredmedia":[{"embeddable":true,"href":"https:\/\/staging.pepiniereezavin.com\/en\/wp-json\/wp\/v2\/media\/31612"}],"wp:attachment":[{"href":"https:\/\/staging.pepiniereezavin.com\/en\/wp-json\/wp\/v2\/media?parent=31563"}],"wp:term":[{"taxonomy":"product_cat","embeddable":true,"href":"https:\/\/staging.pepiniereezavin.com\/en\/wp-json\/wp\/v2\/product_cat?post=31563"},{"taxonomy":"product_tag","embeddable":true,"href":"https:\/\/staging.pepiniereezavin.com\/en\/wp-json\/wp\/v2\/product_tag?post=31563"}],"curies":[{"name":"wp","href":"https:\/\/api.w.org\/{rel}","templated":true}]}}