{"id":31565,"date":"2021-12-10T01:01:51","date_gmt":"2021-12-10T00:01:51","guid":{"rendered":"https:\/\/pepiniereezavin.fr\/?post_type=product&#038;p=31565"},"modified":"2022-09-07T11:27:29","modified_gmt":"2022-09-07T09:27:29","slug":"cissus-verticillata","status":"publish","type":"product","link":"https:\/\/staging.pepiniereezavin.com\/en\/product\/cissus-verticillata\/","title":{"rendered":"Cissus verticillata"},"content":{"rendered":"<p>Ce cousin tropical de notre vigne est une<strong>\u00a0liane d&rsquo;int\u00e9rieur<\/strong>. Son feuillage est vert \u00e9meraude vif. Elle est remarquable surtout par ses fines et nombreuses <strong>racines a\u00e9riennes roses<\/strong>! Lorsque la plante est d\u00e9velopp\u00e9e et guid\u00e9e, ces racines forment un <strong>rideau naturel<\/strong>, comme chez Patrick Blanc, grand connaisseur en plantes extraordinaires!<br \/>\nCroissance vigoureuse en int\u00e9rieur ou en v\u00e9randa.<br \/>\n<span style=\"text-decoration: underline;\">Hauteur adulte <\/span>: plante grimpante. <span style=\"text-decoration: underline;\">Origine g\u00e9ographique<\/span> : Am\u00e9rique centrale et du sud. <span style=\"text-decoration: underline;\">Persistance hiver<\/span> : Persistant. <span style=\"text-decoration: underline;\">Rusticit\u00e9 USDA<\/span> : Zone 11 (+4.4\u00b0C\/+10\u00b0C).<\/p>","protected":false},"excerpt":{"rendered":"<p>Ce cousin tropical de notre vigne est une<strong>\u00a0liane d&rsquo;int\u00e9rieur<\/strong>. Son feuillage est vert \u00e9meraude vif. Elle est remarquable surtout par ses fines et nombreuses <strong>racines a\u00e9riennes roses<\/strong>! Lorsque la plante est d\u00e9velopp\u00e9e et guid\u00e9e, ces racines forment un <strong>rideau naturel<\/strong>, comme chez Patrick Blanc, grand connaisseur en plantes extraordinaires!<br \/>\nCroissance vigoureuse en int\u00e9rieur ou en v\u00e9randa.<br \/>\n<span style=\"text-decoration: underline;\">Hauteur adulte <\/span>: plante grimpante. <span style=\"text-decoration: underline;\">Origine g\u00e9ographique<\/span> : Am\u00e9rique centrale et du sud. <span style=\"text-decoration: underline;\">Persistance hiver<\/span> : Persistant. <span style=\"text-decoration: underline;\">Rusticit\u00e9 USDA<\/span> : Zone 11 (+4.4\u00b0C\/+10\u00b0C).<\/p>","protected":false},"featured_media":31617,"template":"","meta":{"site-sidebar-layout":"default","site-content-layout":"default","ast-global-header-display":"","ast-main-header-display":"","ast-hfb-above-header-display":"","ast-hfb-below-header-display":"","ast-hfb-mobile-header-display":"","site-post-title":"","ast-breadcrumbs-content":"","ast-featured-img":"","footer-sml-layout":"","theme-transparent-header-meta":"default","adv-header-id-meta":"","stick-header-meta":"default","header-above-stick-meta":"","header-main-stick-meta":"","header-below-stick-meta":""},"product_cat":[537,551],"product_tag":[528,556,533],"class_list":["post-31565","product","type-product","status-publish","has-post-thumbnail","hentry","product_cat-autres-plantes","product_cat-autres-plantes-d-interieur","product_tag-plantes-origine-americaine","product_tag-plantes-pour-interieur","product_tag-plantes-pour-mur-vegetaux","pa_taille-du-pot-pot-10-12-cm-diametre","pa_taille-du-pot-pot-12-14-cm-diametre","desktop-align-center","tablet-align-center","mobile-align-center","ast-product-gallery-layout-horizontal","ast-product-single-variable","ast-product-tabs-layout-horizontal","ast-qv-on-image"],"_links":{"self":[{"href":"https:\/\/staging.pepiniereezavin.com\/en\/wp-json\/wp\/v2\/product\/31565","targetHints":{"allow":["GET"]}}],"collection":[{"href":"https:\/\/staging.pepiniereezavin.com\/en\/wp-json\/wp\/v2\/product"}],"about":[{"href":"https:\/\/staging.pepiniereezavin.com\/en\/wp-json\/wp\/v2\/types\/product"}],"wp:featuredmedia":[{"embeddable":true,"href":"https:\/\/staging.pepiniereezavin.com\/en\/wp-json\/wp\/v2\/media\/31617"}],"wp:attachment":[{"href":"https:\/\/staging.pepiniereezavin.com\/en\/wp-json\/wp\/v2\/media?parent=31565"}],"wp:term":[{"taxonomy":"product_cat","embeddable":true,"href":"https:\/\/staging.pepiniereezavin.com\/en\/wp-json\/wp\/v2\/product_cat?post=31565"},{"taxonomy":"product_tag","embeddable":true,"href":"https:\/\/staging.pepiniereezavin.com\/en\/wp-json\/wp\/v2\/product_tag?post=31565"}],"curies":[{"name":"wp","href":"https:\/\/api.w.org\/{rel}","templated":true}]}}