{"id":31585,"date":"2021-12-10T01:03:09","date_gmt":"2021-12-10T00:03:09","guid":{"rendered":"https:\/\/pepiniereezavin.fr\/?post_type=product&#038;p=31585"},"modified":"2022-07-02T22:40:03","modified_gmt":"2022-07-02T20:40:03","slug":"rubus-ichangensis","status":"publish","type":"product","link":"https:\/\/staging.pepiniereezavin.com\/en\/product\/rubus-ichangensis\/","title":{"rendered":"Rubus ichangensis"},"content":{"rendered":"<p>Cette ronce chinoise a un port largement retombant et fait un <strong>tr\u00e8s bon couvre-sol<\/strong>, ou une plante retombante de premier ordre. Les tiges ne sont pas \u00e9pineuses, juste un peu rugueuses\u00a0 en raison de micro-\u00e9pines, pas du tout g\u00eanantes. Son attrait principal tient dans ses superbes feuilles triangulaires allong\u00e9es de <strong>couleur vert satin\u00e9 gris<\/strong>. Les jeunes feuilles sortent rouge fonc\u00e9 au printemps. Somptueux en surplomb : muret, rocaille, talus, mur v\u00e9g\u00e9tal\u2026 Les fruits sont comestibles et sa culture est des plus facile.<\/p>\n<p><span style=\"text-decoration: underline;\">Hauteur adulte\u00a0<\/span>: jusqu\u2019\u00e0 10 m environ.\u00a0<span style=\"text-decoration: underline;\">Origine g\u00e9ographique\u00a0<\/span>: Chine.\u00a0<span style=\"text-decoration: underline;\">Persistance hiver\u00a0<\/span>: Persistant.\u00a0Rusticit\u00e9 USDA\u00a0: Zone 7 (-17.8\u00b0C\/-12.2\u00b0C).<\/p>","protected":false},"excerpt":{"rendered":"<p>Cette ronce chinoise a un port largement retombant et fait un\u00a0<strong>tr\u00e8s bon couvre-sol<\/strong>, ou une plante retombante de premier ordre. Les tiges ne sont pas \u00e9pineuses, juste un peu rugueuses\u00a0 en raison de micro-\u00e9pines, pas du tout g\u00eanantes. Son attrait principal tient dans ses superbes feuilles triangulaires allong\u00e9es de\u00a0<strong>couleur vert satin\u00e9 gris<\/strong>. Les jeunes feuilles sortent rouge fonc\u00e9 au printemps. Somptueux en surplomb : muret, rocaille, talus, mur v\u00e9g\u00e9tal\u2026 Les fruits sont comestibles et sa culture est des plus facile.<\/p>\n<p><span style=\"text-decoration: underline;\">Hauteur adulte\u00a0<\/span>: jusqu\u2019\u00e0 10 m environ.\u00a0<span style=\"text-decoration: underline;\">Origine g\u00e9ographique\u00a0<\/span>:\u00a0Chine.\u00a0<span style=\"text-decoration: underline;\">Persistance hiver\u00a0<\/span>: Persistant.\u00a0Rusticit\u00e9 USDA\u00a0: Zone 7 (-17.8\u00b0C\/-12.2\u00b0C).<\/p>","protected":false},"featured_media":31643,"template":"","meta":{"site-sidebar-layout":"default","site-content-layout":"default","ast-global-header-display":"","ast-main-header-display":"","ast-hfb-above-header-display":"","ast-hfb-below-header-display":"","ast-hfb-mobile-header-display":"","site-post-title":"","ast-breadcrumbs-content":"","ast-featured-img":"","footer-sml-layout":"","theme-transparent-header-meta":"default","adv-header-id-meta":"","stick-header-meta":"default","header-above-stick-meta":"","header-main-stick-meta":"","header-below-stick-meta":""},"product_cat":[537,552,553],"product_tag":[529,558,559,533],"class_list":["post-31585","product","type-product","status-publish","has-post-thumbnail","hentry","product_cat-autres-plantes","product_cat-autres-plantes-pour-climat-doux","product_cat-autres-plantes-pour-climat-frais","product_tag-plantes-origine-asiatique","product_tag-plantes-pour-climats-doux","product_tag-plantes-pour-climats-frais","product_tag-plantes-pour-mur-vegetaux","pa_taille-du-pot-pot-12-14-cm-diametre","desktop-align-center","tablet-align-center","mobile-align-center","ast-product-gallery-layout-horizontal","ast-product-single-variable","ast-product-tabs-layout-horizontal","ast-qv-on-image"],"_links":{"self":[{"href":"https:\/\/staging.pepiniereezavin.com\/en\/wp-json\/wp\/v2\/product\/31585","targetHints":{"allow":["GET"]}}],"collection":[{"href":"https:\/\/staging.pepiniereezavin.com\/en\/wp-json\/wp\/v2\/product"}],"about":[{"href":"https:\/\/staging.pepiniereezavin.com\/en\/wp-json\/wp\/v2\/types\/product"}],"wp:featuredmedia":[{"embeddable":true,"href":"https:\/\/staging.pepiniereezavin.com\/en\/wp-json\/wp\/v2\/media\/31643"}],"wp:attachment":[{"href":"https:\/\/staging.pepiniereezavin.com\/en\/wp-json\/wp\/v2\/media?parent=31585"}],"wp:term":[{"taxonomy":"product_cat","embeddable":true,"href":"https:\/\/staging.pepiniereezavin.com\/en\/wp-json\/wp\/v2\/product_cat?post=31585"},{"taxonomy":"product_tag","embeddable":true,"href":"https:\/\/staging.pepiniereezavin.com\/en\/wp-json\/wp\/v2\/product_tag?post=31585"}],"curies":[{"name":"wp","href":"https:\/\/api.w.org\/{rel}","templated":true}]}}