{"id":31620,"date":"2021-12-10T01:54:55","date_gmt":"2021-12-10T00:54:55","guid":{"rendered":"https:\/\/pepiniereezavin.fr\/?post_type=product&#038;p=31620"},"modified":"2022-12-13T12:16:08","modified_gmt":"2022-12-13T11:16:08","slug":"polypodium-cambricum-macrostachyon","status":"publish","type":"product","link":"https:\/\/staging.pepiniereezavin.com\/en\/product\/polypodium-cambricum-macrostachyon\/","title":{"rendered":"Polypodium cambricum &lsquo;Macrostachyon&rsquo;"},"content":{"rendered":"<p>Cette variation naturelle de <em>Polypodium cambricum<\/em> a \u00e9t\u00e9 trouv\u00e9e en Irlande au d\u00e9but du XX\u00e8me si\u00e8cle. Elle est remarquable par le <strong>segment terminal<\/strong> des frondes qui est <strong>particuli\u00e8rement allong\u00e9 et effil\u00e9<\/strong>. Cette forme est assez <strong>vigoureuse<\/strong> et forme rapidement une touffe originale par ses pointes effil\u00e9es.<br \/>\nCulture facile, comme tous les polypodes. Persistant en hiver. Repos estival si s\u00e9cheresse, persistant toute l&rsquo;ann\u00e9e sinon.<\/p>\n<p><span style=\"text-decoration: underline;\">Hauteur adulte\u00a0<\/span>: 40\/60 cm.\u00a0<span style=\"text-decoration: underline;\">Origine g\u00e9ographique\u00a0<\/span>: Irlande.\u00a0<span style=\"text-decoration: underline;\">Persistance hiver\u00a0<\/span>: Persistant.\u00a0Rusticit\u00e9 USDA\u00a0: Zone 7 (-17.8\u00b0C\/-12.2\u00b0C).<\/p>","protected":false},"excerpt":{"rendered":"<p>Cette variation naturelle de\u00a0<em>Polypodium cambricum<\/em>\u00a0a \u00e9t\u00e9 trouv\u00e9e en Irlande au d\u00e9but du XX\u00e8me si\u00e8cle. Elle est remarquable par le\u00a0<strong>segment terminal<\/strong>\u00a0des frondes qui est\u00a0<strong>particuli\u00e8rement allong\u00e9 et effil\u00e9<\/strong>. Cette forme est assez\u00a0<strong>vigoureuse<\/strong>\u00a0et forme rapidement une touffe originale par ses pointes effil\u00e9es.<br \/>\nCulture facile, comme tous les polypodes. Persistant en hiver. Repos estival si s\u00e9cheresse, persistant toute l&rsquo;ann\u00e9e sinon.<\/p>\n<p><span style=\"text-decoration: underline;\">Hauteur adulte\u00a0<\/span>: 40\/60 cm.\u00a0<span style=\"text-decoration: underline;\">Origine g\u00e9ographique\u00a0<\/span>:\u00a0Irlande.\u00a0<span style=\"text-decoration: underline;\">Persistance hiver\u00a0<\/span>: Persistant.\u00a0Rusticit\u00e9 USDA\u00a0: Zone 7 (-17.8\u00b0C\/-12.2\u00b0C).<\/p>","protected":false},"featured_media":31645,"template":"","meta":{"site-sidebar-layout":"default","site-content-layout":"default","ast-global-header-display":"","ast-main-header-display":"","ast-hfb-above-header-display":"","ast-hfb-below-header-display":"","ast-hfb-mobile-header-display":"","site-post-title":"","ast-breadcrumbs-content":"","ast-featured-img":"","footer-sml-layout":"","theme-transparent-header-meta":"default","adv-header-id-meta":"","stick-header-meta":"default","header-above-stick-meta":"","header-main-stick-meta":"","header-below-stick-meta":""},"product_cat":[535,545],"product_tag":[530,558,533,534],"class_list":["post-31620","product","type-product","status-publish","has-post-thumbnail","hentry","product_cat-fougeres","product_cat-fougeres-climat-doux","product_tag-plantes-origine-europeenne","product_tag-plantes-pour-climats-doux","product_tag-plantes-pour-mur-vegetaux","product_tag-plantes-pour-ombre-seche","pa_taille-du-pot-pot-12-14-cm-diametre","desktop-align-center","tablet-align-center","mobile-align-center","ast-product-gallery-layout-horizontal","ast-product-gallery-with-no-image","ast-product-single-variable","ast-product-tabs-layout-horizontal","ast-qv-on-image"],"_links":{"self":[{"href":"https:\/\/staging.pepiniereezavin.com\/en\/wp-json\/wp\/v2\/product\/31620","targetHints":{"allow":["GET"]}}],"collection":[{"href":"https:\/\/staging.pepiniereezavin.com\/en\/wp-json\/wp\/v2\/product"}],"about":[{"href":"https:\/\/staging.pepiniereezavin.com\/en\/wp-json\/wp\/v2\/types\/product"}],"wp:featuredmedia":[{"embeddable":true,"href":"https:\/\/staging.pepiniereezavin.com\/en\/wp-json\/wp\/v2\/media\/31645"}],"wp:attachment":[{"href":"https:\/\/staging.pepiniereezavin.com\/en\/wp-json\/wp\/v2\/media?parent=31620"}],"wp:term":[{"taxonomy":"product_cat","embeddable":true,"href":"https:\/\/staging.pepiniereezavin.com\/en\/wp-json\/wp\/v2\/product_cat?post=31620"},{"taxonomy":"product_tag","embeddable":true,"href":"https:\/\/staging.pepiniereezavin.com\/en\/wp-json\/wp\/v2\/product_tag?post=31620"}],"curies":[{"name":"wp","href":"https:\/\/api.w.org\/{rel}","templated":true}]}}