{"id":31622,"date":"2021-12-10T01:54:56","date_gmt":"2021-12-10T00:54:56","guid":{"rendered":"https:\/\/pepiniereezavin.fr\/?post_type=product&#038;p=31622"},"modified":"2022-12-06T15:08:21","modified_gmt":"2022-12-06T14:08:21","slug":"polypodium-cambricum-subsp-macaronesicum","status":"publish","type":"product","link":"https:\/\/staging.pepiniereezavin.com\/en\/product\/polypodium-cambricum-subsp-macaronesicum\/","title":{"rendered":"Polypodium cambricum subsp. Macaronesicum"},"content":{"rendered":"<p>Le <strong>Polypode des Canaries<\/strong> est plus grand que la forme europ\u00e9enne de <em>Polypodium cambricum<\/em>. Ses frondes sont plus largement ovales, et les bords des pennes sont ondul\u00e9s quand la plante est adulte. Tr\u00e8s luxuriant, et \u00e0 feuillage persistant tr\u00e8s bien jusqu&rsquo;\u00e0 0\u00b0C. Pour l&rsquo;int\u00e9rieur, la v\u00e9randa, ou dehors en climat tr\u00e8s doux (+- hors gel).<\/p>\n<p><span style=\"text-decoration: underline;\">Hauteur adulte\u00a0<\/span>: 40\/60 cm.\u00a0<span style=\"text-decoration: underline;\">Origine g\u00e9ographique\u00a0<\/span>: Macaron\u00e9sie.\u00a0<span style=\"text-decoration: underline;\">Persistance hiver\u00a0<\/span>: Persistant (hors gel).\u00a0Rusticit\u00e9 USDA\u00a0: Zone 9 (-6.7\u00b0C\/-1.1\u00b0C).<\/p>","protected":false},"excerpt":{"rendered":"<p>Le\u00a0<strong>Polypode des Canaries<\/strong>\u00a0est plus grand que la forme europ\u00e9enne de\u00a0<em>Polypodium cambricum<\/em>. Ses frondes sont plus largement ovales, et les bords des pennes sont ondul\u00e9s quand la plante est adulte. Tr\u00e8s luxuriant, et \u00e0 feuillage persistant tr\u00e8s bien jusqu&rsquo;\u00e0 0\u00b0C. Pour l&rsquo;int\u00e9rieur, la v\u00e9randa, ou dehors en climat tr\u00e8s doux (+- hors gel).<\/p>\n<p><span style=\"text-decoration: underline;\">Hauteur adulte\u00a0<\/span>: 40\/60 cm.\u00a0<span style=\"text-decoration: underline;\">Origine g\u00e9ographique\u00a0<\/span>:\u00a0Macaron\u00e9sie.\u00a0<span style=\"text-decoration: underline;\">Persistance hiver\u00a0<\/span>: Persistant (hors gel).\u00a0Rusticit\u00e9 USDA\u00a0: Zone 9 (-6.7\u00b0C\/-1.1\u00b0C).<\/p>","protected":false},"featured_media":31646,"template":"","meta":{"site-sidebar-layout":"default","site-content-layout":"default","ast-global-header-display":"","ast-main-header-display":"","ast-hfb-above-header-display":"","ast-hfb-below-header-display":"","ast-hfb-mobile-header-display":"","site-post-title":"","ast-breadcrumbs-content":"","ast-featured-img":"","footer-sml-layout":"","theme-transparent-header-meta":"default","adv-header-id-meta":"","stick-header-meta":"default","header-above-stick-meta":"","header-main-stick-meta":"","header-below-stick-meta":""},"product_cat":[535,543,545],"product_tag":[530,556,558,533],"class_list":["post-31622","product","type-product","status-publish","has-post-thumbnail","hentry","product_cat-fougeres","product_cat-fougeres-interieur","product_cat-fougeres-climat-doux","product_tag-plantes-origine-europeenne","product_tag-plantes-pour-interieur","product_tag-plantes-pour-climats-doux","product_tag-plantes-pour-mur-vegetaux","pa_taille-du-pot-pot-12-14-cm-diametre","desktop-align-center","tablet-align-center","mobile-align-center","ast-product-gallery-layout-horizontal","ast-product-single-variable","ast-product-tabs-layout-horizontal","ast-qv-on-image"],"_links":{"self":[{"href":"https:\/\/staging.pepiniereezavin.com\/en\/wp-json\/wp\/v2\/product\/31622","targetHints":{"allow":["GET"]}}],"collection":[{"href":"https:\/\/staging.pepiniereezavin.com\/en\/wp-json\/wp\/v2\/product"}],"about":[{"href":"https:\/\/staging.pepiniereezavin.com\/en\/wp-json\/wp\/v2\/types\/product"}],"wp:featuredmedia":[{"embeddable":true,"href":"https:\/\/staging.pepiniereezavin.com\/en\/wp-json\/wp\/v2\/media\/31646"}],"wp:attachment":[{"href":"https:\/\/staging.pepiniereezavin.com\/en\/wp-json\/wp\/v2\/media?parent=31622"}],"wp:term":[{"taxonomy":"product_cat","embeddable":true,"href":"https:\/\/staging.pepiniereezavin.com\/en\/wp-json\/wp\/v2\/product_cat?post=31622"},{"taxonomy":"product_tag","embeddable":true,"href":"https:\/\/staging.pepiniereezavin.com\/en\/wp-json\/wp\/v2\/product_tag?post=31622"}],"curies":[{"name":"wp","href":"https:\/\/api.w.org\/{rel}","templated":true}]}}