{"id":31629,"date":"2021-12-10T01:54:57","date_gmt":"2021-12-10T00:54:57","guid":{"rendered":"https:\/\/pepiniereezavin.fr\/?post_type=product&#038;p=31629"},"modified":"2022-10-20T08:36:31","modified_gmt":"2022-10-20T06:36:31","slug":"begonia-silver-jewel","status":"publish","type":"product","link":"https:\/\/staging.pepiniereezavin.com\/en\/product\/begonia-silver-jewel\/","title":{"rendered":"Begonia &lsquo;Silver Jewel&rsquo;"},"content":{"rendered":"<p><em>Begonia<\/em> &lsquo;Silver Jewel&rsquo;, issu du croisement de <em>B. pustulata<\/em> par <em>B. imperialis<\/em>, est un <strong>bijou d&rsquo;int\u00e9rieur<\/strong> : ses feuilles finement gaufr\u00e9es sont <strong>blanc argent\u00e9<\/strong> principalement, avec quelques <strong>taches vertes sur les marges<\/strong>. C&rsquo;est une petite plante (pas plus de 10 cm de haut), \u00e0 feuilles bien \u00e9tal\u00e9es, s&rsquo;\u00e9toffant rapidement par ses tiges lat\u00e9rales. Fleurs blanches.<br \/>\nNous le conservons en serre froide. Possible en int\u00e9rieur (avec atmosph\u00e8re humide), et convient aussi tr\u00e8s bien \u00e0 la culture en <strong>terrarium<\/strong>.<\/p>\n<p><span style=\"text-decoration: underline;\">Hauteur adulte<\/span> : 05\/10 cm. <span style=\"text-decoration: underline;\">Origine g\u00e9ographique <\/span>: horticole. <span style=\"text-decoration: underline;\">Persistance hiver<\/span> : Persistant. <span style=\"text-decoration: underline;\">Rusticit\u00e9 USDA<\/span> : Zone 10\/11.<\/p>","protected":false},"excerpt":{"rendered":"<p><em>Begonia<\/em>\u00a0&lsquo;Silver Jewel&rsquo;, issu du croisement de\u00a0<em>B. pustulata<\/em>\u00a0par\u00a0<em>B. imperialis<\/em>, est un\u00a0<strong>bijou d&rsquo;int\u00e9rieur<\/strong>\u00a0: ses feuilles finement gaufr\u00e9es sont\u00a0<strong>blanc argent\u00e9<\/strong>\u00a0principalement, avec quelques\u00a0<strong>taches vertes sur les marges<\/strong>. C&rsquo;est une petite plante (pas plus de 10 cm de haut), \u00e0 feuilles bien \u00e9tal\u00e9es, s&rsquo;\u00e9toffant rapidement par ses tiges lat\u00e9rales. Fleurs blanches.<br \/>\nNous le conservons en serre froide. Possible en int\u00e9rieur (avec atmosph\u00e8re humide), et convient aussi tr\u00e8s bien \u00e0 la culture en\u00a0<strong>terrarium<\/strong>.<\/p>\n<p><span style=\"text-decoration: underline;\">Hauteur adulte<\/span>\u00a0: 05\/10 cm.\u00a0<span style=\"text-decoration: underline;\">Origine g\u00e9ographique\u00a0<\/span>: horticole.\u00a0<span style=\"text-decoration: underline;\">Persistance hiver<\/span>\u00a0: Persistant.\u00a0<span style=\"text-decoration: underline;\">Rusticit\u00e9 USDA<\/span>\u00a0: Zone 10\/11.<\/p>","protected":false},"featured_media":31654,"template":"","meta":{"site-sidebar-layout":"default","site-content-layout":"default","ast-global-header-display":"","ast-main-header-display":"","ast-hfb-above-header-display":"","ast-hfb-below-header-display":"","ast-hfb-mobile-header-display":"","site-post-title":"","ast-breadcrumbs-content":"","ast-featured-img":"","footer-sml-layout":"","theme-transparent-header-meta":"default","adv-header-id-meta":"","stick-header-meta":"default","header-above-stick-meta":"","header-main-stick-meta":"","header-below-stick-meta":""},"product_cat":[536,547],"product_tag":[521,556],"class_list":["post-31629","product","type-product","status-publish","has-post-thumbnail","hentry","product_cat-begonias","product_cat-begonias-interieur","product_tag-begonias-hybrides-cultivars","product_tag-plantes-pour-interieur","pa_taille-du-pot-pot-12-14-cm-diametre","desktop-align-center","tablet-align-center","mobile-align-center","ast-product-gallery-layout-horizontal","ast-product-gallery-with-no-image","ast-product-single-variable","ast-product-tabs-layout-horizontal","ast-qv-on-image"],"_links":{"self":[{"href":"https:\/\/staging.pepiniereezavin.com\/en\/wp-json\/wp\/v2\/product\/31629","targetHints":{"allow":["GET"]}}],"collection":[{"href":"https:\/\/staging.pepiniereezavin.com\/en\/wp-json\/wp\/v2\/product"}],"about":[{"href":"https:\/\/staging.pepiniereezavin.com\/en\/wp-json\/wp\/v2\/types\/product"}],"wp:featuredmedia":[{"embeddable":true,"href":"https:\/\/staging.pepiniereezavin.com\/en\/wp-json\/wp\/v2\/media\/31654"}],"wp:attachment":[{"href":"https:\/\/staging.pepiniereezavin.com\/en\/wp-json\/wp\/v2\/media?parent=31629"}],"wp:term":[{"taxonomy":"product_cat","embeddable":true,"href":"https:\/\/staging.pepiniereezavin.com\/en\/wp-json\/wp\/v2\/product_cat?post=31629"},{"taxonomy":"product_tag","embeddable":true,"href":"https:\/\/staging.pepiniereezavin.com\/en\/wp-json\/wp\/v2\/product_tag?post=31629"}],"curies":[{"name":"wp","href":"https:\/\/api.w.org\/{rel}","templated":true}]}}