{"id":31634,"date":"2021-12-10T01:54:57","date_gmt":"2021-12-10T00:54:57","guid":{"rendered":"https:\/\/pepiniereezavin.fr\/?post_type=product&#038;p=31634"},"modified":"2022-08-22T08:01:51","modified_gmt":"2022-08-22T06:01:51","slug":"amorphophallus-rivieri","status":"publish","type":"product","link":"https:\/\/staging.pepiniereezavin.com\/en\/product\/amorphophallus-rivieri\/","title":{"rendered":"Amorphophallus rivieri"},"content":{"rendered":"<p><em>Amorphophallus\u00a0rivieri<\/em> (aka <em>Amorphophallus konjac<\/em>) est un cousin de l&rsquo;arum fran\u00e7ais, mais il a des proportions toutes diff\u00e9rentes : Une feuille unique appara\u00eet au printemps (juin), dress\u00e9e, d\u00e9coup\u00e9e. Elle ressemble \u00e0 un tronc qui porterait des branches et des feuilles (qui sont en fait des folioles, et les nervures principales seraient les branches). L&rsquo;inflorescence appara\u00eet lorsque le tubercule souterrain est assez gros, et ressemble \u00e0 un \u00e9norme arum rouge lie-de-vin.<br \/>\nCulture en sol riche. Bien respecter la p\u00e9riode de repos hivernal. Plante facile de culture, \u00e0 conserver hors gel. Une star \u00e0 mettre en valeur!!<br \/>\n<span style=\"text-decoration: underline;\">Hauteur adulte<\/span> : 40\/60 (80 \u00e0 100) cm. <span style=\"text-decoration: underline;\">Origine g\u00e9ographique<\/span>\u00a0: Asie.\u00a0<span style=\"text-decoration: underline;\">Persistance hiver<\/span>\u00a0: Caduque.\u00a0<span style=\"text-decoration: underline;\">Rusticit\u00e9 USDA<\/span> : Zone 8 (-12.2\u00b0C\/-6.7\u00b0C).<\/p>","protected":false},"excerpt":{"rendered":"<p><em>Amorphophallus\u00a0rivieri<\/em> (aka <em>Amorphophallus konjac<\/em>) est un cousin de l&rsquo;arum fran\u00e7ais, mais il a des proportions toutes diff\u00e9rentes : Une feuille unique appara\u00eet au printemps (juin), dress\u00e9e, d\u00e9coup\u00e9e. Elle ressemble \u00e0 un tronc qui porterait des branches et des feuilles (qui sont en fait des folioles, et les nervures principales seraient les branches). L&rsquo;inflorescence appara\u00eet lorsque le tubercule souterrain est assez gros, et ressemble \u00e0 un \u00e9norme arum rouge lie-de-vin.<br \/>\nCulture en sol riche. Bien respecter la p\u00e9riode de repos hivernal. Plante facile de culture, \u00e0 conserver hors gel. Une star \u00e0 mettre en valeur!!<br \/>\n<span style=\"text-decoration: underline;\">Hauteur adulte<\/span> : 40\/60 (80 \u00e0 100) cm. <span style=\"text-decoration: underline;\">Origine g\u00e9ographique<\/span>\u00a0: Asie.\u00a0<span style=\"text-decoration: underline;\">Persistance hiver<\/span>\u00a0: Caduque.\u00a0<span style=\"text-decoration: underline;\">Rusticit\u00e9 USDA<\/span> : Zone 8 (-12.2\u00b0C\/-6.7\u00b0C).<\/p>","protected":false},"featured_media":31658,"template":"","meta":{"site-sidebar-layout":"default","site-content-layout":"default","ast-global-header-display":"","ast-main-header-display":"","ast-hfb-above-header-display":"","ast-hfb-below-header-display":"","ast-hfb-mobile-header-display":"","site-post-title":"","ast-breadcrumbs-content":"","ast-featured-img":"","footer-sml-layout":"","theme-transparent-header-meta":"default","adv-header-id-meta":"","stick-header-meta":"default","header-above-stick-meta":"","header-main-stick-meta":"","header-below-stick-meta":""},"product_cat":[537,551,552],"product_tag":[529,556,558],"class_list":["post-31634","product","type-product","status-publish","has-post-thumbnail","hentry","product_cat-autres-plantes","product_cat-autres-plantes-d-interieur","product_cat-autres-plantes-pour-climat-doux","product_tag-plantes-origine-asiatique","product_tag-plantes-pour-interieur","product_tag-plantes-pour-climats-doux","pa_taille-du-pot-pot-10-12-cm-diametre","desktop-align-center","tablet-align-center","mobile-align-center","ast-product-gallery-layout-horizontal","ast-product-gallery-with-no-image","ast-product-single-variable","ast-product-tabs-layout-horizontal","ast-qv-on-image"],"_links":{"self":[{"href":"https:\/\/staging.pepiniereezavin.com\/en\/wp-json\/wp\/v2\/product\/31634","targetHints":{"allow":["GET"]}}],"collection":[{"href":"https:\/\/staging.pepiniereezavin.com\/en\/wp-json\/wp\/v2\/product"}],"about":[{"href":"https:\/\/staging.pepiniereezavin.com\/en\/wp-json\/wp\/v2\/types\/product"}],"wp:featuredmedia":[{"embeddable":true,"href":"https:\/\/staging.pepiniereezavin.com\/en\/wp-json\/wp\/v2\/media\/31658"}],"wp:attachment":[{"href":"https:\/\/staging.pepiniereezavin.com\/en\/wp-json\/wp\/v2\/media?parent=31634"}],"wp:term":[{"taxonomy":"product_cat","embeddable":true,"href":"https:\/\/staging.pepiniereezavin.com\/en\/wp-json\/wp\/v2\/product_cat?post=31634"},{"taxonomy":"product_tag","embeddable":true,"href":"https:\/\/staging.pepiniereezavin.com\/en\/wp-json\/wp\/v2\/product_tag?post=31634"}],"curies":[{"name":"wp","href":"https:\/\/api.w.org\/{rel}","templated":true}]}}