{"id":31635,"date":"2021-12-10T01:54:57","date_gmt":"2021-12-10T00:54:57","guid":{"rendered":"https:\/\/pepiniereezavin.fr\/?post_type=product&#038;p=31635"},"modified":"2022-09-28T11:47:20","modified_gmt":"2022-09-28T09:47:20","slug":"deparia-tomitaroana","status":"publish","type":"product","link":"https:\/\/staging.pepiniereezavin.com\/en\/product\/deparia-tomitaroana\/","title":{"rendered":"Deparia tomitaroana"},"content":{"rendered":"<p><em>Deparia tomitaroana<\/em> est une foug\u00e8re de sous-bois \u00e0 rhizome rampant et ramifi\u00e9. Ses frondes sont d\u00e9coup\u00e9es seulement sur les marges. Les <strong>lobes arrondis<\/strong> et le <strong>vert vif du feuillage<\/strong> en font une plante remarquable. Pour mur v\u00e9g\u00e9tal d&rsquo;int\u00e9rieur, ou v\u00e9randa.<br \/>\nCulture facile en environnement chaud humide. Cultiv\u00e9e ici en serre froide hors gel, avec passage en repos hivernal. D\u00e9marrage en mai.<\/p>\n<p><span style=\"text-decoration: underline;\">Hauteur adulte\u00a0<\/span>: 20\/40 cm.\u00a0<span style=\"text-decoration: underline;\">Origine g\u00e9ographique\u00a0<\/span>: Chine, Taiwan, Japon.\u00a0<span style=\"text-decoration: underline;\">Persistance hiver\u00a0<\/span>: Semi-persistant en serre froide, persistant en serre\/v\u00e9randa chaude.\u00a0<span style=\"text-decoration: underline;\">Rusticit\u00e9 USDA\u00a0<\/span>:\u00a0Zone 10 (-1.1\u00b0C\/+4.4\u00b0C).<\/p>","protected":false},"excerpt":{"rendered":"<p><em>Deparia tomitaroana<\/em>\u00a0est une foug\u00e8re de sous-bois \u00e0 rhizome rampant et ramifi\u00e9. Ses frondes sont d\u00e9coup\u00e9es seulement sur les marges. Les\u00a0<strong>lobes arrondis<\/strong>\u00a0et le\u00a0<strong>vert vif du feuillage<\/strong>\u00a0en font une plante remarquable. Pour mur v\u00e9g\u00e9tal d&rsquo;int\u00e9rieur, ou v\u00e9randa.<br \/>\nCulture facile en environnement chaud humide. Cultiv\u00e9e ici en serre froide hors gel, avec passage en repos hivernal. D\u00e9marrage en mai.<\/p>\n<p><span style=\"text-decoration: underline;\">Hauteur adulte\u00a0<\/span>: 20\/40 cm.\u00a0<span style=\"text-decoration: underline;\">Origine g\u00e9ographique\u00a0<\/span>:\u00a0Chine, Taiwan, Japon.\u00a0<span style=\"text-decoration: underline;\">Persistance hiver\u00a0<\/span>: Semi-persistant en serre froide, persistant en serre\/v\u00e9randa chaude.\u00a0<span style=\"text-decoration: underline;\">Rusticit\u00e9 USDA\u00a0<\/span>:\u00a0Zone 10 (-1.1\u00b0C\/+4.4\u00b0C).<\/p>","protected":false},"featured_media":31659,"template":"","meta":{"site-sidebar-layout":"default","site-content-layout":"default","ast-global-header-display":"","ast-main-header-display":"","ast-hfb-above-header-display":"","ast-hfb-below-header-display":"","ast-hfb-mobile-header-display":"","site-post-title":"","ast-breadcrumbs-content":"","ast-featured-img":"","footer-sml-layout":"","theme-transparent-header-meta":"default","adv-header-id-meta":"","stick-header-meta":"default","header-above-stick-meta":"","header-main-stick-meta":"","header-below-stick-meta":""},"product_cat":[544,535,543],"product_tag":[529,556,533,557],"class_list":["post-31635","product","type-product","status-publish","has-post-thumbnail","hentry","product_cat-fougeres-terrarium","product_cat-fougeres","product_cat-fougeres-interieur","product_tag-plantes-origine-asiatique","product_tag-plantes-pour-interieur","product_tag-plantes-pour-mur-vegetaux","product_tag-plantes-pour-terrarium","pa_taille-du-pot-pot-10-12-cm-diametre","desktop-align-center","tablet-align-center","mobile-align-center","ast-product-gallery-layout-horizontal","ast-product-single-variable","ast-product-tabs-layout-horizontal","ast-qv-on-image"],"_links":{"self":[{"href":"https:\/\/staging.pepiniereezavin.com\/en\/wp-json\/wp\/v2\/product\/31635","targetHints":{"allow":["GET"]}}],"collection":[{"href":"https:\/\/staging.pepiniereezavin.com\/en\/wp-json\/wp\/v2\/product"}],"about":[{"href":"https:\/\/staging.pepiniereezavin.com\/en\/wp-json\/wp\/v2\/types\/product"}],"wp:featuredmedia":[{"embeddable":true,"href":"https:\/\/staging.pepiniereezavin.com\/en\/wp-json\/wp\/v2\/media\/31659"}],"wp:attachment":[{"href":"https:\/\/staging.pepiniereezavin.com\/en\/wp-json\/wp\/v2\/media?parent=31635"}],"wp:term":[{"taxonomy":"product_cat","embeddable":true,"href":"https:\/\/staging.pepiniereezavin.com\/en\/wp-json\/wp\/v2\/product_cat?post=31635"},{"taxonomy":"product_tag","embeddable":true,"href":"https:\/\/staging.pepiniereezavin.com\/en\/wp-json\/wp\/v2\/product_tag?post=31635"}],"curies":[{"name":"wp","href":"https:\/\/api.w.org\/{rel}","templated":true}]}}