{"id":31638,"date":"2021-12-10T01:54:58","date_gmt":"2021-12-10T00:54:58","guid":{"rendered":"https:\/\/pepiniereezavin.fr\/?post_type=product&#038;p=31638"},"modified":"2022-06-02T03:01:44","modified_gmt":"2022-06-02T01:01:44","slug":"begonia-melanobullata","status":"publish","type":"product","link":"https:\/\/staging.pepiniereezavin.com\/en\/product\/begonia-melanobullata\/","title":{"rendered":"Begonia melanobullata"},"content":{"rendered":"<p><em>Begonia melanobullata<\/em> (= +\/- <em>Begonia ferox<\/em>) a des <strong>feuilles extraordinaires<\/strong> : la surface est gaufr\u00e9e et couverte de <strong>pointes<\/strong>, se terminant chacune par un <strong>poil dress\u00e9<\/strong>. Ajoutez \u00e0 cela que chaque pointe est <strong>rouge fonc\u00e9<\/strong>, sur fond <strong>vert \u00e9meraude<\/strong>!<br \/>\nCette esp\u00e8ce originaire du sud-ouest de la Chine et du Vietnam forme une touffe acaule de feuilles dress\u00e9es. Tropical \u00e0 l&rsquo;origine, il appr\u00e9ciera un environnement chaud humide ou un terrarium.<br \/>\n<span style=\"text-decoration: underline;\">Hauteur adulte\u00a0<\/span>: 10\/20 (40) cm.\u00a0<span style=\"text-decoration: underline;\">Origine g\u00e9ographique\u00a0<\/span>: Chine, Vietnam. <span style=\"text-decoration: underline;\">Persistance hiver\u00a0<\/span>: Persistant, garder &gt;15\u00b0C.\u00a0Rusticit\u00e9 USDA\u00a0: Zone 11 (+4.4\u00b0C\/+10\u00b0C).<\/p>","protected":false},"excerpt":{"rendered":"<p><em>Begonia melanobullata<\/em> (= +\/- <em>Begonia ferox<\/em>) a des <strong>feuilles extraordinaires<\/strong> : la surface est gaufr\u00e9e et couverte de <strong>pointes<\/strong>, se terminant chacune par un <strong>poil dress\u00e9<\/strong>. Ajoutez \u00e0 cela que chaque pointe est <strong>rouge fonc\u00e9<\/strong>, sur fond <strong>vert \u00e9meraude<\/strong>!<br \/>\nCette esp\u00e8ce originaire du sud-ouest de la Chine et du Vietnam forme une touffe acaule de feuilles dress\u00e9es. Tropical \u00e0 l&rsquo;origine, il appr\u00e9ciera un environnement chaud humide ou un terrarium.<br \/>\n<span style=\"text-decoration: underline;\">Hauteur adulte\u00a0<\/span>: 10\/20 (40) cm.\u00a0<span style=\"text-decoration: underline;\">Origine g\u00e9ographique\u00a0<\/span>: Chine, Vietnam. <span style=\"text-decoration: underline;\">Persistance hiver\u00a0<\/span>: Persistant, garder &gt;15\u00b0C.\u00a0Rusticit\u00e9 USDA\u00a0: Zone 11 (+4.4\u00b0C\/+10\u00b0C).<\/p>","protected":false},"featured_media":31664,"template":"","meta":{"site-sidebar-layout":"default","site-content-layout":"default","ast-global-header-display":"","ast-main-header-display":"","ast-hfb-above-header-display":"","ast-hfb-below-header-display":"","ast-hfb-mobile-header-display":"","site-post-title":"","ast-breadcrumbs-content":"","ast-featured-img":"","footer-sml-layout":"","theme-transparent-header-meta":"default","adv-header-id-meta":"","stick-header-meta":"default","header-above-stick-meta":"","header-main-stick-meta":"","header-below-stick-meta":""},"product_cat":[536,547,548],"product_tag":[529,556,533,557],"class_list":["post-31638","product","type-product","status-publish","has-post-thumbnail","hentry","product_cat-begonias","product_cat-begonias-interieur","product_cat-begonias-terrarium","product_tag-plantes-origine-asiatique","product_tag-plantes-pour-interieur","product_tag-plantes-pour-mur-vegetaux","product_tag-plantes-pour-terrarium","pa_taille-du-pot-pot-12-14-cm-diametre","desktop-align-center","tablet-align-center","mobile-align-center","ast-product-gallery-layout-horizontal","ast-product-single-variable","ast-product-tabs-layout-horizontal","ast-qv-on-image"],"_links":{"self":[{"href":"https:\/\/staging.pepiniereezavin.com\/en\/wp-json\/wp\/v2\/product\/31638","targetHints":{"allow":["GET"]}}],"collection":[{"href":"https:\/\/staging.pepiniereezavin.com\/en\/wp-json\/wp\/v2\/product"}],"about":[{"href":"https:\/\/staging.pepiniereezavin.com\/en\/wp-json\/wp\/v2\/types\/product"}],"wp:featuredmedia":[{"embeddable":true,"href":"https:\/\/staging.pepiniereezavin.com\/en\/wp-json\/wp\/v2\/media\/31664"}],"wp:attachment":[{"href":"https:\/\/staging.pepiniereezavin.com\/en\/wp-json\/wp\/v2\/media?parent=31638"}],"wp:term":[{"taxonomy":"product_cat","embeddable":true,"href":"https:\/\/staging.pepiniereezavin.com\/en\/wp-json\/wp\/v2\/product_cat?post=31638"},{"taxonomy":"product_tag","embeddable":true,"href":"https:\/\/staging.pepiniereezavin.com\/en\/wp-json\/wp\/v2\/product_tag?post=31638"}],"curies":[{"name":"wp","href":"https:\/\/api.w.org\/{rel}","templated":true}]}}