{"id":31670,"date":"2021-12-10T11:43:39","date_gmt":"2021-12-10T10:43:39","guid":{"rendered":"https:\/\/pepiniereezavin.fr\/?post_type=product&#038;p=31670"},"modified":"2022-10-10T11:33:49","modified_gmt":"2022-10-10T09:33:49","slug":"begonia-listada","status":"publish","type":"product","link":"https:\/\/staging.pepiniereezavin.com\/en\/product\/begonia-listada\/","title":{"rendered":"Begonia listada"},"content":{"rendered":"<p>Begonia listada est un bijou venant d&rsquo;Am\u00e9rique du Sud. Ses <strong>feuilles velout\u00e9es<\/strong>\u00a0vert \u00e9meraude portent une zone <strong>vert clair<\/strong> autour des nervures principales. Les fleurs blanches apparaissent plut\u00f4t en \u00e9t\u00e9.<\/p>\n<p>De culture relativement facile, il appr\u00e9ciera une ambiance chaude humide, et sera heureux en <strong>terrarium<\/strong>.<\/p>\n<p><span style=\"text-decoration: underline;\">Hauteur adulte\u00a0<\/span>: 20\/40 cm.\u00a0<span style=\"text-decoration: underline;\">Origine g\u00e9ographique\u00a0<\/span>: Am\u00e9rique du Sud.\u00a0<span style=\"text-decoration: underline;\">Persistance hiver\u00a0<\/span>: Persistant.\u00a0<span style=\"text-decoration: underline;\">Rusticit\u00e9 USDA\u00a0<\/span>:\u00a0Zone 11 (+4.4\u00b0C\/+10\u00b0C).<\/p>","protected":false},"excerpt":{"rendered":"<p>Begonia listada est un bijou venant d&rsquo;Am\u00e9rique du Sud. Ses\u00a0<strong>feuilles velout\u00e9es<\/strong>\u00a0vert \u00e9meraude portent une zone\u00a0<strong>vert clair<\/strong>\u00a0autour des nervures principales. Les fleurs blanches apparaissent plut\u00f4t en \u00e9t\u00e9.<\/p>\n<p>De culture relativement facile, il appr\u00e9ciera une ambiance chaude humide, et sera heureux en\u00a0<strong>terrarium<\/strong>.<\/p>\n<p><span style=\"text-decoration: underline;\">Hauteur adulte\u00a0<\/span>: 20\/40 cm.\u00a0<span style=\"text-decoration: underline;\">Origine g\u00e9ographique\u00a0<\/span>:\u00a0Am\u00e9rique du Sud.\u00a0<span style=\"text-decoration: underline;\">Persistance hiver\u00a0<\/span>: Persistant.\u00a0<span style=\"text-decoration: underline;\">Rusticit\u00e9 USDA\u00a0<\/span>:\u00a0Zone 11 (+4.4\u00b0C\/+10\u00b0C).<\/p>","protected":false},"featured_media":31699,"template":"","meta":{"site-sidebar-layout":"default","site-content-layout":"default","ast-global-header-display":"","ast-main-header-display":"","ast-hfb-above-header-display":"","ast-hfb-below-header-display":"","ast-hfb-mobile-header-display":"","site-post-title":"","ast-breadcrumbs-content":"","ast-featured-img":"","footer-sml-layout":"","theme-transparent-header-meta":"default","adv-header-id-meta":"","stick-header-meta":"default","header-above-stick-meta":"","header-main-stick-meta":"","header-below-stick-meta":""},"product_cat":[536,547],"product_tag":[520,528,556],"class_list":["post-31670","product","type-product","status-publish","has-post-thumbnail","hentry","product_cat-begonias","product_cat-begonias-interieur","product_tag-begonias-botaniques","product_tag-plantes-origine-americaine","product_tag-plantes-pour-interieur","pa_taille-du-pot-pot-12-14-cm-diametre","desktop-align-center","tablet-align-center","mobile-align-center","ast-product-gallery-layout-horizontal","ast-product-single-variable","ast-product-tabs-layout-horizontal","ast-qv-on-image"],"_links":{"self":[{"href":"https:\/\/staging.pepiniereezavin.com\/en\/wp-json\/wp\/v2\/product\/31670","targetHints":{"allow":["GET"]}}],"collection":[{"href":"https:\/\/staging.pepiniereezavin.com\/en\/wp-json\/wp\/v2\/product"}],"about":[{"href":"https:\/\/staging.pepiniereezavin.com\/en\/wp-json\/wp\/v2\/types\/product"}],"wp:featuredmedia":[{"embeddable":true,"href":"https:\/\/staging.pepiniereezavin.com\/en\/wp-json\/wp\/v2\/media\/31699"}],"wp:attachment":[{"href":"https:\/\/staging.pepiniereezavin.com\/en\/wp-json\/wp\/v2\/media?parent=31670"}],"wp:term":[{"taxonomy":"product_cat","embeddable":true,"href":"https:\/\/staging.pepiniereezavin.com\/en\/wp-json\/wp\/v2\/product_cat?post=31670"},{"taxonomy":"product_tag","embeddable":true,"href":"https:\/\/staging.pepiniereezavin.com\/en\/wp-json\/wp\/v2\/product_tag?post=31670"}],"curies":[{"name":"wp","href":"https:\/\/api.w.org\/{rel}","templated":true}]}}