{"id":31680,"date":"2021-12-10T11:43:40","date_gmt":"2021-12-10T10:43:40","guid":{"rendered":"https:\/\/pepiniereezavin.fr\/?post_type=product&#038;p=31680"},"modified":"2022-10-29T10:07:31","modified_gmt":"2022-10-29T08:07:31","slug":"peperomia-incana","status":"publish","type":"product","link":"https:\/\/staging.pepiniereezavin.com\/en\/product\/peperomia-incana\/","title":{"rendered":"Peperomia incana"},"content":{"rendered":"<p><em>Peperomia incana<\/em> est un cousin br\u00e9silien du poivrier. Il pousse dans des<strong> endroits secs et ensoleill\u00e9s.<\/strong> Ses <strong>feuilles velout\u00e9es<\/strong> blanches sont rondes, <strong>\u00e9paisses<\/strong> comme des plantes grasses, de toute beaut\u00e9. De bons arrosages, mais rares, et une situation tr\u00e8s lumineuse sont ses pr\u00e9f\u00e9rences. Une plante facile \u00e0 vivre, tr\u00e8s graphique, en int\u00e9rieur, en v\u00e9randa, ou dehors en zone hors gel.<br \/>\n<span style=\"text-decoration: underline;\">Hauteur adulte<\/span> : 40\/60 cm. <span style=\"text-decoration: underline;\">Origine g\u00e9ographique<\/span> : Br\u00e9sil. <span style=\"text-decoration: underline;\">Persistance hiver<\/span> : Persistant. <span style=\"text-decoration: underline;\">Rusticit\u00e9 USDA<\/span> : Zone 11 (+4.4\u00b0C\/+10\u00b0C).<\/p>","protected":false},"excerpt":{"rendered":"<p><em>Peperomia incana<\/em>\u00a0est un cousin br\u00e9silien du poivrier. Il\u00a0pousse dans des<strong>\u00a0endroits secs et ensoleill\u00e9s.<\/strong>\u00a0Ses\u00a0<strong>feuilles velout\u00e9es<\/strong>\u00a0blanches sont rondes,\u00a0<strong>\u00e9paisses<\/strong>\u00a0comme des plantes grasses, de toute beaut\u00e9. De bons arrosages, mais rares, et une situation tr\u00e8s lumineuse sont ses pr\u00e9f\u00e9rences. Une plante facile \u00e0 vivre, tr\u00e8s graphique, en int\u00e9rieur, en v\u00e9randa, ou dehors en zone hors gel.<br \/>\n<span style=\"text-decoration: underline;\">Hauteur adulte<\/span>\u00a0: 40\/60 cm.\u00a0<span style=\"text-decoration: underline;\">Origine g\u00e9ographique<\/span>\u00a0: Br\u00e9sil.\u00a0<span style=\"text-decoration: underline;\">Persistance hiver<\/span>\u00a0: Persistant.\u00a0<span style=\"text-decoration: underline;\">Rusticit\u00e9 USDA<\/span>\u00a0: Zone 11 (+4.4\u00b0C\/+10\u00b0C).<\/p>","protected":false},"featured_media":31720,"template":"","meta":{"site-sidebar-layout":"default","site-content-layout":"default","ast-global-header-display":"","ast-main-header-display":"","ast-hfb-above-header-display":"","ast-hfb-below-header-display":"","ast-hfb-mobile-header-display":"","site-post-title":"","ast-breadcrumbs-content":"","ast-featured-img":"","footer-sml-layout":"","theme-transparent-header-meta":"default","adv-header-id-meta":"","stick-header-meta":"default","header-above-stick-meta":"","header-main-stick-meta":"","header-below-stick-meta":""},"product_cat":[537,551,552],"product_tag":[525,528,556,558,534],"class_list":["post-31680","product","type-product","status-publish","has-post-thumbnail","hentry","product_cat-autres-plantes","product_cat-autres-plantes-d-interieur","product_cat-autres-plantes-pour-climat-doux","product_tag-plantes-a-feuillage-coriace","product_tag-plantes-origine-americaine","product_tag-plantes-pour-interieur","product_tag-plantes-pour-climats-doux","product_tag-plantes-pour-ombre-seche","pa_taille-du-pot-pot-10-12-cm-diametre","desktop-align-center","tablet-align-center","mobile-align-center","ast-product-gallery-layout-horizontal","ast-product-single-variable","ast-product-tabs-layout-horizontal","ast-qv-on-image"],"_links":{"self":[{"href":"https:\/\/staging.pepiniereezavin.com\/en\/wp-json\/wp\/v2\/product\/31680","targetHints":{"allow":["GET"]}}],"collection":[{"href":"https:\/\/staging.pepiniereezavin.com\/en\/wp-json\/wp\/v2\/product"}],"about":[{"href":"https:\/\/staging.pepiniereezavin.com\/en\/wp-json\/wp\/v2\/types\/product"}],"wp:featuredmedia":[{"embeddable":true,"href":"https:\/\/staging.pepiniereezavin.com\/en\/wp-json\/wp\/v2\/media\/31720"}],"wp:attachment":[{"href":"https:\/\/staging.pepiniereezavin.com\/en\/wp-json\/wp\/v2\/media?parent=31680"}],"wp:term":[{"taxonomy":"product_cat","embeddable":true,"href":"https:\/\/staging.pepiniereezavin.com\/en\/wp-json\/wp\/v2\/product_cat?post=31680"},{"taxonomy":"product_tag","embeddable":true,"href":"https:\/\/staging.pepiniereezavin.com\/en\/wp-json\/wp\/v2\/product_tag?post=31680"}],"curies":[{"name":"wp","href":"https:\/\/api.w.org\/{rel}","templated":true}]}}