{"id":31683,"date":"2021-12-10T11:43:40","date_gmt":"2021-12-10T10:43:40","guid":{"rendered":"https:\/\/pepiniereezavin.fr\/?post_type=product&#038;p=31683"},"modified":"2022-04-23T21:13:36","modified_gmt":"2022-04-23T19:13:36","slug":"polypodium-x-mantoniae-bifido-grandiceps","status":"publish","type":"product","link":"https:\/\/staging.pepiniereezavin.com\/en\/product\/polypodium-x-mantoniae-bifido-grandiceps\/","title":{"rendered":"Polypodium x mantoniae &lsquo;Bifido-grandiceps&rsquo;"},"content":{"rendered":"<p>Cette forme de Polypode est caract\u00e9ris\u00e9e par ses <strong>frondes redivis\u00e9es<\/strong> \u00e0 leur extr\u00e9mit\u00e9. Ces divisions restent <strong>dans un plan<\/strong>, et sont bien plus larges que le reste de la fronde qu&rsquo;elles terminent.\u00a0Les frondes s&rsquo;archent \u00e9l\u00e9gamment et la plante est d&rsquo;une vigueur remarquable, propre \u00e0 son origine hybride de <em>P. vulgare<\/em> et <em>P. interjectum<\/em>.<br \/>\n<span style=\"text-decoration: underline;\">Hauteur adulte<\/span> : 40\/60 cm . <span style=\"text-decoration: underline;\">Origine g\u00e9ographique<\/span> : Europe. <span style=\"text-decoration: underline;\">Persistance hiver<\/span> : Persistant. <span style=\"text-decoration: underline;\">Rusticit\u00e9 USDA<\/span> : Zone 7 (-17.8\u00b0C\/-12.2\u00b0C).<\/p>","protected":false},"excerpt":{"rendered":"<p>Cette forme de Polypode est caract\u00e9ris\u00e9e par ses\u00a0<strong>frondes redivis\u00e9es<\/strong>\u00a0\u00e0 leur extr\u00e9mit\u00e9. Ces divisions restent\u00a0<strong>dans un plan<\/strong>, et sont bien plus larges que le reste de la fronde qu&rsquo;elles terminent.\u00a0Les frondes\u00a0s&rsquo;archent \u00e9l\u00e9gamment et la plante est d&rsquo;une vigueur remarquable, propre \u00e0 son origine hybride de\u00a0<em>P. vulgare<\/em>\u00a0et\u00a0<em>P. interjectum<\/em>.<br \/>\n<span style=\"text-decoration: underline;\">Hauteur adulte<\/span>\u00a0: 40\/60 cm .\u00a0<span style=\"text-decoration: underline;\">Origine g\u00e9ographique<\/span>\u00a0:\u00a0Europe.\u00a0<span style=\"text-decoration: underline;\">Persistance hiver<\/span>\u00a0: Persistant.\u00a0<span style=\"text-decoration: underline;\">Rusticit\u00e9 USDA<\/span>\u00a0: Zone 7 (-17.8\u00b0C\/-12.2\u00b0C).<\/p>","protected":false},"featured_media":31723,"template":"","meta":{"site-sidebar-layout":"default","site-content-layout":"default","ast-global-header-display":"","ast-main-header-display":"","ast-hfb-above-header-display":"","ast-hfb-below-header-display":"","ast-hfb-mobile-header-display":"","site-post-title":"","ast-breadcrumbs-content":"","ast-featured-img":"","footer-sml-layout":"","theme-transparent-header-meta":"default","adv-header-id-meta":"","stick-header-meta":"default","header-above-stick-meta":"","header-main-stick-meta":"","header-below-stick-meta":""},"product_cat":[535,545],"product_tag":[530,558,533,534],"class_list":["post-31683","product","type-product","status-publish","has-post-thumbnail","hentry","product_cat-fougeres","product_cat-fougeres-climat-doux","product_tag-plantes-origine-europeenne","product_tag-plantes-pour-climats-doux","product_tag-plantes-pour-mur-vegetaux","product_tag-plantes-pour-ombre-seche","pa_taille-du-pot-pot-12-14-cm-diametre","desktop-align-center","tablet-align-center","mobile-align-center","ast-product-gallery-layout-horizontal","ast-product-single-variable","ast-product-tabs-layout-horizontal","ast-qv-on-image"],"_links":{"self":[{"href":"https:\/\/staging.pepiniereezavin.com\/en\/wp-json\/wp\/v2\/product\/31683","targetHints":{"allow":["GET"]}}],"collection":[{"href":"https:\/\/staging.pepiniereezavin.com\/en\/wp-json\/wp\/v2\/product"}],"about":[{"href":"https:\/\/staging.pepiniereezavin.com\/en\/wp-json\/wp\/v2\/types\/product"}],"wp:featuredmedia":[{"embeddable":true,"href":"https:\/\/staging.pepiniereezavin.com\/en\/wp-json\/wp\/v2\/media\/31723"}],"wp:attachment":[{"href":"https:\/\/staging.pepiniereezavin.com\/en\/wp-json\/wp\/v2\/media?parent=31683"}],"wp:term":[{"taxonomy":"product_cat","embeddable":true,"href":"https:\/\/staging.pepiniereezavin.com\/en\/wp-json\/wp\/v2\/product_cat?post=31683"},{"taxonomy":"product_tag","embeddable":true,"href":"https:\/\/staging.pepiniereezavin.com\/en\/wp-json\/wp\/v2\/product_tag?post=31683"}],"curies":[{"name":"wp","href":"https:\/\/api.w.org\/{rel}","templated":true}]}}