{"id":31685,"date":"2021-12-10T11:43:40","date_gmt":"2021-12-10T10:43:40","guid":{"rendered":"https:\/\/pepiniereezavin.fr\/?post_type=product&#038;p=31685"},"modified":"2022-11-09T12:52:41","modified_gmt":"2022-11-09T11:52:41","slug":"begonia-comte-de-miribel","status":"publish","type":"product","link":"https:\/\/staging.pepiniereezavin.com\/en\/product\/begonia-comte-de-miribel\/","title":{"rendered":"Begonia &lsquo;Comte de Miribel&rsquo;"},"content":{"rendered":"<p>B\u00e9gonia &lsquo;Comte de Miribel&rsquo; est un b\u00e9gonia\u00a0<strong>bambusiforme<\/strong>\u00a0de taille moyenne (60\/80). Il\u00a0arbore des grappes retombantes de\u00a0<strong>fleurs\u00a0roses<\/strong>\u00a0en \u00e9t\u00e9. Les feuilles effil\u00e9es font environ 10\/15 cm de long, mouchet\u00e9es de\u00a0macules\u00a0blanches. Son port pleureur convient tr\u00e8s bien sur un mur de plantes. S&rsquo;il est cultiv\u00e9 en pot, tuteurer quand jeune. Ce Begonia\u00a0<strong>tr\u00e8s vigoureux\u00a0<\/strong>est une valeur s\u00fbre! C&rsquo;est celui qui est utilis\u00e9 pour le fameux b\u00e9gonia &lsquo;Tamaya&rsquo;.<\/p>\n<p><span style=\"text-decoration: underline;\">Hauteur adulte<\/span>\u00a0: 60\/80 cm.\u00a0<span style=\"text-decoration: underline;\">Origine g\u00e9ographique<\/span>\u00a0: origine horticole.\u00a0<span style=\"text-decoration: underline;\">Persistance hiver<\/span>\u00a0: Persistant .\u00a0<span style=\"text-decoration: underline;\">Rusticit\u00e9 USDA<\/span>\u00a0: Zone 9.<\/p>","protected":false},"excerpt":{"rendered":"<p>B\u00e9gonia &lsquo;Comte de Miribel&rsquo; est un b\u00e9gonia\u00a0<strong>bambusiforme<\/strong>\u00a0de taille moyenne (60\/80). Il\u00a0arbore des grappes retombantes de\u00a0<strong>fleurs\u00a0roses<\/strong>\u00a0en \u00e9t\u00e9. Les feuilles effil\u00e9es font environ 10\/15 cm de long, mouchet\u00e9es de\u00a0macules\u00a0blanches. Son port pleureur convient tr\u00e8s bien sur un mur de plantes. S&rsquo;il est cultiv\u00e9 en pot, tuteurer quand jeune. Ce Begonia\u00a0<strong>tr\u00e8s vigoureux\u00a0<\/strong>est une valeur s\u00fbre! C&rsquo;est celui qui est utilis\u00e9 pour le fameux b\u00e9gonia &lsquo;Tamaya&rsquo;.<\/p>\n<p><span style=\"text-decoration: underline;\">Hauteur adulte<\/span>\u00a0: 60\/80 cm.\u00a0<span style=\"text-decoration: underline;\">Origine g\u00e9ographique<\/span>\u00a0: origine horticole.\u00a0<span style=\"text-decoration: underline;\">Persistance hiver<\/span>\u00a0: Persistant .\u00a0<span style=\"text-decoration: underline;\">Rusticit\u00e9 USDA<\/span>\u00a0: Zone 9.<\/p>","protected":false},"featured_media":31726,"template":"","meta":{"site-sidebar-layout":"default","site-content-layout":"default","ast-global-header-display":"","ast-main-header-display":"","ast-hfb-above-header-display":"","ast-hfb-below-header-display":"","ast-hfb-mobile-header-display":"","site-post-title":"","ast-breadcrumbs-content":"","ast-featured-img":"","footer-sml-layout":"","theme-transparent-header-meta":"default","adv-header-id-meta":"","stick-header-meta":"default","header-above-stick-meta":"","header-main-stick-meta":"","header-below-stick-meta":""},"product_cat":[536,547],"product_tag":[521,556],"class_list":["post-31685","product","type-product","status-publish","has-post-thumbnail","hentry","product_cat-begonias","product_cat-begonias-interieur","product_tag-begonias-hybrides-cultivars","product_tag-plantes-pour-interieur","pa_taille-du-pot-pot-12-14-cm-diametre","desktop-align-center","tablet-align-center","mobile-align-center","ast-product-gallery-layout-horizontal","ast-product-single-variable","ast-product-tabs-layout-horizontal","ast-qv-on-image"],"_links":{"self":[{"href":"https:\/\/staging.pepiniereezavin.com\/en\/wp-json\/wp\/v2\/product\/31685","targetHints":{"allow":["GET"]}}],"collection":[{"href":"https:\/\/staging.pepiniereezavin.com\/en\/wp-json\/wp\/v2\/product"}],"about":[{"href":"https:\/\/staging.pepiniereezavin.com\/en\/wp-json\/wp\/v2\/types\/product"}],"wp:featuredmedia":[{"embeddable":true,"href":"https:\/\/staging.pepiniereezavin.com\/en\/wp-json\/wp\/v2\/media\/31726"}],"wp:attachment":[{"href":"https:\/\/staging.pepiniereezavin.com\/en\/wp-json\/wp\/v2\/media?parent=31685"}],"wp:term":[{"taxonomy":"product_cat","embeddable":true,"href":"https:\/\/staging.pepiniereezavin.com\/en\/wp-json\/wp\/v2\/product_cat?post=31685"},{"taxonomy":"product_tag","embeddable":true,"href":"https:\/\/staging.pepiniereezavin.com\/en\/wp-json\/wp\/v2\/product_tag?post=31685"}],"curies":[{"name":"wp","href":"https:\/\/api.w.org\/{rel}","templated":true}]}}