{"id":31687,"date":"2021-12-10T11:43:41","date_gmt":"2021-12-10T10:43:41","guid":{"rendered":"https:\/\/pepiniereezavin.fr\/?post_type=product&#038;p=31687"},"modified":"2022-12-07T19:11:13","modified_gmt":"2022-12-07T18:11:13","slug":"begonia-gryphon","status":"publish","type":"product","link":"https:\/\/staging.pepiniereezavin.com\/en\/product\/begonia-gryphon\/","title":{"rendered":"Begonia &lsquo;Gryphon&rsquo;"},"content":{"rendered":"<p><em>Begonia &lsquo;<\/em>Gryphon<em>&lsquo;<\/em> est un cultivar tr\u00e8s attirant par son <strong>grand feuillage palm\u00e9<\/strong>, marbr\u00e9 de <strong>macules argent\u00e9es<\/strong>. Il forme une touffe dress\u00e9e, avec les tiges rouge fonc\u00e9. Ses grandes feuilles lui donnent une <strong>allure tropicale<\/strong> imm\u00e9diatement! A cultiver en int\u00e9rieur, ou ext\u00e9rieur pendant la belle saison, et rentrer l&rsquo;hiver.<br \/>\n<span style=\"text-decoration: underline;\">Hauteur adulte<\/span> : 60\/80 cm. <span style=\"text-decoration: underline;\">Origine g\u00e9ographique<\/span> : horticole. <span style=\"text-decoration: underline;\">Persistance hiver<\/span> : Persistant (Garder \u00e0 +5\u00b0C mini). <span style=\"text-decoration: underline;\">Rusticit\u00e9 USDA<\/span> : Zone 11 (+4.4\u00b0C\/+10\u00b0C).<\/p>","protected":false},"excerpt":{"rendered":"<p><em>Begonia &lsquo;<\/em>Gryphon<em>&lsquo;<\/em> est un cultivar tr\u00e8s attirant par son <strong>grand feuillage palm\u00e9<\/strong>, marbr\u00e9 de <strong>macules argent\u00e9es<\/strong>. Il forme une touffe dress\u00e9e, avec les tiges rouge fonc\u00e9. Ses grandes feuilles lui donnent une <strong>allure tropicale<\/strong> imm\u00e9diatement! A cultiver en int\u00e9rieur, ou ext\u00e9rieur pendant la belle saison, et rentrer l&rsquo;hiver.<br \/>\n<span style=\"text-decoration: underline;\">Hauteur adulte<\/span> : 60\/80 cm. <span style=\"text-decoration: underline;\">Origine g\u00e9ographique<\/span> : horticole. <span style=\"text-decoration: underline;\">Persistance hiver<\/span> : Persistant (Garder \u00e0 +5\u00b0C mini). <span style=\"text-decoration: underline;\">Rusticit\u00e9 USDA<\/span> : Zone 11 (+4.4\u00b0C\/+10\u00b0C).<\/p>","protected":false},"featured_media":31732,"template":"","meta":{"site-sidebar-layout":"default","site-content-layout":"default","ast-global-header-display":"","ast-main-header-display":"","ast-hfb-above-header-display":"","ast-hfb-below-header-display":"","ast-hfb-mobile-header-display":"","site-post-title":"","ast-breadcrumbs-content":"","ast-featured-img":"","footer-sml-layout":"","theme-transparent-header-meta":"default","adv-header-id-meta":"","stick-header-meta":"default","header-above-stick-meta":"","header-main-stick-meta":"","header-below-stick-meta":""},"product_cat":[536,547,549],"product_tag":[521,556],"class_list":["post-31687","product","type-product","status-publish","has-post-thumbnail","hentry","product_cat-begonias","product_cat-begonias-interieur","product_cat-begonias-climat-doux","product_tag-begonias-hybrides-cultivars","product_tag-plantes-pour-interieur","pa_taille-du-pot-pot-12-14-cm-diametre","desktop-align-center","tablet-align-center","mobile-align-center","ast-product-gallery-layout-horizontal","ast-product-single-variable","ast-product-tabs-layout-horizontal","ast-qv-on-image"],"_links":{"self":[{"href":"https:\/\/staging.pepiniereezavin.com\/en\/wp-json\/wp\/v2\/product\/31687","targetHints":{"allow":["GET"]}}],"collection":[{"href":"https:\/\/staging.pepiniereezavin.com\/en\/wp-json\/wp\/v2\/product"}],"about":[{"href":"https:\/\/staging.pepiniereezavin.com\/en\/wp-json\/wp\/v2\/types\/product"}],"wp:featuredmedia":[{"embeddable":true,"href":"https:\/\/staging.pepiniereezavin.com\/en\/wp-json\/wp\/v2\/media\/31732"}],"wp:attachment":[{"href":"https:\/\/staging.pepiniereezavin.com\/en\/wp-json\/wp\/v2\/media?parent=31687"}],"wp:term":[{"taxonomy":"product_cat","embeddable":true,"href":"https:\/\/staging.pepiniereezavin.com\/en\/wp-json\/wp\/v2\/product_cat?post=31687"},{"taxonomy":"product_tag","embeddable":true,"href":"https:\/\/staging.pepiniereezavin.com\/en\/wp-json\/wp\/v2\/product_tag?post=31687"}],"curies":[{"name":"wp","href":"https:\/\/api.w.org\/{rel}","templated":true}]}}