{"id":32856,"date":"2022-04-04T09:13:10","date_gmt":"2022-04-04T07:13:10","guid":{"rendered":"https:\/\/pepiniereezavin.fr\/?post_type=product&#038;p=32856"},"modified":"2022-09-27T19:29:35","modified_gmt":"2022-09-27T17:29:35","slug":"abutilon-pink-charm","status":"publish","type":"product","link":"https:\/\/staging.pepiniereezavin.com\/en\/product\/abutilon-pink-charm\/","title":{"rendered":"Abutilon &lsquo;Pink Charm&rsquo;"},"content":{"rendered":"<p><em>Abutilon<\/em> &lsquo;Pink Charm&rsquo; est proche, par son port, d&rsquo;<a href=\"https:\/\/staging.pepiniereezavin.com\/en\/product\/abutilon-x-patrick-synge\/\">Abutilon &lsquo;Patrick Synge&rsquo;<\/a>. C&rsquo;est un arbrisseau \u00e0 clochettes retombantes d&rsquo;une couleur rose soutenue, qui apparaissent tout au long de l&rsquo;ann\u00e9e en climat doux. Culture facile, sol riche et arrosages g\u00e9n\u00e9reux par temps chaud.<\/p>\n<p><strong>Hauteur adulte<\/strong> : 80\/100 (200). <strong>Origine g\u00e9ographique<\/strong> : horticole. <strong>Persistance hiver<\/strong> : Semi-persistant. <strong>Rusticit\u00e9 USDA<\/strong> : Zone 9 (-6.7\u00b0C\/-1.1\u00b0C), peut-\u00eatre zone 8 en environnement abrit\u00e9.<\/p>","protected":false},"excerpt":{"rendered":"<p><em>Abutilon<\/em> &lsquo;Pink Charm&rsquo; est proche, par son port, d&rsquo;<a href=\"https:\/\/staging.pepiniereezavin.com\/en\/product\/abutilon-x-patrick-synge\/\">Abutilon &lsquo;Patrick Synge&rsquo;<\/a>. C&rsquo;est un arbrisseau \u00e0 clochettes retombantes d&rsquo;une couleur rose soutenue, qui apparaissent tout au long de l&rsquo;ann\u00e9e en climat doux. Culture facile, sol riche et arrosages g\u00e9n\u00e9reux par temps chaud.<\/p>\n<p><strong>Hauteur adulte<\/strong> : 80\/100 (200). <strong>Origine g\u00e9ographique<\/strong> : horticole. <strong>Persistance hiver<\/strong> : Semi-persistant. <strong>Rusticit\u00e9 USDA<\/strong> : Zone 9 (-6.7\u00b0C\/-1.1\u00b0C), peut-\u00eatre zone 8 en environnement abrit\u00e9.<\/p>","protected":false},"featured_media":32857,"template":"","meta":{"site-sidebar-layout":"default","site-content-layout":"default","ast-global-header-display":"","ast-main-header-display":"","ast-hfb-above-header-display":"","ast-hfb-below-header-display":"","ast-hfb-mobile-header-display":"","site-post-title":"","ast-breadcrumbs-content":"","ast-featured-img":"","footer-sml-layout":"","theme-transparent-header-meta":"default","adv-header-id-meta":"","stick-header-meta":"default","header-above-stick-meta":"","header-main-stick-meta":"","header-below-stick-meta":""},"product_cat":[537,551,552],"product_tag":[556,558,533],"class_list":["post-32856","product","type-product","status-publish","has-post-thumbnail","hentry","product_cat-autres-plantes","product_cat-autres-plantes-d-interieur","product_cat-autres-plantes-pour-climat-doux","product_tag-plantes-pour-interieur","product_tag-plantes-pour-climats-doux","product_tag-plantes-pour-mur-vegetaux","pa_taille-du-pot-pot-12-14-cm-diametre","desktop-align-center","tablet-align-center","mobile-align-center","ast-product-gallery-layout-horizontal","ast-product-single-variable","ast-product-tabs-layout-horizontal","ast-qv-on-image"],"_links":{"self":[{"href":"https:\/\/staging.pepiniereezavin.com\/en\/wp-json\/wp\/v2\/product\/32856","targetHints":{"allow":["GET"]}}],"collection":[{"href":"https:\/\/staging.pepiniereezavin.com\/en\/wp-json\/wp\/v2\/product"}],"about":[{"href":"https:\/\/staging.pepiniereezavin.com\/en\/wp-json\/wp\/v2\/types\/product"}],"wp:featuredmedia":[{"embeddable":true,"href":"https:\/\/staging.pepiniereezavin.com\/en\/wp-json\/wp\/v2\/media\/32857"}],"wp:attachment":[{"href":"https:\/\/staging.pepiniereezavin.com\/en\/wp-json\/wp\/v2\/media?parent=32856"}],"wp:term":[{"taxonomy":"product_cat","embeddable":true,"href":"https:\/\/staging.pepiniereezavin.com\/en\/wp-json\/wp\/v2\/product_cat?post=32856"},{"taxonomy":"product_tag","embeddable":true,"href":"https:\/\/staging.pepiniereezavin.com\/en\/wp-json\/wp\/v2\/product_tag?post=32856"}],"curies":[{"name":"wp","href":"https:\/\/api.w.org\/{rel}","templated":true}]}}