{"id":32983,"date":"2022-04-20T07:21:50","date_gmt":"2022-04-20T05:21:50","guid":{"rendered":"https:\/\/pepiniereezavin.com\/?post_type=product&#038;p=32983"},"modified":"2022-08-11T23:19:21","modified_gmt":"2022-08-11T21:19:21","slug":"colysis-wrightii-monstruosa","status":"publish","type":"product","link":"https:\/\/staging.pepiniereezavin.com\/en\/product\/colysis-wrightii-monstruosa\/","title":{"rendered":"Colysis wrightii &lsquo;Monstruosa&rsquo;"},"content":{"rendered":"<p>(= <em>Leptochilus wrightii &lsquo;Monstruosa<\/em>&lsquo;). Cette variation de <em>Colysis wrightii<\/em> produit des frondes dress\u00e9es dont les marges sont profond\u00e9ment lob\u00e9es \u00e0 frang\u00e9es. L&rsquo;extr\u00e9mit\u00e9 des frondes est recourb\u00e9e \u00e0 l&rsquo;horizontale. Le feuillage, vert dense, appara\u00eet tout au long de l&rsquo;ann\u00e9e. Les sores forment des lignes le long des nervures. Plante adapt\u00e9e pour terrarium ou endroit humide. Croissance rapide en terrarium. Cit\u00e9e aussi comme plante d&rsquo;accompagnement au pied de bonsa\u00efs.<\/p>\n<p><strong>Hauteur adulte<\/strong> : 10\/20. <strong>Origine g\u00e9ographique<\/strong> : Japon, Chine, Taiwan. <strong>Persistance hiver<\/strong> : Persistant. <strong>Rusticit\u00e9 USDA<\/strong> : Zone 10 (-1.1\u00b0C\/+4.4\u00b0C)<\/p>","protected":false},"excerpt":{"rendered":"<p>(= <em>Leptochilus wrightii &lsquo;Monstruosa<\/em>&lsquo;). Cette variation de <em>Colysis wrightii<\/em> produit des frondes dress\u00e9es dont les marges sont profond\u00e9ment lob\u00e9es \u00e0 frang\u00e9es. L&rsquo;extr\u00e9mit\u00e9 des frondes est recourb\u00e9e \u00e0 l&rsquo;horizontale. Le feuillage, vert dense, appara\u00eet tout au long de l&rsquo;ann\u00e9e. Les sores forment des lignes le long des nervures. Plante adapt\u00e9e pour terrarium ou endroit humide. Croissance rapide en terrarium. Cit\u00e9e aussi comme plante d&rsquo;accompagnement au pied de bonsa\u00efs.<\/p>\n<p><strong>Hauteur adulte<\/strong> : 10\/20. <strong>Origine g\u00e9ographique<\/strong> : Japon, Chine, Taiwan. <strong>Persistance hiver<\/strong> : Persistant. <strong>Rusticit\u00e9 USDA<\/strong> : Zone 10 (-1.1\u00b0C\/+4.4\u00b0C)<\/p>","protected":false},"featured_media":32986,"template":"","meta":{"site-sidebar-layout":"default","site-content-layout":"default","ast-global-header-display":"","ast-main-header-display":"","ast-hfb-above-header-display":"","ast-hfb-below-header-display":"","ast-hfb-mobile-header-display":"","site-post-title":"","ast-breadcrumbs-content":"","ast-featured-img":"","footer-sml-layout":"","theme-transparent-header-meta":"default","adv-header-id-meta":"","stick-header-meta":"default","header-above-stick-meta":"","header-main-stick-meta":"","header-below-stick-meta":""},"product_cat":[535,543,544],"product_tag":[526,529,556,533,557],"class_list":["post-32983","product","type-product","status-publish","has-post-thumbnail","hentry","product_cat-fougeres","product_cat-fougeres-interieur","product_cat-fougeres-terrarium","product_tag-plantes-couvre-sol","product_tag-plantes-origine-asiatique","product_tag-plantes-pour-interieur","product_tag-plantes-pour-mur-vegetaux","product_tag-plantes-pour-terrarium","pa_taille-du-pot-pot-10-12-cm-diametre","desktop-align-center","tablet-align-center","mobile-align-center","ast-product-gallery-layout-horizontal","ast-product-single-variable","ast-product-tabs-layout-horizontal","ast-qv-on-image"],"_links":{"self":[{"href":"https:\/\/staging.pepiniereezavin.com\/en\/wp-json\/wp\/v2\/product\/32983","targetHints":{"allow":["GET"]}}],"collection":[{"href":"https:\/\/staging.pepiniereezavin.com\/en\/wp-json\/wp\/v2\/product"}],"about":[{"href":"https:\/\/staging.pepiniereezavin.com\/en\/wp-json\/wp\/v2\/types\/product"}],"wp:featuredmedia":[{"embeddable":true,"href":"https:\/\/staging.pepiniereezavin.com\/en\/wp-json\/wp\/v2\/media\/32986"}],"wp:attachment":[{"href":"https:\/\/staging.pepiniereezavin.com\/en\/wp-json\/wp\/v2\/media?parent=32983"}],"wp:term":[{"taxonomy":"product_cat","embeddable":true,"href":"https:\/\/staging.pepiniereezavin.com\/en\/wp-json\/wp\/v2\/product_cat?post=32983"},{"taxonomy":"product_tag","embeddable":true,"href":"https:\/\/staging.pepiniereezavin.com\/en\/wp-json\/wp\/v2\/product_tag?post=32983"}],"curies":[{"name":"wp","href":"https:\/\/api.w.org\/{rel}","templated":true}]}}