{"id":33043,"date":"2022-04-20T22:12:23","date_gmt":"2022-04-20T20:12:23","guid":{"rendered":"https:\/\/pepiniereezavin.com\/?post_type=product&#038;p=33043"},"modified":"2023-01-06T08:12:04","modified_gmt":"2023-01-06T07:12:04","slug":"terreau-de-rempotage-sachet-3l","status":"publish","type":"product","link":"https:\/\/staging.pepiniereezavin.com\/en\/product\/terreau-de-rempotage-sachet-3l\/","title":{"rendered":"Terreau de rempotage sachet 3L."},"content":{"rendered":"<p>Ce terreau est celui que nous utilisons pour la plupart des plantes d&rsquo;ombre que nous cultivons.<\/p>\n<p>Id\u00e9al pour rempoter les plantes d&rsquo;int\u00e9rieur, il a une bonne r\u00e9tention d&rsquo;eau gr\u00e2ce aux gros morceaux qui le composent. Mais aussi il se r\u00e9humecte bien apr\u00e8s une p\u00e9riode de s\u00e9cheresse \u00e9ventuelle, gr\u00e2ce aux fibres de coco.<\/p>\n<p>Sachets de 3 litres environ.<\/p>","protected":false},"excerpt":{"rendered":"<p>Ce terreau est celui que nous utilisons pour la plupart des plantes d&rsquo;ombre que nous cultivons.<\/p>\n<p>Id\u00e9al pour rempoter les plantes d&rsquo;int\u00e9rieur, il a une bonne r\u00e9tention d&rsquo;eau gr\u00e2ce aux gros morceaux qui le composent. Mais aussi il se r\u00e9humecte bien apr\u00e8s une p\u00e9riode de s\u00e9cheresse \u00e9ventuelle, gr\u00e2ce aux fibres de coco.<\/p>\n<p>Sachets de 3 litres environ.<\/p>","protected":false},"featured_media":33053,"template":"","meta":{"site-sidebar-layout":"default","site-content-layout":"default","ast-global-header-display":"","ast-main-header-display":"","ast-hfb-above-header-display":"","ast-hfb-below-header-display":"","ast-hfb-mobile-header-display":"","site-post-title":"","ast-breadcrumbs-content":"","ast-featured-img":"","footer-sml-layout":"","theme-transparent-header-meta":"default","adv-header-id-meta":"","stick-header-meta":"default","header-above-stick-meta":"","header-main-stick-meta":"","header-below-stick-meta":""},"product_cat":[535,542],"product_tag":[556,533,557],"class_list":["post-33043","product","type-product","status-publish","has-post-thumbnail","hentry","product_cat-fougeres","product_cat-terreau","product_tag-plantes-pour-interieur","product_tag-plantes-pour-mur-vegetaux","product_tag-plantes-pour-terrarium","desktop-align-center","tablet-align-center","mobile-align-center","ast-product-gallery-layout-horizontal","ast-product-tabs-layout-horizontal","ast-qv-on-image"],"_links":{"self":[{"href":"https:\/\/staging.pepiniereezavin.com\/en\/wp-json\/wp\/v2\/product\/33043","targetHints":{"allow":["GET"]}}],"collection":[{"href":"https:\/\/staging.pepiniereezavin.com\/en\/wp-json\/wp\/v2\/product"}],"about":[{"href":"https:\/\/staging.pepiniereezavin.com\/en\/wp-json\/wp\/v2\/types\/product"}],"wp:featuredmedia":[{"embeddable":true,"href":"https:\/\/staging.pepiniereezavin.com\/en\/wp-json\/wp\/v2\/media\/33053"}],"wp:attachment":[{"href":"https:\/\/staging.pepiniereezavin.com\/en\/wp-json\/wp\/v2\/media?parent=33043"}],"wp:term":[{"taxonomy":"product_cat","embeddable":true,"href":"https:\/\/staging.pepiniereezavin.com\/en\/wp-json\/wp\/v2\/product_cat?post=33043"},{"taxonomy":"product_tag","embeddable":true,"href":"https:\/\/staging.pepiniereezavin.com\/en\/wp-json\/wp\/v2\/product_tag?post=33043"}],"curies":[{"name":"wp","href":"https:\/\/api.w.org\/{rel}","templated":true}]}}