{"id":33057,"date":"2022-04-25T19:25:58","date_gmt":"2022-04-25T17:25:58","guid":{"rendered":"https:\/\/pepiniereezavin.com\/?post_type=product&#038;p=33057"},"modified":"2022-10-19T10:55:51","modified_gmt":"2022-10-19T08:55:51","slug":"carex-phyllocephala","status":"publish","type":"product","link":"https:\/\/staging.pepiniereezavin.com\/en\/product\/carex-phyllocephala\/","title":{"rendered":"Carex phyllocephala"},"content":{"rendered":"<p>Ce carex rappelle un peu le souchet ou faux papyrus, mais il est plus rustique. Les rosettes de feuilles larges (1 x 20 cm) sont en haut de tiges de 40 \u00e0 60 cm de haut. Excellente plante de mi-ombre fra\u00eeche formant un belle touffe remarqu\u00e9e au jardin pour son aspect de \u00ab\u00a0petit palmier\u00a0\u00bb.<br \/>\n<strong>Hauteur adulte<\/strong> : 40\/60(80) cm. <strong>Origine g\u00e9ographique<\/strong> : Chine. <strong>Persistance hiver<\/strong> : Persistant \u00e0 caduque selon le climat. <strong>Rusticit\u00e9 USDA<\/strong> : Zone 7 (-17.8\u00b0C\/-12.2\u00b0C).<\/p>","protected":false},"excerpt":{"rendered":"<p>Ce carex rappelle un peu le souchet ou faux papyrus, mais il est plus rustique. Les rosettes de feuilles larges (1 x 20 cm) sont en haut de tiges de 40 \u00e0 60 cm de haut. Excellente plante de mi-ombre fra\u00eeche formant un belle touffe remarqu\u00e9e au jardin pour son aspect de \u00ab\u00a0petit palmier\u00a0\u00bb.<br \/>\n<strong>Hauteur adulte<\/strong> : 40\/60(80) cm. <strong>Origine g\u00e9ographique<\/strong> : Chine. <strong>Persistance hiver<\/strong> : Persistant \u00e0 caduque selon le climat. <strong>Rusticit\u00e9 USDA<\/strong> : Zone 7 (-17.8\u00b0C\/-12.2\u00b0C).<\/p>","protected":false},"featured_media":33113,"template":"","meta":{"site-sidebar-layout":"default","site-content-layout":"default","ast-global-header-display":"","ast-main-header-display":"","ast-hfb-above-header-display":"","ast-hfb-below-header-display":"","ast-hfb-mobile-header-display":"","site-post-title":"","ast-breadcrumbs-content":"","ast-featured-img":"","footer-sml-layout":"","theme-transparent-header-meta":"default","adv-header-id-meta":"","stick-header-meta":"default","header-above-stick-meta":"","header-main-stick-meta":"","header-below-stick-meta":""},"product_cat":[537,552,553],"product_tag":[529,558,559],"class_list":["post-33057","product","type-product","status-publish","has-post-thumbnail","hentry","product_cat-autres-plantes","product_cat-autres-plantes-pour-climat-doux","product_cat-autres-plantes-pour-climat-frais","product_tag-plantes-origine-asiatique","product_tag-plantes-pour-climats-doux","product_tag-plantes-pour-climats-frais","pa_taille-du-pot-pot-12-14-cm-diametre","desktop-align-center","tablet-align-center","mobile-align-center","ast-product-gallery-layout-horizontal","ast-product-gallery-with-no-image","ast-product-single-variable","ast-product-tabs-layout-horizontal","ast-qv-on-image"],"_links":{"self":[{"href":"https:\/\/staging.pepiniereezavin.com\/en\/wp-json\/wp\/v2\/product\/33057","targetHints":{"allow":["GET"]}}],"collection":[{"href":"https:\/\/staging.pepiniereezavin.com\/en\/wp-json\/wp\/v2\/product"}],"about":[{"href":"https:\/\/staging.pepiniereezavin.com\/en\/wp-json\/wp\/v2\/types\/product"}],"wp:featuredmedia":[{"embeddable":true,"href":"https:\/\/staging.pepiniereezavin.com\/en\/wp-json\/wp\/v2\/media\/33113"}],"wp:attachment":[{"href":"https:\/\/staging.pepiniereezavin.com\/en\/wp-json\/wp\/v2\/media?parent=33057"}],"wp:term":[{"taxonomy":"product_cat","embeddable":true,"href":"https:\/\/staging.pepiniereezavin.com\/en\/wp-json\/wp\/v2\/product_cat?post=33057"},{"taxonomy":"product_tag","embeddable":true,"href":"https:\/\/staging.pepiniereezavin.com\/en\/wp-json\/wp\/v2\/product_tag?post=33057"}],"curies":[{"name":"wp","href":"https:\/\/api.w.org\/{rel}","templated":true}]}}