{"id":33058,"date":"2022-04-21T12:12:51","date_gmt":"2022-04-21T10:12:51","guid":{"rendered":"https:\/\/pepiniereezavin.com\/?post_type=product&#038;p=33058"},"modified":"2022-09-23T13:24:40","modified_gmt":"2022-09-23T11:24:40","slug":"carex-nachiana","status":"publish","type":"product","link":"https:\/\/staging.pepiniereezavin.com\/en\/product\/carex-nachiana\/","title":{"rendered":"Carex nachiana"},"content":{"rendered":"<p>Cette esp\u00e8ce originaire du Japon (Kanazawa) est caract\u00e9ris\u00e9e par ses feuilles atteignant 80 cm de long, tr\u00e8s fines, vert \u00e9meraude brillant,\u00a0 et son port retombant. Rustique en r\u00e9gion parisienne. Culture facile en sol frais. Rocaille ou tout endroit en surplomb, mur v\u00e9g\u00e9tal int\u00e9rieur ou ext\u00e9rieur.<\/p>\n<p><strong>Hauteur adulte<\/strong> : Retombant, 40\/60(80) cm. <strong>Origine g\u00e9ographique<\/strong> : Japon. <strong>Persistance hiver<\/strong> : Persistant \u00e0 semi-persistant selon le climat. <strong>Rusticit\u00e9 USDA<\/strong> : Zone 7 (-17.8\u00b0C\/-12.2\u00b0C).<\/p>","protected":false},"excerpt":{"rendered":"<p>Cette esp\u00e8ce originaire du Japon (Kanazawa) est caract\u00e9ris\u00e9e par ses feuilles atteignant 80 cm de long, tr\u00e8s fines, vert \u00e9meraude brillant,\u00a0 et son port retombant. Rustique en r\u00e9gion parisienne. Culture facile en sol frais. Rocaille ou tout endroit en surplomb, mur v\u00e9g\u00e9tal int\u00e9rieur ou ext\u00e9rieur.<\/p>\n<p><strong>Hauteur adulte<\/strong> : Retombant, 40\/60(80) cm. <strong>Origine g\u00e9ographique<\/strong> : Japon. <strong>Persistance hiver<\/strong> : Persistant \u00e0 semi-persistant selon le climat. <strong>Rusticit\u00e9 USDA<\/strong> : Zone 7 (-17.8\u00b0C\/-12.2\u00b0C).<\/p>","protected":false},"featured_media":33165,"template":"","meta":{"site-sidebar-layout":"default","site-content-layout":"default","ast-global-header-display":"","ast-main-header-display":"","ast-hfb-above-header-display":"","ast-hfb-below-header-display":"","ast-hfb-mobile-header-display":"","site-post-title":"","ast-breadcrumbs-content":"","ast-featured-img":"","footer-sml-layout":"","theme-transparent-header-meta":"default","adv-header-id-meta":"","stick-header-meta":"default","header-above-stick-meta":"","header-main-stick-meta":"","header-below-stick-meta":""},"product_cat":[537,552,553],"product_tag":[526,529,532,558,559,533],"class_list":["post-33058","product","type-product","status-publish","has-post-thumbnail","hentry","product_cat-autres-plantes","product_cat-autres-plantes-pour-climat-doux","product_cat-autres-plantes-pour-climat-frais","product_tag-plantes-couvre-sol","product_tag-plantes-origine-asiatique","product_tag-plantes-pour-berges","product_tag-plantes-pour-climats-doux","product_tag-plantes-pour-climats-frais","product_tag-plantes-pour-mur-vegetaux","pa_taille-du-pot-pot-12-14-cm-diametre","desktop-align-center","tablet-align-center","mobile-align-center","ast-product-gallery-layout-horizontal","ast-product-tabs-layout-horizontal","ast-qv-on-image"],"_links":{"self":[{"href":"https:\/\/staging.pepiniereezavin.com\/en\/wp-json\/wp\/v2\/product\/33058","targetHints":{"allow":["GET"]}}],"collection":[{"href":"https:\/\/staging.pepiniereezavin.com\/en\/wp-json\/wp\/v2\/product"}],"about":[{"href":"https:\/\/staging.pepiniereezavin.com\/en\/wp-json\/wp\/v2\/types\/product"}],"wp:featuredmedia":[{"embeddable":true,"href":"https:\/\/staging.pepiniereezavin.com\/en\/wp-json\/wp\/v2\/media\/33165"}],"wp:attachment":[{"href":"https:\/\/staging.pepiniereezavin.com\/en\/wp-json\/wp\/v2\/media?parent=33058"}],"wp:term":[{"taxonomy":"product_cat","embeddable":true,"href":"https:\/\/staging.pepiniereezavin.com\/en\/wp-json\/wp\/v2\/product_cat?post=33058"},{"taxonomy":"product_tag","embeddable":true,"href":"https:\/\/staging.pepiniereezavin.com\/en\/wp-json\/wp\/v2\/product_tag?post=33058"}],"curies":[{"name":"wp","href":"https:\/\/api.w.org\/{rel}","templated":true}]}}