{"id":33095,"date":"2022-05-04T08:53:06","date_gmt":"2022-05-04T06:53:06","guid":{"rendered":"https:\/\/pepiniereezavin.com\/?post_type=product&#038;p=33095"},"modified":"2022-12-24T18:41:02","modified_gmt":"2022-12-24T17:41:02","slug":"sarcococca-orientalis","status":"publish","type":"product","link":"https:\/\/staging.pepiniereezavin.com\/en\/product\/sarcococca-orientalis\/","title":{"rendered":"Sarcococca orientalis"},"content":{"rendered":"<p><em>Sarcococca orientalis<\/em> forme un buisson bas, de 40 \u00e0 60 cm, persistant, aux feuilles lanc\u00e9ol\u00e9es et acumin\u00e9es. La floraison hivernale tr\u00e8s parfum\u00e9e est blanche, et appara\u00eet sous les feuilles. Cousin du buis, cette plante est tr\u00e8s vigoureuse, et saura se faire appr\u00e9cier par sa frugalit\u00e9 et sa pr\u00e9sence parfum\u00e9e hivernale!<br \/>\n<strong>Hauteur adulte<\/strong> : 40\/60 (100)cm. <strong>Origine g\u00e9ographique<\/strong> : Chine. <strong>Persistance hiver<\/strong> : persistant. <strong>Rusticit\u00e9 USDA<\/strong> : Zone 7 (-17.8\u00b0C\/-12.2\u00b0C)<\/p>","protected":false},"excerpt":{"rendered":"<p><em>Sarcococca orientalis<\/em> forme un buisson bas, de 40 \u00e0 60 cm, persistant, aux feuilles lanc\u00e9ol\u00e9es et acumin\u00e9es. La floraison hivernale tr\u00e8s parfum\u00e9e est blanche, et appara\u00eet sous les feuilles. Cousin du buis, cette plante est tr\u00e8s vigoureuse, et saura se faire appr\u00e9cier par sa frugalit\u00e9 et sa pr\u00e9sence parfum\u00e9e hivernale!<br \/>\n<strong>Hauteur adulte<\/strong> : 40\/60 cm. <strong>Origine g\u00e9ographique<\/strong> : Chine. <strong>Persistance hiver<\/strong> : persistant. <strong>Rusticit\u00e9 USDA<\/strong> : Zone 7 (-17.8\u00b0C\/-12.2\u00b0C)<\/p>","protected":false},"featured_media":33171,"template":"","meta":{"site-sidebar-layout":"default","site-content-layout":"default","ast-global-header-display":"","ast-main-header-display":"","ast-hfb-above-header-display":"","ast-hfb-below-header-display":"","ast-hfb-mobile-header-display":"","site-post-title":"","ast-breadcrumbs-content":"","ast-featured-img":"","footer-sml-layout":"","theme-transparent-header-meta":"default","adv-header-id-meta":"","stick-header-meta":"default","header-above-stick-meta":"","header-main-stick-meta":"","header-below-stick-meta":""},"product_cat":[537,552,553],"product_tag":[525,529,558,559,534],"class_list":["post-33095","product","type-product","status-publish","has-post-thumbnail","hentry","product_cat-autres-plantes","product_cat-autres-plantes-pour-climat-doux","product_cat-autres-plantes-pour-climat-frais","product_tag-plantes-a-feuillage-coriace","product_tag-plantes-origine-asiatique","product_tag-plantes-pour-climats-doux","product_tag-plantes-pour-climats-frais","product_tag-plantes-pour-ombre-seche","pa_taille-du-pot-pot-12-14-cm-diametre","desktop-align-center","tablet-align-center","mobile-align-center","ast-product-gallery-layout-horizontal","ast-product-tabs-layout-horizontal","ast-qv-on-image"],"_links":{"self":[{"href":"https:\/\/staging.pepiniereezavin.com\/en\/wp-json\/wp\/v2\/product\/33095","targetHints":{"allow":["GET"]}}],"collection":[{"href":"https:\/\/staging.pepiniereezavin.com\/en\/wp-json\/wp\/v2\/product"}],"about":[{"href":"https:\/\/staging.pepiniereezavin.com\/en\/wp-json\/wp\/v2\/types\/product"}],"wp:featuredmedia":[{"embeddable":true,"href":"https:\/\/staging.pepiniereezavin.com\/en\/wp-json\/wp\/v2\/media\/33171"}],"wp:attachment":[{"href":"https:\/\/staging.pepiniereezavin.com\/en\/wp-json\/wp\/v2\/media?parent=33095"}],"wp:term":[{"taxonomy":"product_cat","embeddable":true,"href":"https:\/\/staging.pepiniereezavin.com\/en\/wp-json\/wp\/v2\/product_cat?post=33095"},{"taxonomy":"product_tag","embeddable":true,"href":"https:\/\/staging.pepiniereezavin.com\/en\/wp-json\/wp\/v2\/product_tag?post=33095"}],"curies":[{"name":"wp","href":"https:\/\/api.w.org\/{rel}","templated":true}]}}