{"id":33167,"date":"2022-05-03T20:52:27","date_gmt":"2022-05-03T18:52:27","guid":{"rendered":"https:\/\/pepiniereezavin.com\/?post_type=product&#038;p=33167"},"modified":"2022-12-02T14:50:15","modified_gmt":"2022-12-02T13:50:15","slug":"begonia-mariachristinae","status":"publish","type":"product","link":"https:\/\/staging.pepiniereezavin.com\/en\/product\/begonia-mariachristinae\/","title":{"rendered":"Begonia mariachristinae"},"content":{"rendered":"<p>Les feuilles de ce b\u00e9gonia bambusiforme sont tr\u00e8s \u00e9l\u00e9gamment marbr\u00e9es de taches argent\u00e9es. Les tiges restent \u00e0 40\/60 cm de haut. Petites fleurs roses dans le feuillage au printemps. <em>Begonia mariachristinae<\/em> se pla\u00eet en int\u00e9rieur (il est persistant dans ce cas) ou en v\u00e9randa hors gel (il est caduque dans ce cas). Croissance vigoureuse.<\/p>\n<p><strong>Hauteur adulte<\/strong> : 40\/60 cm. <strong>Origine g\u00e9ographique<\/strong> : Birmanie. <strong>Persistance hiver<\/strong> : Persistant. <strong>Rusticit\u00e9 USDA<\/strong> : Zone 10 (-1.1\u00b0C\/+4.4\u00b0C).<\/p>","protected":false},"excerpt":{"rendered":"<p>Les feuilles de ce b\u00e9gonia bambusiforme sont tr\u00e8s \u00e9l\u00e9gamment marbr\u00e9es de taches argent\u00e9es. Les tiges restent \u00e0 40\/60 cm de haut. Petites fleurs roses dans le feuillage au printemps. <em>Begonia mariachristinae<\/em> se pla\u00eet en int\u00e9rieur (il est persistant dans ce cas) ou en v\u00e9randa hors gel (il est caduque dans ce cas). Croissance vigoureuse.<\/p>\n<p><strong>Hauteur adulte<\/strong> : 40\/60 cm. <strong>Origine g\u00e9ographique<\/strong> : Birmanie. <strong>Persistance hiver<\/strong> : Persistant. <strong>Rusticit\u00e9 USDA<\/strong> : Zone 10 (-1.1\u00b0C\/+4.4\u00b0C).<\/p>","protected":false},"featured_media":33168,"template":"","meta":{"site-sidebar-layout":"default","site-content-layout":"default","ast-global-header-display":"","ast-main-header-display":"","ast-hfb-above-header-display":"","ast-hfb-below-header-display":"","ast-hfb-mobile-header-display":"","site-post-title":"","ast-breadcrumbs-content":"","ast-featured-img":"","footer-sml-layout":"","theme-transparent-header-meta":"default","adv-header-id-meta":"","stick-header-meta":"default","header-above-stick-meta":"","header-main-stick-meta":"","header-below-stick-meta":""},"product_cat":[536,547,548],"product_tag":[520,562,529,556,533,557],"class_list":["post-33167","product","type-product","status-publish","has-post-thumbnail","hentry","product_cat-begonias","product_cat-begonias-interieur","product_cat-begonias-terrarium","product_tag-begonias-botaniques","product_tag-pl","product_tag-plantes-origine-asiatique","product_tag-plantes-pour-interieur","product_tag-plantes-pour-mur-vegetaux","product_tag-plantes-pour-terrarium","pa_taille-du-pot-pot-12-14-cm-diametre","desktop-align-center","tablet-align-center","mobile-align-center","ast-product-gallery-layout-horizontal","ast-product-gallery-with-no-image","ast-product-tabs-layout-horizontal","ast-qv-on-image"],"_links":{"self":[{"href":"https:\/\/staging.pepiniereezavin.com\/en\/wp-json\/wp\/v2\/product\/33167","targetHints":{"allow":["GET"]}}],"collection":[{"href":"https:\/\/staging.pepiniereezavin.com\/en\/wp-json\/wp\/v2\/product"}],"about":[{"href":"https:\/\/staging.pepiniereezavin.com\/en\/wp-json\/wp\/v2\/types\/product"}],"wp:featuredmedia":[{"embeddable":true,"href":"https:\/\/staging.pepiniereezavin.com\/en\/wp-json\/wp\/v2\/media\/33168"}],"wp:attachment":[{"href":"https:\/\/staging.pepiniereezavin.com\/en\/wp-json\/wp\/v2\/media?parent=33167"}],"wp:term":[{"taxonomy":"product_cat","embeddable":true,"href":"https:\/\/staging.pepiniereezavin.com\/en\/wp-json\/wp\/v2\/product_cat?post=33167"},{"taxonomy":"product_tag","embeddable":true,"href":"https:\/\/staging.pepiniereezavin.com\/en\/wp-json\/wp\/v2\/product_tag?post=33167"}],"curies":[{"name":"wp","href":"https:\/\/api.w.org\/{rel}","templated":true}]}}