{"id":33173,"date":"2022-05-04T11:01:15","date_gmt":"2022-05-04T09:01:15","guid":{"rendered":"https:\/\/pepiniereezavin.com\/?post_type=product&#038;p=33173"},"modified":"2022-06-27T22:18:35","modified_gmt":"2022-06-27T20:18:35","slug":"aspidistra-aff-tonkinensis","status":"publish","type":"product","link":"https:\/\/staging.pepiniereezavin.com\/en\/product\/aspidistra-aff-tonkinensis\/","title":{"rendered":"Aspidistra aff. tonkinensis"},"content":{"rendered":"<p><em>Aspidistra tonkinensis\u00a0<\/em> a des feuilles dress\u00e9es, un peu plus petites que celles d&rsquo;<em>Aspidistra elatior. <\/em>Les longs p\u00e9tioles, aussi longs que les limbes, donnent une allure a\u00e9rienne et \u00e9l\u00e9gante \u00e0 cette esp\u00e8ce. Fleurs rouges en automne et en hiver. Culture facile comme tous les Aspidistra.<\/p>\n<p><strong>Hauteur adulte<\/strong> : 40\/60. <strong>Origine g\u00e9ographique<\/strong> : Chine. <strong>Persistance hiver<\/strong> : Persistant. <strong>Rusticit\u00e9 USDA<\/strong> : Zone 9 (-6.7\u00b0C\/-1.1\u00b0C), peut-\u00eatre moins.<\/p>","protected":false},"excerpt":{"rendered":"<p><em>Aspidistra tonkinensis\u00a0<\/em> a des feuilles dress\u00e9es, un peu plus petites que celles d&rsquo;<em>Aspidistra elatior. <\/em>Les longs p\u00e9tioles, aussi longs que les limbes, donnent une allure a\u00e9rienne et \u00e9l\u00e9gante \u00e0 cette esp\u00e8ce. Fleurs rouges en automne et en hiver. Culture facile comme tous les Aspidistra.<\/p>\n<p><strong>Hauteur adulte<\/strong> : 40\/60. <strong>Origine g\u00e9ographique<\/strong> : Chine. <strong>Persistance hiver<\/strong> : Persistant. <strong>Rusticit\u00e9 USDA<\/strong> : Zone 9 (-6.7\u00b0C\/-1.1\u00b0C), peut-\u00eatre moins.<\/p>","protected":false},"featured_media":33174,"template":"","meta":{"site-sidebar-layout":"default","site-content-layout":"default","ast-global-header-display":"","ast-main-header-display":"","ast-hfb-above-header-display":"","ast-hfb-below-header-display":"","ast-hfb-mobile-header-display":"","site-post-title":"","ast-breadcrumbs-content":"","ast-featured-img":"","footer-sml-layout":"","theme-transparent-header-meta":"default","adv-header-id-meta":"","stick-header-meta":"default","header-above-stick-meta":"","header-main-stick-meta":"","header-below-stick-meta":""},"product_cat":[551,537,552,553],"product_tag":[525,526,529,556,558,559,534],"class_list":["post-33173","product","type-product","status-publish","has-post-thumbnail","hentry","product_cat-autres-plantes-d-interieur","product_cat-autres-plantes","product_cat-autres-plantes-pour-climat-doux","product_cat-autres-plantes-pour-climat-frais","product_tag-plantes-a-feuillage-coriace","product_tag-plantes-couvre-sol","product_tag-plantes-origine-asiatique","product_tag-plantes-pour-interieur","product_tag-plantes-pour-climats-doux","product_tag-plantes-pour-climats-frais","product_tag-plantes-pour-ombre-seche","pa_taille-du-pot-pot-12-14-cm-diametre","desktop-align-center","tablet-align-center","mobile-align-center","ast-product-gallery-layout-horizontal","ast-product-gallery-with-no-image","ast-product-tabs-layout-horizontal","ast-qv-on-image"],"_links":{"self":[{"href":"https:\/\/staging.pepiniereezavin.com\/en\/wp-json\/wp\/v2\/product\/33173","targetHints":{"allow":["GET"]}}],"collection":[{"href":"https:\/\/staging.pepiniereezavin.com\/en\/wp-json\/wp\/v2\/product"}],"about":[{"href":"https:\/\/staging.pepiniereezavin.com\/en\/wp-json\/wp\/v2\/types\/product"}],"wp:featuredmedia":[{"embeddable":true,"href":"https:\/\/staging.pepiniereezavin.com\/en\/wp-json\/wp\/v2\/media\/33174"}],"wp:attachment":[{"href":"https:\/\/staging.pepiniereezavin.com\/en\/wp-json\/wp\/v2\/media?parent=33173"}],"wp:term":[{"taxonomy":"product_cat","embeddable":true,"href":"https:\/\/staging.pepiniereezavin.com\/en\/wp-json\/wp\/v2\/product_cat?post=33173"},{"taxonomy":"product_tag","embeddable":true,"href":"https:\/\/staging.pepiniereezavin.com\/en\/wp-json\/wp\/v2\/product_tag?post=33173"}],"curies":[{"name":"wp","href":"https:\/\/api.w.org\/{rel}","templated":true}]}}