{"id":33175,"date":"2022-05-04T11:20:24","date_gmt":"2022-05-04T09:20:24","guid":{"rendered":"https:\/\/pepiniereezavin.com\/?post_type=product&#038;p=33175"},"modified":"2022-12-27T17:14:51","modified_gmt":"2022-12-27T16:14:51","slug":"lepisorus-megasorus","status":"publish","type":"product","link":"https:\/\/staging.pepiniereezavin.com\/en\/product\/lepisorus-megasorus\/","title":{"rendered":"Lepisorus megasorus"},"content":{"rendered":"<p>Les frondes de Lepisorus megasorus, enti\u00e8res et coriaces, sont dress\u00e9es et forment une touffe dense d&rsquo;une trentaine de cm de haut. Gros sores jaune orang\u00e9 tr\u00e8s visibles au dos des frondes en automne. Croissance lente, mais plante solide.<br \/>\nEnvironnement humide, sol riche et drainant. En int\u00e9rieur, v\u00e9randa ou en ext\u00e9rieur abrit\u00e9 en climat doux.<br \/>\n<strong>Hauteur adulte :<\/strong> 20\/40 cm. <strong>Origine g\u00e9ographique :<\/strong> Taiwan. <strong>Persistance hiver :<\/strong> Persistant . <strong>Rusticit\u00e9 USDA :<\/strong> Zone 9 (-6.7\u00b0C\/-1.1\u00b0C), peut-\u00eatre moins.<\/p>","protected":false},"excerpt":{"rendered":"<p>Les frondes de Lepisorus megasorus, enti\u00e8res et coriaces, sont dress\u00e9es et forment une touffe dense d&rsquo;une trentaine de cm de haut. Gros sores jaune orang\u00e9 tr\u00e8s visibles au dos des frondes en automne. Croissance lente, mais plante solide.<br \/>\nEnvironnement humide, sol riche et drainant. En int\u00e9rieur, v\u00e9randa ou en ext\u00e9rieur abrit\u00e9 en climat doux.<br \/>\n<strong>Hauteur adulte :<\/strong> 20\/40 cm. <strong>Origine g\u00e9ographique :<\/strong> Taiwan. <strong>Persistance hiver :<\/strong> Persistant . <strong>Rusticit\u00e9 USDA :<\/strong> Zone 9 (-6.7\u00b0C\/-1.1\u00b0C), peut-\u00eatre moins.<\/p>","protected":false},"featured_media":33176,"template":"","meta":{"site-sidebar-layout":"default","site-content-layout":"default","ast-global-header-display":"","ast-main-header-display":"","ast-hfb-above-header-display":"","ast-hfb-below-header-display":"","ast-hfb-mobile-header-display":"","site-post-title":"","ast-breadcrumbs-content":"","ast-featured-img":"","footer-sml-layout":"","theme-transparent-header-meta":"default","adv-header-id-meta":"","stick-header-meta":"default","header-above-stick-meta":"","header-main-stick-meta":"","header-below-stick-meta":""},"product_cat":[535,543,544,545],"product_tag":[525,526,529,556,558,533,557],"class_list":["post-33175","product","type-product","status-publish","has-post-thumbnail","hentry","product_cat-fougeres","product_cat-fougeres-interieur","product_cat-fougeres-terrarium","product_cat-fougeres-climat-doux","product_tag-plantes-a-feuillage-coriace","product_tag-plantes-couvre-sol","product_tag-plantes-origine-asiatique","product_tag-plantes-pour-interieur","product_tag-plantes-pour-climats-doux","product_tag-plantes-pour-mur-vegetaux","product_tag-plantes-pour-terrarium","pa_taille-du-pot-pot-12-14-cm-diametre","desktop-align-center","tablet-align-center","mobile-align-center","ast-product-gallery-layout-horizontal","ast-product-single-variable","ast-product-tabs-layout-horizontal","ast-qv-on-image"],"_links":{"self":[{"href":"https:\/\/staging.pepiniereezavin.com\/en\/wp-json\/wp\/v2\/product\/33175","targetHints":{"allow":["GET"]}}],"collection":[{"href":"https:\/\/staging.pepiniereezavin.com\/en\/wp-json\/wp\/v2\/product"}],"about":[{"href":"https:\/\/staging.pepiniereezavin.com\/en\/wp-json\/wp\/v2\/types\/product"}],"wp:featuredmedia":[{"embeddable":true,"href":"https:\/\/staging.pepiniereezavin.com\/en\/wp-json\/wp\/v2\/media\/33176"}],"wp:attachment":[{"href":"https:\/\/staging.pepiniereezavin.com\/en\/wp-json\/wp\/v2\/media?parent=33175"}],"wp:term":[{"taxonomy":"product_cat","embeddable":true,"href":"https:\/\/staging.pepiniereezavin.com\/en\/wp-json\/wp\/v2\/product_cat?post=33175"},{"taxonomy":"product_tag","embeddable":true,"href":"https:\/\/staging.pepiniereezavin.com\/en\/wp-json\/wp\/v2\/product_tag?post=33175"}],"curies":[{"name":"wp","href":"https:\/\/api.w.org\/{rel}","templated":true}]}}