{"id":33181,"date":"2022-05-04T12:02:13","date_gmt":"2022-05-04T10:02:13","guid":{"rendered":"https:\/\/pepiniereezavin.com\/?post_type=product&#038;p=33181"},"modified":"2023-01-02T21:37:25","modified_gmt":"2023-01-02T20:37:25","slug":"pilea-rotundinucula","status":"publish","type":"product","link":"https:\/\/staging.pepiniereezavin.com\/en\/product\/pilea-rotundinucula\/","title":{"rendered":"Pilea rotundinucula"},"content":{"rendered":"<p><em>Pilea rotundinucula<\/em> est une vivace herbac\u00e9e originaire de Taiwan. Elle a la particularit\u00e9 d&rsquo;avoir un port tr\u00e8s original : ses branches poussent \u00e0 l&rsquo;horizontale et ses feuilles oppos\u00e9es, une grande et une petite, se placent \u00e0 plat. Les feuilles sont effil\u00e9es et un peu succulentes, mais la plante appr\u00e9cie les environnements frais en permanence. Cette esp\u00e8ce, de par son port d\u00e9jet\u00e9 sur le c\u00f4t\u00e9, fait merveille en rocaille fra\u00eeche, comme plante d&rsquo;int\u00e9rieur retombante, ou encore sur un mur v\u00e9g\u00e9tal. Mi-ombre \u00e0 ombre. Sol frais. Famille des Urticac\u00e9es, mais n&rsquo;est pas piquante.<\/p>\n<p><strong>Hauteur adulte<\/strong> : 40\/60. <strong>Origine g\u00e9ographique<\/strong> : Taiwan. <strong>Persistance hiver<\/strong> : caduque si en ext\u00e9rieur, persistant si en int\u00e9rieur. <strong>Rusticit\u00e9 USDA<\/strong> : Zone 9 (-6.7\u00b0C\/-1.1\u00b0C), peut-\u00eatre moins.<\/p>","protected":false},"excerpt":{"rendered":"<p><em>Pilea rotundinucula<\/em> est une vivace herbac\u00e9e originaire de Taiwan. Elle a la particularit\u00e9 d&rsquo;avoir un port tr\u00e8s original : ses branches poussent \u00e0 l&rsquo;horizontale et ses feuilles oppos\u00e9es, une grande et une petite, se placent \u00e0 plat. Les feuilles sont effil\u00e9es et un peu succulentes, mais la plante appr\u00e9cie les environnements frais en permanence. Cette esp\u00e8ce, de par son port d\u00e9jet\u00e9 sur le c\u00f4t\u00e9, fait merveille en rocaille fra\u00eeche, comme plante d&rsquo;int\u00e9rieur retombante, ou encore sur un mur v\u00e9g\u00e9tal. Mi-ombre \u00e0 ombre. Sol frais. Famille des Urticac\u00e9es, mais n&rsquo;est pas piquante.<\/p>\n<p><strong>Hauteur adulte<\/strong> : 40\/60. <strong>Origine g\u00e9ographique<\/strong> : Taiwan. <strong>Persistance hiver<\/strong> : caduque si en ext\u00e9rieur, persistant si en int\u00e9rieur. <strong>Rusticit\u00e9 USDA<\/strong> : Zone 9 (-6.7\u00b0C\/-1.1\u00b0C), peut-\u00eatre moins.<\/p>","protected":false},"featured_media":33182,"template":"","meta":{"site-sidebar-layout":"default","site-content-layout":"default","ast-global-header-display":"","ast-main-header-display":"","ast-hfb-above-header-display":"","ast-hfb-below-header-display":"","ast-hfb-mobile-header-display":"","site-post-title":"","ast-breadcrumbs-content":"","ast-featured-img":"","footer-sml-layout":"","theme-transparent-header-meta":"default","adv-header-id-meta":"","stick-header-meta":"default","header-above-stick-meta":"","header-main-stick-meta":"","header-below-stick-meta":""},"product_cat":[537,551,554,552,553],"product_tag":[524,525,529,532,556,558,559,533],"class_list":["post-33181","product","type-product","status-publish","has-post-thumbnail","hentry","product_cat-autres-plantes","product_cat-autres-plantes-d-interieur","product_cat-autres-plantes-pour-terrarium","product_cat-autres-plantes-pour-climat-doux","product_cat-autres-plantes-pour-climat-frais","product_tag-plantes-famille-urticaceae","product_tag-plantes-a-feuillage-coriace","product_tag-plantes-origine-asiatique","product_tag-plantes-pour-berges","product_tag-plantes-pour-interieur","product_tag-plantes-pour-climats-doux","product_tag-plantes-pour-climats-frais","product_tag-plantes-pour-mur-vegetaux","pa_taille-du-pot-pot-12-14-cm-diametre","desktop-align-center","tablet-align-center","mobile-align-center","ast-product-gallery-layout-horizontal","ast-product-tabs-layout-horizontal","ast-qv-on-image"],"_links":{"self":[{"href":"https:\/\/staging.pepiniereezavin.com\/en\/wp-json\/wp\/v2\/product\/33181","targetHints":{"allow":["GET"]}}],"collection":[{"href":"https:\/\/staging.pepiniereezavin.com\/en\/wp-json\/wp\/v2\/product"}],"about":[{"href":"https:\/\/staging.pepiniereezavin.com\/en\/wp-json\/wp\/v2\/types\/product"}],"wp:featuredmedia":[{"embeddable":true,"href":"https:\/\/staging.pepiniereezavin.com\/en\/wp-json\/wp\/v2\/media\/33182"}],"wp:attachment":[{"href":"https:\/\/staging.pepiniereezavin.com\/en\/wp-json\/wp\/v2\/media?parent=33181"}],"wp:term":[{"taxonomy":"product_cat","embeddable":true,"href":"https:\/\/staging.pepiniereezavin.com\/en\/wp-json\/wp\/v2\/product_cat?post=33181"},{"taxonomy":"product_tag","embeddable":true,"href":"https:\/\/staging.pepiniereezavin.com\/en\/wp-json\/wp\/v2\/product_tag?post=33181"}],"curies":[{"name":"wp","href":"https:\/\/api.w.org\/{rel}","templated":true}]}}