{"id":33187,"date":"2022-05-07T17:58:00","date_gmt":"2022-05-07T15:58:00","guid":{"rendered":"https:\/\/pepiniereezavin.com\/?post_type=product&#038;p=33187"},"modified":"2022-12-20T13:58:27","modified_gmt":"2022-12-20T12:58:27","slug":"pyrrosia-lingua-debilis","status":"publish","type":"product","link":"https:\/\/staging.pepiniereezavin.com\/en\/product\/pyrrosia-lingua-debilis\/","title":{"rendered":"Pyrrosia lingua forme \u00ab\u00a0similis\u00a0\u00bb"},"content":{"rendered":"<p>La forme \u00ab\u00a0similis\u00a0\u00bb de <em>Pyrrosia lingua<\/em> a le m\u00eame comportement de couvre-sol tapissant que <a href=\"https:\/\/staging.pepiniereezavin.com\/en\/product\/pyrrosia-lingua\/\" target=\"_blank\" rel=\"noopener\"><em>Pyrrosia lingua<\/em> <\/a>type. Les nervures sont beaucoup plus visibles et vert fonc\u00e9. Les frondes sont aussi un peu plus ovales que le type. Cette souche provient de spores ramen\u00e9es du Yangshuo en Chine. Cultiv\u00e9 en ext\u00e9rieur (zone 9) depuis plus de 20 ans. Culture facile, mais lente, comme tous les Pyrrosia.<br \/>\n<span style=\"text-decoration: underline;\">Hauteur adulte<\/span> : 20\/25 cm. <span style=\"text-decoration: underline;\">Origine g\u00e9ographique<\/span> : Yangshuo, Chine. <span style=\"text-decoration: underline;\">Persistance hiver<\/span> : Persistant. <span style=\"text-decoration: underline;\">Rusticit\u00e9 USDA<\/span> : Zone 9 (-6.7\u00b0C\/-1.1\u00b0C), peut-\u00eatre moins.<\/p>","protected":false},"excerpt":{"rendered":"<p>La forme \u00ab\u00a0similis\u00a0\u00bb de <em>Pyrrosia lingua<\/em> a le m\u00eame comportement de couvre-sol tapissant que <a href=\"https:\/\/staging.pepiniereezavin.com\/en\/product\/pyrrosia-lingua\/\" target=\"_blank\" rel=\"noopener\"><em>Pyrrosia lingua<\/em> <\/a>type. Les nervures sont beaucoup plus visibles et vert fonc\u00e9. Les frondes sont aussi un peu plus ovales que le type. Cette souche provient de spores ramen\u00e9es du Yangshuo en Chine. Cultiv\u00e9 en ext\u00e9rieur (zone 9) depuis plus de 20 ans. Culture facile, mais lente, comme tous les Pyrrosia.<br \/>\n<span style=\"text-decoration: underline;\">Hauteur adulte<\/span> : 20\/25 cm. <span style=\"text-decoration: underline;\">Origine g\u00e9ographique<\/span> : Yangshuo, Chine. <span style=\"text-decoration: underline;\">Persistance hiver<\/span> : Persistant. <span style=\"text-decoration: underline;\">Rusticit\u00e9 USDA<\/span> : Zone 9 (-6.7\u00b0C\/-1.1\u00b0C), peut-\u00eatre moins.<\/p>","protected":false},"featured_media":33201,"template":"","meta":{"site-sidebar-layout":"default","site-content-layout":"default","ast-global-header-display":"","ast-main-header-display":"","ast-hfb-above-header-display":"","ast-hfb-below-header-display":"","ast-hfb-mobile-header-display":"","site-post-title":"","ast-breadcrumbs-content":"","ast-featured-img":"","footer-sml-layout":"","theme-transparent-header-meta":"default","adv-header-id-meta":"","stick-header-meta":"default","header-above-stick-meta":"","header-main-stick-meta":"","header-below-stick-meta":""},"product_cat":[535,543,545,546],"product_tag":[525,529,556,558,559,533],"class_list":["post-33187","product","type-product","status-publish","has-post-thumbnail","hentry","product_cat-fougeres","product_cat-fougeres-interieur","product_cat-fougeres-climat-doux","product_cat-fougeres-climat-frais","product_tag-plantes-a-feuillage-coriace","product_tag-plantes-origine-asiatique","product_tag-plantes-pour-interieur","product_tag-plantes-pour-climats-doux","product_tag-plantes-pour-climats-frais","product_tag-plantes-pour-mur-vegetaux","pa_taille-du-pot-pot-12-14-cm-diametre","desktop-align-center","tablet-align-center","mobile-align-center","ast-product-gallery-layout-horizontal","ast-product-single-variable","ast-product-tabs-layout-horizontal","ast-qv-on-image"],"_links":{"self":[{"href":"https:\/\/staging.pepiniereezavin.com\/en\/wp-json\/wp\/v2\/product\/33187","targetHints":{"allow":["GET"]}}],"collection":[{"href":"https:\/\/staging.pepiniereezavin.com\/en\/wp-json\/wp\/v2\/product"}],"about":[{"href":"https:\/\/staging.pepiniereezavin.com\/en\/wp-json\/wp\/v2\/types\/product"}],"wp:featuredmedia":[{"embeddable":true,"href":"https:\/\/staging.pepiniereezavin.com\/en\/wp-json\/wp\/v2\/media\/33201"}],"wp:attachment":[{"href":"https:\/\/staging.pepiniereezavin.com\/en\/wp-json\/wp\/v2\/media?parent=33187"}],"wp:term":[{"taxonomy":"product_cat","embeddable":true,"href":"https:\/\/staging.pepiniereezavin.com\/en\/wp-json\/wp\/v2\/product_cat?post=33187"},{"taxonomy":"product_tag","embeddable":true,"href":"https:\/\/staging.pepiniereezavin.com\/en\/wp-json\/wp\/v2\/product_tag?post=33187"}],"curies":[{"name":"wp","href":"https:\/\/api.w.org\/{rel}","templated":true}]}}