{"id":33269,"date":"2022-05-27T15:29:37","date_gmt":"2022-05-27T13:29:37","guid":{"rendered":"https:\/\/pepiniereezavin.com\/?post_type=product&#038;p=33269"},"modified":"2022-10-11T13:59:39","modified_gmt":"2022-10-11T11:59:39","slug":"begonia-jiewhoei","status":"publish","type":"product","link":"https:\/\/staging.pepiniereezavin.com\/en\/product\/begonia-jiewhoei\/","title":{"rendered":"Begonia jiewhoei"},"content":{"rendered":"<p><em>Begonia jiewhoei<\/em> est une merveille des r\u00e9gions calcaires de Malaisie. Les <strong>feuilles iris\u00e9es<\/strong>, macul\u00e9es de gros cercles blanc argent\u00e9, nervur\u00e9es de rouge, sont frang\u00e9es de cils blancs! A cultiver en <strong>terrarium<\/strong>. Croissance rapide et floraison blanche en \u00e9t\u00e9. Pas des plus faciles, mais d&rsquo;une beaut\u00e9 et d&rsquo;une attractivit\u00e9 \u00e9tonnantes.<\/p>\n<p><span style=\"text-decoration: underline;\">Hauteur<\/span> : 20\/40cm. <span style=\"text-decoration: underline;\">Origine g\u00e9ographique<\/span> : Malaisie. <span style=\"text-decoration: underline;\">Persistance hiver<\/span> :\u00a0 persistant. <span style=\"text-decoration: underline;\">Rusticit\u00e9 USDA<\/span> : Zone 12 (+10\u00b0C\/+15,6\u00b0C)<\/p>","protected":false},"excerpt":{"rendered":"<p><em>Begonia jiewhoei<\/em> est une merveille des r\u00e9gions calcaires de Malaisie. Les <strong>feuilles iris\u00e9es<\/strong>, macul\u00e9es de gros cercles blanc argent\u00e9, nervur\u00e9es de rouge, sont frang\u00e9es de cils blancs! A cultiver en <strong>terrarium<\/strong>. Croissance rapide et floraison blanche en \u00e9t\u00e9. Pas des plus faciles, mais d&rsquo;une beaut\u00e9 et d&rsquo;une attractivit\u00e9 \u00e9tonnantes.<\/p>\n<p><span style=\"text-decoration: underline;\">Hauteur<\/span> : 20\/40cm. <span style=\"text-decoration: underline;\">Origine g\u00e9ographique<\/span> : Malaisie. <span style=\"text-decoration: underline;\">Persistance hiver<\/span> :\u00a0 persistant. <span style=\"text-decoration: underline;\">Rusticit\u00e9 USDA<\/span> : Zone 12 (+10\u00b0C\/+15,6\u00b0C)<\/p>","protected":false},"featured_media":33271,"template":"","meta":{"site-sidebar-layout":"default","site-content-layout":"default","ast-global-header-display":"","ast-main-header-display":"","ast-hfb-above-header-display":"","ast-hfb-below-header-display":"","ast-hfb-mobile-header-display":"","site-post-title":"","ast-breadcrumbs-content":"","ast-featured-img":"","footer-sml-layout":"","theme-transparent-header-meta":"default","adv-header-id-meta":"","stick-header-meta":"default","header-above-stick-meta":"","header-main-stick-meta":"","header-below-stick-meta":""},"product_cat":[536,547,548],"product_tag":[520,529,556,533,557],"class_list":["post-33269","product","type-product","status-publish","has-post-thumbnail","hentry","product_cat-begonias","product_cat-begonias-interieur","product_cat-begonias-terrarium","product_tag-begonias-botaniques","product_tag-plantes-origine-asiatique","product_tag-plantes-pour-interieur","product_tag-plantes-pour-mur-vegetaux","product_tag-plantes-pour-terrarium","pa_taille-du-pot-pot-10-12-cm-diametre","desktop-align-center","tablet-align-center","mobile-align-center","ast-product-gallery-layout-horizontal","ast-product-single-variable","ast-product-tabs-layout-horizontal","ast-qv-on-image"],"_links":{"self":[{"href":"https:\/\/staging.pepiniereezavin.com\/en\/wp-json\/wp\/v2\/product\/33269","targetHints":{"allow":["GET"]}}],"collection":[{"href":"https:\/\/staging.pepiniereezavin.com\/en\/wp-json\/wp\/v2\/product"}],"about":[{"href":"https:\/\/staging.pepiniereezavin.com\/en\/wp-json\/wp\/v2\/types\/product"}],"wp:featuredmedia":[{"embeddable":true,"href":"https:\/\/staging.pepiniereezavin.com\/en\/wp-json\/wp\/v2\/media\/33271"}],"wp:attachment":[{"href":"https:\/\/staging.pepiniereezavin.com\/en\/wp-json\/wp\/v2\/media?parent=33269"}],"wp:term":[{"taxonomy":"product_cat","embeddable":true,"href":"https:\/\/staging.pepiniereezavin.com\/en\/wp-json\/wp\/v2\/product_cat?post=33269"},{"taxonomy":"product_tag","embeddable":true,"href":"https:\/\/staging.pepiniereezavin.com\/en\/wp-json\/wp\/v2\/product_tag?post=33269"}],"curies":[{"name":"wp","href":"https:\/\/api.w.org\/{rel}","templated":true}]}}