{"id":33514,"date":"2022-08-28T19:37:39","date_gmt":"2022-08-28T17:37:39","guid":{"rendered":"https:\/\/pepiniereezavin.com\/?post_type=product&#038;p=33514"},"modified":"2022-11-02T13:53:55","modified_gmt":"2022-11-02T12:53:55","slug":"microsorum-henryi","status":"publish","type":"product","link":"https:\/\/staging.pepiniereezavin.com\/en\/product\/microsorum-henryi\/","title":{"rendered":"Microsorum henryi"},"content":{"rendered":"<p>Cette curieuse foug\u00e8re \u00e0 frondes dress\u00e9es et enti\u00e8res se pla\u00eet en v\u00e9randa, en int\u00e9rieur clair, ou en ext\u00e9rieur en climat doux (zone de l&rsquo;oranger).<br \/>\nElle forme une touffe dense de frondes vert vif \u00e0 texture un peu grasse. Les sores rondes oranges, bien align\u00e9es, ajoutent \u00e0 ce contraste. Cette forme robuste est originaire de Ta\u00efwan.<br \/>\nHauteur adulte : 40\/60 (100)cm. Origine g\u00e9ographique : Asie du Sud-Est. Persistance hiver : persistant. Rusticit\u00e9 USDA : Zone 10 (-1.1\u00b0C\/+4.4\u00b0C), peut-\u00eatre moins si au sec.<\/p>","protected":false},"excerpt":{"rendered":"<p>Cette curieuse foug\u00e8re \u00e0 frondes dress\u00e9es et enti\u00e8res se pla\u00eet en v\u00e9randa, en int\u00e9rieur clair, ou en ext\u00e9rieur en climat doux (zone de l&rsquo;oranger).<br \/>\nElle forme une touffe dense de frondes vert vif \u00e0 texture un peu grasse. Les sores rondes oranges, bien align\u00e9es, ajoutent \u00e0 ce contraste. Cette forme robuste est originaire de Ta\u00efwan.<br \/>\nHauteur adulte : 40\/60 (100)cm. Origine g\u00e9ographique : Asie du Sud-Est. Persistance hiver : persistant. Rusticit\u00e9 USDA : Zone 10 (-1.1\u00b0C\/+4.4\u00b0C), peut-\u00eatre moins si au sec.<\/p>","protected":false},"featured_media":33516,"template":"","meta":{"site-sidebar-layout":"default","site-content-layout":"default","ast-global-header-display":"","ast-main-header-display":"","ast-hfb-above-header-display":"","ast-hfb-below-header-display":"","ast-hfb-mobile-header-display":"","site-post-title":"","ast-breadcrumbs-content":"","ast-featured-img":"","footer-sml-layout":"","theme-transparent-header-meta":"default","adv-header-id-meta":"","stick-header-meta":"default","header-above-stick-meta":"","header-main-stick-meta":"","header-below-stick-meta":""},"product_cat":[535,543,545],"product_tag":[562,525,529,556,558],"class_list":["post-33514","product","type-product","status-publish","has-post-thumbnail","hentry","product_cat-fougeres","product_cat-fougeres-interieur","product_cat-fougeres-climat-doux","product_tag-pl","product_tag-plantes-a-feuillage-coriace","product_tag-plantes-origine-asiatique","product_tag-plantes-pour-interieur","product_tag-plantes-pour-climats-doux","pa_taille-du-pot-pot-12-14-cm-diametre","desktop-align-center","tablet-align-center","mobile-align-center","ast-product-gallery-layout-horizontal","ast-product-single-variable","ast-product-tabs-layout-horizontal","ast-qv-on-image"],"_links":{"self":[{"href":"https:\/\/staging.pepiniereezavin.com\/en\/wp-json\/wp\/v2\/product\/33514","targetHints":{"allow":["GET"]}}],"collection":[{"href":"https:\/\/staging.pepiniereezavin.com\/en\/wp-json\/wp\/v2\/product"}],"about":[{"href":"https:\/\/staging.pepiniereezavin.com\/en\/wp-json\/wp\/v2\/types\/product"}],"wp:featuredmedia":[{"embeddable":true,"href":"https:\/\/staging.pepiniereezavin.com\/en\/wp-json\/wp\/v2\/media\/33516"}],"wp:attachment":[{"href":"https:\/\/staging.pepiniereezavin.com\/en\/wp-json\/wp\/v2\/media?parent=33514"}],"wp:term":[{"taxonomy":"product_cat","embeddable":true,"href":"https:\/\/staging.pepiniereezavin.com\/en\/wp-json\/wp\/v2\/product_cat?post=33514"},{"taxonomy":"product_tag","embeddable":true,"href":"https:\/\/staging.pepiniereezavin.com\/en\/wp-json\/wp\/v2\/product_tag?post=33514"}],"curies":[{"name":"wp","href":"https:\/\/api.w.org\/{rel}","templated":true}]}}