{"id":33523,"date":"2022-08-30T16:44:45","date_gmt":"2022-08-30T14:44:45","guid":{"rendered":"https:\/\/pepiniereezavin.com\/?post_type=product&#038;p=33523"},"modified":"2022-09-28T12:01:55","modified_gmt":"2022-09-28T10:01:55","slug":"thelypteris-opulenta","status":"publish","type":"product","link":"https:\/\/staging.pepiniereezavin.com\/en\/product\/thelypteris-opulenta\/","title":{"rendered":"Thelypteris opulenta"},"content":{"rendered":"<p><em>Thelypteris opulenta<\/em> est une foug\u00e8re \u00e0 grandes frondes (1m). Le port est dress\u00e9, et parfois d\u00e9jet\u00e9 sur le c\u00f4t\u00e9. Les jeunes frondes sont couvertes de poils velout\u00e9s roses. Cette esp\u00e8ce vigoureuse donne un aspect tropical instantan\u00e9ment!<br \/>\nCulture facile en int\u00e9rieur lumineux ou v\u00e9randa. La plante est caduque sous 5\u00b0C, mais persistante au dessus. Garder hors gel. Planter dans un grand pot pour que la plante s&rsquo;exprime bien.<br \/>\nHauteur adulte : 100\/120. Origine g\u00e9ographique : Asie du Sud-Est. Persistance hiver : caduque si les temp\u00e9ratures passent sous les 5\u00b0C, persistant si gard\u00e9 en int\u00e9rieur. Rusticit\u00e9 USDA : Zone 10 (-1.1\u00b0C\/+4.4\u00b0C), peut-\u00eatre moins.<\/p>","protected":false},"excerpt":{"rendered":"<p><em>Thelypteris opulenta<\/em> est une foug\u00e8re \u00e0 grandes frondes (1m). Le port est dress\u00e9, et parfois d\u00e9jet\u00e9 sur le c\u00f4t\u00e9. Les jeunes frondes sont couvertes de poils velout\u00e9s roses. Cette esp\u00e8ce vigoureuse donne un aspect tropical instantan\u00e9ment!<br \/>\nCulture facile en int\u00e9rieur lumineux ou v\u00e9randa. La plante est caduque sous 5\u00b0C, mais persistante au dessus. Garder hors gel. Planter dans un grand pot pour que la plante s&rsquo;exprime bien.<br \/>\nHauteur adulte : 100\/120. Origine g\u00e9ographique : Asie du Sud-Est. Persistance hiver : caduque si les temp\u00e9ratures passent sous les 5\u00b0C, persistant si gard\u00e9 en int\u00e9rieur. Rusticit\u00e9 USDA : Zone 10 (-1.1\u00b0C\/+4.4\u00b0C), peut-\u00eatre moins.<\/p>","protected":false},"featured_media":33525,"template":"","meta":{"site-sidebar-layout":"default","site-content-layout":"default","ast-global-header-display":"","ast-main-header-display":"","ast-hfb-above-header-display":"","ast-hfb-below-header-display":"","ast-hfb-mobile-header-display":"","site-post-title":"","ast-breadcrumbs-content":"","ast-featured-img":"","footer-sml-layout":"","theme-transparent-header-meta":"default","adv-header-id-meta":"","stick-header-meta":"default","header-above-stick-meta":"","header-main-stick-meta":"","header-below-stick-meta":""},"product_cat":[535,543,545],"product_tag":[529,556,558],"class_list":["post-33523","product","type-product","status-publish","has-post-thumbnail","hentry","product_cat-fougeres","product_cat-fougeres-interieur","product_cat-fougeres-climat-doux","product_tag-plantes-origine-asiatique","product_tag-plantes-pour-interieur","product_tag-plantes-pour-climats-doux","pa_taille-du-pot-pot-15-18-cm-diametre","desktop-align-center","tablet-align-center","mobile-align-center","ast-product-gallery-layout-horizontal","ast-product-single-variable","ast-product-tabs-layout-horizontal","ast-qv-on-image"],"_links":{"self":[{"href":"https:\/\/staging.pepiniereezavin.com\/en\/wp-json\/wp\/v2\/product\/33523","targetHints":{"allow":["GET"]}}],"collection":[{"href":"https:\/\/staging.pepiniereezavin.com\/en\/wp-json\/wp\/v2\/product"}],"about":[{"href":"https:\/\/staging.pepiniereezavin.com\/en\/wp-json\/wp\/v2\/types\/product"}],"wp:featuredmedia":[{"embeddable":true,"href":"https:\/\/staging.pepiniereezavin.com\/en\/wp-json\/wp\/v2\/media\/33525"}],"wp:attachment":[{"href":"https:\/\/staging.pepiniereezavin.com\/en\/wp-json\/wp\/v2\/media?parent=33523"}],"wp:term":[{"taxonomy":"product_cat","embeddable":true,"href":"https:\/\/staging.pepiniereezavin.com\/en\/wp-json\/wp\/v2\/product_cat?post=33523"},{"taxonomy":"product_tag","embeddable":true,"href":"https:\/\/staging.pepiniereezavin.com\/en\/wp-json\/wp\/v2\/product_tag?post=33523"}],"curies":[{"name":"wp","href":"https:\/\/api.w.org\/{rel}","templated":true}]}}