{"id":33587,"date":"2022-09-10T20:25:36","date_gmt":"2022-09-10T18:25:36","guid":{"rendered":"https:\/\/pepiniereezavin.com\/?post_type=product&#038;p=33587"},"modified":"2022-10-19T08:05:59","modified_gmt":"2022-10-19T06:05:59","slug":"rohdea-japonica-tama-jishi","status":"publish","type":"product","link":"https:\/\/staging.pepiniereezavin.com\/en\/product\/rohdea-japonica-tama-jishi\/","title":{"rendered":"Rohdea japonica &lsquo;Tama-Jishi&rsquo;"},"content":{"rendered":"<p>Cette vari\u00e9t\u00e9 de <strong>Lys Sacr\u00e9 du Japon<\/strong> a des feuilles qui poussent en <strong>spirale<\/strong>! Quelques lignes blanches apparaissent parfois sur les bords des feuilles. Celles-ci s&rsquo;enroulent sur elles-m\u00eames au cours de leur croissance. Ce vigoureux cultivar appr\u00e9cie la mi-ombre fra\u00eeche, comme les autres formes de cette \u00e9tonnante plante! En ext\u00e9rieur ou en int\u00e9rieur. Les plantes vendues sont cultiv\u00e9es en ext\u00e9rieur.<br \/>\nHauteur adulte : 20\/40 cm. Origine g\u00e9ographique : Japon. Persistance hiver : Persistant. Rusticit\u00e9 USDA : Zone 7 (-17.8\u00b0C\/-12.2\u00b0C).<\/p>","protected":false},"excerpt":{"rendered":"<p>Cette vari\u00e9t\u00e9 de <strong>Lys Sacr\u00e9 du Japon<\/strong> a des feuilles qui poussent en <strong>spirale<\/strong>! Quelques lignes blanches apparaissent parfois sur les bords des feuilles. Celles-ci s&rsquo;enroulent sur elles-m\u00eames au cours de leur croissance. Ce vigoureux cultivar appr\u00e9cie la mi-ombre fra\u00eeche, comme les autres formes de cette \u00e9tonnante plante! En ext\u00e9rieur ou en int\u00e9rieur. Les plantes vendues sont cultiv\u00e9es en ext\u00e9rieur.<br \/>\nHauteur adulte : 20\/40 cm. Origine g\u00e9ographique : Japon. Persistance hiver : Persistant. Rusticit\u00e9 USDA : Zone 7 (-17.8\u00b0C\/-12.2\u00b0C).<\/p>","protected":false},"featured_media":33589,"template":"","meta":{"site-sidebar-layout":"default","site-content-layout":"default","ast-global-header-display":"","ast-main-header-display":"","ast-hfb-above-header-display":"","ast-hfb-below-header-display":"","ast-hfb-mobile-header-display":"","site-post-title":"","ast-breadcrumbs-content":"","ast-featured-img":"","footer-sml-layout":"","theme-transparent-header-meta":"default","adv-header-id-meta":"","stick-header-meta":"default","header-above-stick-meta":"","header-main-stick-meta":"","header-below-stick-meta":""},"product_cat":[537,551,552,553],"product_tag":[525,529,556,558,559],"class_list":["post-33587","product","type-product","status-publish","has-post-thumbnail","hentry","product_cat-autres-plantes","product_cat-autres-plantes-d-interieur","product_cat-autres-plantes-pour-climat-doux","product_cat-autres-plantes-pour-climat-frais","product_tag-plantes-a-feuillage-coriace","product_tag-plantes-origine-asiatique","product_tag-plantes-pour-interieur","product_tag-plantes-pour-climats-doux","product_tag-plantes-pour-climats-frais","pa_taille-du-pot-pot-12-14-cm-diametre","desktop-align-center","tablet-align-center","mobile-align-center","ast-product-gallery-layout-horizontal","ast-product-single-variable","ast-product-tabs-layout-horizontal","ast-qv-on-image"],"_links":{"self":[{"href":"https:\/\/staging.pepiniereezavin.com\/en\/wp-json\/wp\/v2\/product\/33587","targetHints":{"allow":["GET"]}}],"collection":[{"href":"https:\/\/staging.pepiniereezavin.com\/en\/wp-json\/wp\/v2\/product"}],"about":[{"href":"https:\/\/staging.pepiniereezavin.com\/en\/wp-json\/wp\/v2\/types\/product"}],"wp:featuredmedia":[{"embeddable":true,"href":"https:\/\/staging.pepiniereezavin.com\/en\/wp-json\/wp\/v2\/media\/33589"}],"wp:attachment":[{"href":"https:\/\/staging.pepiniereezavin.com\/en\/wp-json\/wp\/v2\/media?parent=33587"}],"wp:term":[{"taxonomy":"product_cat","embeddable":true,"href":"https:\/\/staging.pepiniereezavin.com\/en\/wp-json\/wp\/v2\/product_cat?post=33587"},{"taxonomy":"product_tag","embeddable":true,"href":"https:\/\/staging.pepiniereezavin.com\/en\/wp-json\/wp\/v2\/product_tag?post=33587"}],"curies":[{"name":"wp","href":"https:\/\/api.w.org\/{rel}","templated":true}]}}