{"id":33607,"date":"2022-09-15T11:14:08","date_gmt":"2022-09-15T09:14:08","guid":{"rendered":"https:\/\/pepiniereezavin.com\/?post_type=product&#038;p=33607"},"modified":"2023-01-02T21:37:25","modified_gmt":"2023-01-02T20:37:25","slug":"aspidistra-fungilliformis-china-star","status":"publish","type":"product","link":"https:\/\/staging.pepiniereezavin.com\/en\/product\/aspidistra-fungilliformis-china-star\/","title":{"rendered":"Aspidistra fungilliformis &lsquo;China Star&rsquo;"},"content":{"rendered":"<p>Cet Aspidistra pousse en touffe basse \u00e9tal\u00e9e. Les larges feuilles sont constell\u00e9es de taches vert clair \u00e0 blanc, et se courbent \u00e0 l&rsquo;horizontale \u00e0 leur extr\u00e9mit\u00e9. Les gaines des jeunes feuilles sont rouge fonc\u00e9 lie-de-vin.<\/p>\n<p>A cultiver en ombre ou mi-ombre. Plante d&rsquo;int\u00e9rieur ou d&rsquo;ext\u00e9rieur en climat doux. Plante vigoureuse. Les fleurs rouges et blanches apparaissent en hiver.<br \/>\nHauteur adulte : 20\/40 (60). Origine g\u00e9ographique : horticole? Persistance hiver : Persistant. Rusticit\u00e9 USDA : Zone 9 (-6.7\u00b0C\/-1.1\u00b0C), peut-\u00eatre moins.<\/p>","protected":false},"excerpt":{"rendered":"<p>Cet Aspidistra pousse en touffe basse \u00e9tal\u00e9e. Les larges feuilles sont constell\u00e9es de taches vert clair \u00e0 blanc, et se courbent \u00e0 l&rsquo;horizontale \u00e0 leur extr\u00e9mit\u00e9. Les gaines des jeunes feuilles sont rouge fonc\u00e9 lie-de-vin.<\/p>\n<p>A cultiver en ombre ou mi-ombre. Plante d&rsquo;int\u00e9rieur ou d&rsquo;ext\u00e9rieur en climat doux. Plante vigoureuse. Les fleurs rouges et blanches apparaissent en hiver.<br \/>\nHauteur adulte : 20\/40 (60). Origine g\u00e9ographique : horticole? Persistance hiver : Persistant. Rusticit\u00e9 USDA : Zone 9 (-6.7\u00b0C\/-1.1\u00b0C), peut-\u00eatre moins.<\/p>","protected":false},"featured_media":33610,"template":"","meta":{"site-sidebar-layout":"default","site-content-layout":"default","ast-global-header-display":"","ast-main-header-display":"","ast-hfb-above-header-display":"","ast-hfb-below-header-display":"","ast-hfb-mobile-header-display":"","site-post-title":"","ast-breadcrumbs-content":"","ast-featured-img":"","footer-sml-layout":"","theme-transparent-header-meta":"default","adv-header-id-meta":"","stick-header-meta":"default","header-above-stick-meta":"","header-main-stick-meta":"","header-below-stick-meta":""},"product_cat":[537,551,552],"product_tag":[525,526,529,556,558,534],"class_list":["post-33607","product","type-product","status-publish","has-post-thumbnail","hentry","product_cat-autres-plantes","product_cat-autres-plantes-d-interieur","product_cat-autres-plantes-pour-climat-doux","product_tag-plantes-a-feuillage-coriace","product_tag-plantes-couvre-sol","product_tag-plantes-origine-asiatique","product_tag-plantes-pour-interieur","product_tag-plantes-pour-climats-doux","product_tag-plantes-pour-ombre-seche","pa_taille-du-pot-pot-12-14-cm-diametre","desktop-align-center","tablet-align-center","mobile-align-center","ast-product-gallery-layout-horizontal","ast-product-single-variable","ast-product-tabs-layout-horizontal","ast-qv-on-image"],"_links":{"self":[{"href":"https:\/\/staging.pepiniereezavin.com\/en\/wp-json\/wp\/v2\/product\/33607","targetHints":{"allow":["GET"]}}],"collection":[{"href":"https:\/\/staging.pepiniereezavin.com\/en\/wp-json\/wp\/v2\/product"}],"about":[{"href":"https:\/\/staging.pepiniereezavin.com\/en\/wp-json\/wp\/v2\/types\/product"}],"wp:featuredmedia":[{"embeddable":true,"href":"https:\/\/staging.pepiniereezavin.com\/en\/wp-json\/wp\/v2\/media\/33610"}],"wp:attachment":[{"href":"https:\/\/staging.pepiniereezavin.com\/en\/wp-json\/wp\/v2\/media?parent=33607"}],"wp:term":[{"taxonomy":"product_cat","embeddable":true,"href":"https:\/\/staging.pepiniereezavin.com\/en\/wp-json\/wp\/v2\/product_cat?post=33607"},{"taxonomy":"product_tag","embeddable":true,"href":"https:\/\/staging.pepiniereezavin.com\/en\/wp-json\/wp\/v2\/product_tag?post=33607"}],"curies":[{"name":"wp","href":"https:\/\/api.w.org\/{rel}","templated":true}]}}