{"id":33641,"date":"2022-09-21T20:01:02","date_gmt":"2022-09-21T18:01:02","guid":{"rendered":"https:\/\/pepiniereezavin.com\/?post_type=product&#038;p=33641"},"modified":"2022-12-23T11:40:45","modified_gmt":"2022-12-23T10:40:45","slug":"pteris-umbrosa","status":"publish","type":"product","link":"https:\/\/staging.pepiniereezavin.com\/en\/product\/pteris-umbrosa\/","title":{"rendered":"Pteris umbrosa"},"content":{"rendered":"<p><em>Pteris umbrosa<\/em> forme une grande touffe dress\u00e9e. Les frondes vert clair se terminent \u00e9l\u00e9gamment en fins segments pointus. Les frondes fertiles ont des segments plus \u00e9troits que les frondes st\u00e9riles, et apparaissent en \u00e9t\u00e9.<br \/>\nSol frais, ombre l\u00e9g\u00e8re, voici une plante surprenante par sa vigueur. Elle est nomm\u00e9e &lsquo;Jungle Fern&rsquo; en Anglais. En ext\u00e9rieur en climat doux, en v\u00e9randa ou en int\u00e9rieur ailleurs.<br \/>\nHauteur adulte : 60\/80 cm. Origine g\u00e9ographique : Australie. Persistance hiver : Persistant jusqu&rsquo;\u00e0 0\u00b0C. Rusticit\u00e9 USDA : Zone 9 (-6.7\u00b0C\/-1.1\u00b0C).<\/p>","protected":false},"excerpt":{"rendered":"<p><em>Pteris umbrosa<\/em> forme une grande touffe dress\u00e9e. Les frondes vert clair se terminent \u00e9l\u00e9gamment en fins segments pointus. Les frondes fertiles ont des segments plus \u00e9troits que les frondes st\u00e9riles, et apparaissent en \u00e9t\u00e9.<br \/>\nSol frais, ombre l\u00e9g\u00e8re, voici une plante surprenante par sa vigueur. Elle est nomm\u00e9e &lsquo;Jungle Fern&rsquo; en Anglais. En ext\u00e9rieur en climat doux, en v\u00e9randa ou en int\u00e9rieur ailleurs.<br \/>\nHauteur adulte : 60\/80 cm. Origine g\u00e9ographique : Australie. Persistance hiver : Persistant jusqu&rsquo;\u00e0 0\u00b0C. Rusticit\u00e9 USDA : Zone 9 (-6.7\u00b0C\/-1.1\u00b0C).<\/p>","protected":false},"featured_media":33643,"template":"","meta":{"site-sidebar-layout":"default","site-content-layout":"default","ast-global-header-display":"","ast-main-header-display":"","ast-hfb-above-header-display":"","ast-hfb-below-header-display":"","ast-hfb-mobile-header-display":"","site-post-title":"","ast-breadcrumbs-content":"","ast-featured-img":"","footer-sml-layout":"","theme-transparent-header-meta":"default","adv-header-id-meta":"","stick-header-meta":"default","header-above-stick-meta":"","header-main-stick-meta":"","header-below-stick-meta":""},"product_cat":[535,543,545],"product_tag":[531,556,558],"class_list":["post-33641","product","type-product","status-publish","has-post-thumbnail","hentry","product_cat-fougeres","product_cat-fougeres-interieur","product_cat-fougeres-climat-doux","product_tag-plantes-origine-oceanienne","product_tag-plantes-pour-interieur","product_tag-plantes-pour-climats-doux","pa_taille-du-pot-pot-15-18-cm-diametre","desktop-align-center","tablet-align-center","mobile-align-center","ast-product-gallery-layout-horizontal","ast-product-single-variable","ast-product-tabs-layout-horizontal","ast-qv-on-image"],"_links":{"self":[{"href":"https:\/\/staging.pepiniereezavin.com\/en\/wp-json\/wp\/v2\/product\/33641","targetHints":{"allow":["GET"]}}],"collection":[{"href":"https:\/\/staging.pepiniereezavin.com\/en\/wp-json\/wp\/v2\/product"}],"about":[{"href":"https:\/\/staging.pepiniereezavin.com\/en\/wp-json\/wp\/v2\/types\/product"}],"wp:featuredmedia":[{"embeddable":true,"href":"https:\/\/staging.pepiniereezavin.com\/en\/wp-json\/wp\/v2\/media\/33643"}],"wp:attachment":[{"href":"https:\/\/staging.pepiniereezavin.com\/en\/wp-json\/wp\/v2\/media?parent=33641"}],"wp:term":[{"taxonomy":"product_cat","embeddable":true,"href":"https:\/\/staging.pepiniereezavin.com\/en\/wp-json\/wp\/v2\/product_cat?post=33641"},{"taxonomy":"product_tag","embeddable":true,"href":"https:\/\/staging.pepiniereezavin.com\/en\/wp-json\/wp\/v2\/product_tag?post=33641"}],"curies":[{"name":"wp","href":"https:\/\/api.w.org\/{rel}","templated":true}]}}