{"id":33666,"date":"2022-09-27T19:21:13","date_gmt":"2022-09-27T17:21:13","guid":{"rendered":"https:\/\/pepiniereezavin.com\/?post_type=product&#038;p=33666"},"modified":"2022-12-05T10:20:30","modified_gmt":"2022-12-05T09:20:30","slug":"abutilon-nabob","status":"publish","type":"product","link":"https:\/\/staging.pepiniereezavin.com\/en\/product\/abutilon-nabob\/","title":{"rendered":"Abutilon &lsquo;Nabob&rsquo;"},"content":{"rendered":"<p>Abutilon &lsquo;Nabob&rsquo; est un buisson \u00e0 feuilles d&rsquo;\u00e9rable et \u00e0 fleurs rouge fonc\u00e9 brillantes de toute beaut\u00e9! Les clochettes apparaissent pendant tout l&rsquo;\u00e9t\u00e9, \u00e0 mi-ombre. Sol riche et drainant.<br \/>\nPour ext\u00e9rieur en climat doux. A rentrer l&rsquo;hiver ailleurs. Ou v\u00e9randa ou int\u00e9rieur clair.<br \/>\nHauteur adulte : 80\/100. Origine g\u00e9ographique : horticole. Persistance hiver : Semi-persistant. Rusticit\u00e9 USDA : Zone 9 (-6.7\u00b0C\/-1.1\u00b0C).<\/p>","protected":false},"excerpt":{"rendered":"<p>Abutilon &lsquo;Nabob&rsquo; est un buisson \u00e0 feuilles d&rsquo;\u00e9rable et \u00e0 fleurs rouge fonc\u00e9 brillantes de toute beaut\u00e9! Les clochettes apparaissent pendant tout l&rsquo;\u00e9t\u00e9, \u00e0 mi-ombre. Sol riche et drainant.<br \/>\nPour ext\u00e9rieur en climat doux. A rentrer l&rsquo;hiver ailleurs. Ou v\u00e9randa ou int\u00e9rieur clair.<br \/>\nHauteur adulte : 80\/100. Origine g\u00e9ographique : horticole. Persistance hiver : Semi-persistant. Rusticit\u00e9 USDA : Zone 9 (-6.7\u00b0C\/-1.1\u00b0C).<\/p>","protected":false},"featured_media":33670,"template":"","meta":{"site-sidebar-layout":"default","site-content-layout":"default","ast-global-header-display":"","ast-main-header-display":"","ast-hfb-above-header-display":"","ast-hfb-below-header-display":"","ast-hfb-mobile-header-display":"","site-post-title":"","ast-breadcrumbs-content":"","ast-featured-img":"","footer-sml-layout":"","theme-transparent-header-meta":"default","adv-header-id-meta":"","stick-header-meta":"default","header-above-stick-meta":"","header-main-stick-meta":"","header-below-stick-meta":""},"product_cat":[537,551,552],"product_tag":[528,556,558],"class_list":["post-33666","product","type-product","status-publish","has-post-thumbnail","hentry","product_cat-autres-plantes","product_cat-autres-plantes-d-interieur","product_cat-autres-plantes-pour-climat-doux","product_tag-plantes-origine-americaine","product_tag-plantes-pour-interieur","product_tag-plantes-pour-climats-doux","pa_taille-du-pot-pot-12-14-cm-diametre","desktop-align-center","tablet-align-center","mobile-align-center","ast-product-gallery-layout-horizontal","ast-product-single-variable","ast-product-tabs-layout-horizontal","ast-qv-on-image"],"_links":{"self":[{"href":"https:\/\/staging.pepiniereezavin.com\/en\/wp-json\/wp\/v2\/product\/33666","targetHints":{"allow":["GET"]}}],"collection":[{"href":"https:\/\/staging.pepiniereezavin.com\/en\/wp-json\/wp\/v2\/product"}],"about":[{"href":"https:\/\/staging.pepiniereezavin.com\/en\/wp-json\/wp\/v2\/types\/product"}],"wp:featuredmedia":[{"embeddable":true,"href":"https:\/\/staging.pepiniereezavin.com\/en\/wp-json\/wp\/v2\/media\/33670"}],"wp:attachment":[{"href":"https:\/\/staging.pepiniereezavin.com\/en\/wp-json\/wp\/v2\/media?parent=33666"}],"wp:term":[{"taxonomy":"product_cat","embeddable":true,"href":"https:\/\/staging.pepiniereezavin.com\/en\/wp-json\/wp\/v2\/product_cat?post=33666"},{"taxonomy":"product_tag","embeddable":true,"href":"https:\/\/staging.pepiniereezavin.com\/en\/wp-json\/wp\/v2\/product_tag?post=33666"}],"curies":[{"name":"wp","href":"https:\/\/api.w.org\/{rel}","templated":true}]}}