{"id":33684,"date":"2022-09-28T15:57:20","date_gmt":"2022-09-28T13:57:20","guid":{"rendered":"https:\/\/pepiniereezavin.com\/?post_type=product&#038;p=33684"},"modified":"2022-11-24T18:43:24","modified_gmt":"2022-11-24T17:43:24","slug":"polypodium-x-mantoniae","status":"publish","type":"product","link":"https:\/\/staging.pepiniereezavin.com\/en\/product\/polypodium-x-mantoniae\/","title":{"rendered":"Polypodium x mantoniae"},"content":{"rendered":"<p><em>Polypodium x mantoniae<\/em> est l&rsquo;hybride naturel de <em>P. vulgare<\/em> et de <em>P. interjectum<\/em> pr\u00e9sente des caract\u00e8res interm\u00e9diaires entre ses parents : feuillage \u00e9pais et dress\u00e9 de <em>P. vulgare<\/em>, et vigueur de <em>P. interjectum<\/em>. Rampant par son rhizome ramifi\u00e9, c&rsquo;est une excellente plante de rocaille, qui forme rapidement une touffe de frondes dress\u00e9es. Repos estival sous climat m\u00e9diterran\u00e9en, et d\u00e9marrage automnal. Pas de repos sous climat oc\u00e9anique.<br \/>\nCulture facile en sol frais ou rocaille ombrag\u00e9e.<\/p>\n<p>Hauteur adulte : 40\/60 cm . Origine g\u00e9ographique : Europe. Persistance hiver : Persistant. Rusticit\u00e9 USDA : Zone 7 (-17.8\u00b0C\/-12.2\u00b0C).<\/p>","protected":false},"excerpt":{"rendered":"<p><em>Polypodium x mantoniae<\/em> est l&rsquo;hybride naturel de <em>P. vulgare<\/em> et de <em>P. interjectum<\/em> pr\u00e9sente des caract\u00e8res interm\u00e9diaires entre ses parents : feuillage \u00e9pais et dress\u00e9 de <em>P. vulgare<\/em>, et vigueur de <em>P. interjectum<\/em>. Rampant par son rhizome ramifi\u00e9, c&rsquo;est une excellente plante de rocaille, qui forme rapidement une touffe de frondes dress\u00e9es. Repos estival sous climat m\u00e9diterran\u00e9en, et d\u00e9marrage automnal. Pas de repos sous climat oc\u00e9anique.<br \/>\nCulture facile en sol frais ou rocaille ombrag\u00e9e.<\/p>\n<p>Hauteur adulte : 40\/60 cm . Origine g\u00e9ographique : Europe. Persistance hiver : Persistant. Rusticit\u00e9 USDA : Zone 7 (-17.8\u00b0C\/-12.2\u00b0C).<\/p>","protected":false},"featured_media":33690,"template":"","meta":{"site-sidebar-layout":"default","site-content-layout":"default","ast-global-header-display":"","ast-main-header-display":"","ast-hfb-above-header-display":"","ast-hfb-below-header-display":"","ast-hfb-mobile-header-display":"","site-post-title":"","ast-breadcrumbs-content":"","ast-featured-img":"","footer-sml-layout":"","theme-transparent-header-meta":"default","adv-header-id-meta":"","stick-header-meta":"default","header-above-stick-meta":"","header-main-stick-meta":"","header-below-stick-meta":""},"product_cat":[535,545,546],"product_tag":[526,530,558,559],"class_list":["post-33684","product","type-product","status-publish","has-post-thumbnail","hentry","product_cat-fougeres","product_cat-fougeres-climat-doux","product_cat-fougeres-climat-frais","product_tag-plantes-couvre-sol","product_tag-plantes-origine-europeenne","product_tag-plantes-pour-climats-doux","product_tag-plantes-pour-climats-frais","pa_taille-du-pot-pot-12-14-cm-diametre","desktop-align-center","tablet-align-center","mobile-align-center","ast-product-gallery-layout-horizontal","ast-product-single-variable","ast-product-tabs-layout-horizontal","ast-qv-on-image"],"_links":{"self":[{"href":"https:\/\/staging.pepiniereezavin.com\/en\/wp-json\/wp\/v2\/product\/33684","targetHints":{"allow":["GET"]}}],"collection":[{"href":"https:\/\/staging.pepiniereezavin.com\/en\/wp-json\/wp\/v2\/product"}],"about":[{"href":"https:\/\/staging.pepiniereezavin.com\/en\/wp-json\/wp\/v2\/types\/product"}],"wp:featuredmedia":[{"embeddable":true,"href":"https:\/\/staging.pepiniereezavin.com\/en\/wp-json\/wp\/v2\/media\/33690"}],"wp:attachment":[{"href":"https:\/\/staging.pepiniereezavin.com\/en\/wp-json\/wp\/v2\/media?parent=33684"}],"wp:term":[{"taxonomy":"product_cat","embeddable":true,"href":"https:\/\/staging.pepiniereezavin.com\/en\/wp-json\/wp\/v2\/product_cat?post=33684"},{"taxonomy":"product_tag","embeddable":true,"href":"https:\/\/staging.pepiniereezavin.com\/en\/wp-json\/wp\/v2\/product_tag?post=33684"}],"curies":[{"name":"wp","href":"https:\/\/api.w.org\/{rel}","templated":true}]}}