{"id":33703,"date":"2022-10-02T09:15:35","date_gmt":"2022-10-02T07:15:35","guid":{"rendered":"https:\/\/pepiniereezavin.com\/?post_type=product&#038;p=33703"},"modified":"2022-10-02T09:45:20","modified_gmt":"2022-10-02T07:45:20","slug":"ficus-pumila-quercifolia","status":"publish","type":"product","link":"https:\/\/staging.pepiniereezavin.com\/en\/product\/ficus-pumila-quercifolia\/","title":{"rendered":"Ficus pumila &lsquo;Quercifolia&rsquo;"},"content":{"rendered":"<p><em>Ficus pumila<\/em> &lsquo;Quercifolia&rsquo; est une forme de figuier rampant \u00e0 minuscules feuilles. Son port tr\u00e8s prostr\u00e9 le rend utile et d\u00e9coratif au pied d&rsquo;autres plantes en int\u00e9rieur, sur mur v\u00e9g\u00e9tal, ou en plante retombante.<br \/>\nCulture facile en int\u00e9rieur. C&rsquo;est aussi une excellente plante tapissante en terrarium.<\/p>\n<p>Hauteur adulte : 2 cm mais tiges sur plusieurs m\u00e8tres. Origine g\u00e9ographique : Asie. Persistance hiver : Persistant (garder hors gel). Rusticit\u00e9 USDA : Zone 10 (-1.1\u00b0C\/+4.4\u00b0C).<\/p>","protected":false},"excerpt":{"rendered":"<p><em>Ficus pumila<\/em> &lsquo;Quercifolia&rsquo; est une forme de figuier rampant \u00e0 minuscules feuilles. Son port tr\u00e8s prostr\u00e9 le rend utile et d\u00e9coratif au pied d&rsquo;autres plantes en int\u00e9rieur, sur mur v\u00e9g\u00e9tal, ou en plante retombante.<br \/>\nCulture facile en int\u00e9rieur. C&rsquo;est aussi une excellente plante tapissante en terrarium.<\/p>\n<p>Hauteur adulte : 2 cm mais tiges sur plusieurs m\u00e8tres. Origine g\u00e9ographique : Asie. Persistance hiver : Persistant (garder hors gel). Rusticit\u00e9 USDA : Zone 10 (-1.1\u00b0C\/+4.4\u00b0C).<\/p>","protected":false},"featured_media":33705,"template":"","meta":{"site-sidebar-layout":"default","site-content-layout":"default","ast-global-header-display":"","ast-main-header-display":"","ast-hfb-above-header-display":"","ast-hfb-below-header-display":"","ast-hfb-mobile-header-display":"","site-post-title":"","ast-breadcrumbs-content":"","ast-featured-img":"","footer-sml-layout":"","theme-transparent-header-meta":"default","adv-header-id-meta":"","stick-header-meta":"default","header-above-stick-meta":"","header-main-stick-meta":"","header-below-stick-meta":""},"product_cat":[537,551,554],"product_tag":[526,529,556,533,557],"class_list":["post-33703","product","type-product","status-publish","has-post-thumbnail","hentry","product_cat-autres-plantes","product_cat-autres-plantes-d-interieur","product_cat-autres-plantes-pour-terrarium","product_tag-plantes-couvre-sol","product_tag-plantes-origine-asiatique","product_tag-plantes-pour-interieur","product_tag-plantes-pour-mur-vegetaux","product_tag-plantes-pour-terrarium","pa_taille-du-pot-pot-10-12-cm-diametre","desktop-align-center","tablet-align-center","mobile-align-center","ast-product-gallery-layout-horizontal","ast-product-single-variable","ast-product-tabs-layout-horizontal","ast-qv-on-image"],"_links":{"self":[{"href":"https:\/\/staging.pepiniereezavin.com\/en\/wp-json\/wp\/v2\/product\/33703","targetHints":{"allow":["GET"]}}],"collection":[{"href":"https:\/\/staging.pepiniereezavin.com\/en\/wp-json\/wp\/v2\/product"}],"about":[{"href":"https:\/\/staging.pepiniereezavin.com\/en\/wp-json\/wp\/v2\/types\/product"}],"wp:featuredmedia":[{"embeddable":true,"href":"https:\/\/staging.pepiniereezavin.com\/en\/wp-json\/wp\/v2\/media\/33705"}],"wp:attachment":[{"href":"https:\/\/staging.pepiniereezavin.com\/en\/wp-json\/wp\/v2\/media?parent=33703"}],"wp:term":[{"taxonomy":"product_cat","embeddable":true,"href":"https:\/\/staging.pepiniereezavin.com\/en\/wp-json\/wp\/v2\/product_cat?post=33703"},{"taxonomy":"product_tag","embeddable":true,"href":"https:\/\/staging.pepiniereezavin.com\/en\/wp-json\/wp\/v2\/product_tag?post=33703"}],"curies":[{"name":"wp","href":"https:\/\/api.w.org\/{rel}","templated":true}]}}