{"id":33709,"date":"2022-10-04T17:42:13","date_gmt":"2022-10-04T15:42:13","guid":{"rendered":"https:\/\/pepiniereezavin.com\/?post_type=product&#038;p=33709"},"modified":"2022-10-04T17:42:13","modified_gmt":"2022-10-04T15:42:13","slug":"xcryptbergia-red-burst","status":"publish","type":"product","link":"https:\/\/staging.pepiniereezavin.com\/en\/product\/xcryptbergia-red-burst\/","title":{"rendered":"xCryptbergia &lsquo;Red Burst&rsquo;"},"content":{"rendered":"<p>Cette curieuse plante est un hybride de <em>Cryptanthus bahianus<\/em> et de <em>Billbergia nutans<\/em>. Cultiv\u00e9 \u00e0 lumi\u00e8re tamis\u00e9e, elle appara\u00eet rouge cardinal toute l&rsquo;ann\u00e9e. Croissance lente. Jamais eu encore de floraison&#8230; C&rsquo;est une plante tr\u00e8s robuste de culture facile en int\u00e9rieur, ou en terrarium, ou en v\u00e9randa hors gel.<\/p>\n<p>Hauteur adulte : 10\/20. Origine g\u00e9ographique : horticole. Persistance hiver : Persistant. Rusticit\u00e9 USDA : Zone 10 (-1.1\u00b0C\/+4.4\u00b0C). Garder hors gel.<\/p>","protected":false},"excerpt":{"rendered":"<p>Cette curieuse plante est un hybride de <em>Cryptanthus bahianus<\/em> et de <em>Billbergia nutans<\/em>. Cultiv\u00e9 \u00e0 lumi\u00e8re tamis\u00e9e, elle appara\u00eet rouge cardinal toute l&rsquo;ann\u00e9e. Croissance lente. Jamais eu encore de floraison&#8230; C&rsquo;est une plante tr\u00e8s robuste de culture facile en int\u00e9rieur, ou en terrarium, ou en v\u00e9randa hors gel.<\/p>\n<p>Hauteur adulte : 10\/20. Origine g\u00e9ographique : horticole. Persistance hiver : Persistant. Rusticit\u00e9 USDA : Zone 10 (-1.1\u00b0C\/+4.4\u00b0C). Garder hors gel.<\/p>","protected":false},"featured_media":33713,"template":"","meta":{"site-sidebar-layout":"default","site-content-layout":"default","ast-global-header-display":"","ast-main-header-display":"","ast-hfb-above-header-display":"","ast-hfb-below-header-display":"","ast-hfb-mobile-header-display":"","site-post-title":"","ast-breadcrumbs-content":"","ast-featured-img":"","footer-sml-layout":"","theme-transparent-header-meta":"default","adv-header-id-meta":"","stick-header-meta":"default","header-above-stick-meta":"","header-main-stick-meta":"","header-below-stick-meta":""},"product_cat":[537,551,554],"product_tag":[],"class_list":["post-33709","product","type-product","status-publish","has-post-thumbnail","hentry","product_cat-autres-plantes","product_cat-autres-plantes-d-interieur","product_cat-autres-plantes-pour-terrarium","pa_taille-du-pot-pot-10-12-cm-diametre","desktop-align-center","tablet-align-center","mobile-align-center","ast-product-gallery-layout-horizontal","ast-product-single-variable","ast-product-tabs-layout-horizontal","ast-qv-on-image"],"_links":{"self":[{"href":"https:\/\/staging.pepiniereezavin.com\/en\/wp-json\/wp\/v2\/product\/33709","targetHints":{"allow":["GET"]}}],"collection":[{"href":"https:\/\/staging.pepiniereezavin.com\/en\/wp-json\/wp\/v2\/product"}],"about":[{"href":"https:\/\/staging.pepiniereezavin.com\/en\/wp-json\/wp\/v2\/types\/product"}],"wp:featuredmedia":[{"embeddable":true,"href":"https:\/\/staging.pepiniereezavin.com\/en\/wp-json\/wp\/v2\/media\/33713"}],"wp:attachment":[{"href":"https:\/\/staging.pepiniereezavin.com\/en\/wp-json\/wp\/v2\/media?parent=33709"}],"wp:term":[{"taxonomy":"product_cat","embeddable":true,"href":"https:\/\/staging.pepiniereezavin.com\/en\/wp-json\/wp\/v2\/product_cat?post=33709"},{"taxonomy":"product_tag","embeddable":true,"href":"https:\/\/staging.pepiniereezavin.com\/en\/wp-json\/wp\/v2\/product_tag?post=33709"}],"curies":[{"name":"wp","href":"https:\/\/api.w.org\/{rel}","templated":true}]}}