{"id":33742,"date":"2022-10-10T13:35:27","date_gmt":"2022-10-10T11:35:27","guid":{"rendered":"https:\/\/pepiniereezavin.com\/?post_type=product&#038;p=33742"},"modified":"2022-10-10T13:50:12","modified_gmt":"2022-10-10T11:50:12","slug":"begonia-glabra","status":"publish","type":"product","link":"https:\/\/staging.pepiniereezavin.com\/en\/product\/begonia-glabra\/","title":{"rendered":"Begonia glabra"},"content":{"rendered":"<p><em>Begonia glabra<\/em> est une esp\u00e8ce grimpante, retombante, ou couvre-sol de toute beaut\u00e9. Ses feuilles vert \u00e9meraude sont brillantes et la vigueur de la plante est exemplaire : En pot\u00e9e retombante, ou sur un mur v\u00e9g\u00e9tal (d&rsquo;int\u00e9rieur), <em>Begonia glabra<\/em>\u00a0 vous apportera une note de luxuriance et d&rsquo;exotisme. Floraison estivale blanche en grappes a\u00e9riennes. Culture facile en int\u00e9rieur.<br \/>\nHauteur adulte : 10\/20 (60) cm (retombant). Origine g\u00e9ographique : Am\u00e9rique du sud. Persistance hiver : persistant. Rusticit\u00e9 USDA : Zone 11 (+4.4\u00b0C\/+10\u00b0C)<\/p>","protected":false},"excerpt":{"rendered":"<p><em>Begonia glabra<\/em> est une esp\u00e8ce grimpante, retombante, ou couvre-sol de toute beaut\u00e9. Ses feuilles vert \u00e9meraude sont brillantes et la vigueur de la plante est exemplaire : En pot\u00e9e retombante, ou sur un mur v\u00e9g\u00e9tal (d&rsquo;int\u00e9rieur), <em>Begonia glabra<\/em>\u00a0 vous apportera une note de luxuriance et d&rsquo;exotisme. Floraison estivale blanche en grappes a\u00e9riennes. Culture facile en int\u00e9rieur.<br \/>\nHauteur adulte : 10\/20 (60) cm (retombant). Origine g\u00e9ographique : Am\u00e9rique du sud. Persistance hiver : persistant. Rusticit\u00e9 USDA : Zone 11 (+4.4\u00b0C\/+10\u00b0C)<\/p>","protected":false},"featured_media":33746,"template":"","meta":{"site-sidebar-layout":"default","site-content-layout":"default","ast-global-header-display":"","ast-main-header-display":"","ast-hfb-above-header-display":"","ast-hfb-below-header-display":"","ast-hfb-mobile-header-display":"","site-post-title":"","ast-breadcrumbs-content":"","ast-featured-img":"","footer-sml-layout":"","theme-transparent-header-meta":"default","adv-header-id-meta":"","stick-header-meta":"default","header-above-stick-meta":"","header-main-stick-meta":"","header-below-stick-meta":""},"product_cat":[536,547,548],"product_tag":[520,528,556,533,557],"class_list":["post-33742","product","type-product","status-publish","has-post-thumbnail","hentry","product_cat-begonias","product_cat-begonias-interieur","product_cat-begonias-terrarium","product_tag-begonias-botaniques","product_tag-plantes-origine-americaine","product_tag-plantes-pour-interieur","product_tag-plantes-pour-mur-vegetaux","product_tag-plantes-pour-terrarium","pa_taille-du-pot-pot-12-14-cm-diametre","desktop-align-center","tablet-align-center","mobile-align-center","ast-product-gallery-layout-horizontal","ast-product-single-variable","ast-product-tabs-layout-horizontal","ast-qv-on-image"],"_links":{"self":[{"href":"https:\/\/staging.pepiniereezavin.com\/en\/wp-json\/wp\/v2\/product\/33742","targetHints":{"allow":["GET"]}}],"collection":[{"href":"https:\/\/staging.pepiniereezavin.com\/en\/wp-json\/wp\/v2\/product"}],"about":[{"href":"https:\/\/staging.pepiniereezavin.com\/en\/wp-json\/wp\/v2\/types\/product"}],"wp:featuredmedia":[{"embeddable":true,"href":"https:\/\/staging.pepiniereezavin.com\/en\/wp-json\/wp\/v2\/media\/33746"}],"wp:attachment":[{"href":"https:\/\/staging.pepiniereezavin.com\/en\/wp-json\/wp\/v2\/media?parent=33742"}],"wp:term":[{"taxonomy":"product_cat","embeddable":true,"href":"https:\/\/staging.pepiniereezavin.com\/en\/wp-json\/wp\/v2\/product_cat?post=33742"},{"taxonomy":"product_tag","embeddable":true,"href":"https:\/\/staging.pepiniereezavin.com\/en\/wp-json\/wp\/v2\/product_tag?post=33742"}],"curies":[{"name":"wp","href":"https:\/\/api.w.org\/{rel}","templated":true}]}}