{"id":33762,"date":"2022-10-19T11:11:43","date_gmt":"2022-10-19T09:11:43","guid":{"rendered":"https:\/\/pepiniereezavin.com\/?post_type=product&#038;p=33762"},"modified":"2022-10-19T11:11:44","modified_gmt":"2022-10-19T09:11:44","slug":"adiantum-caudatum","status":"publish","type":"product","link":"https:\/\/staging.pepiniereezavin.com\/en\/product\/adiantum-caudatum\/","title":{"rendered":"Adiantum caudatum"},"content":{"rendered":"<p><em>Adiantum caudatum<\/em> est une foug\u00e8re tapissante, couvre sol ou en suspension en int\u00e9rieur humide ou terrarium. L&rsquo;extr\u00e9mit\u00e9 des frondes porte un bourgeon permettant \u00e0 la plante de se marcotter, et de former ainsi un tapis dense de fines frondes satin\u00e9es. En terrarium, c&rsquo;est une plante fascinante, qui se d\u00e9place litt\u00e9ralement. Elle est cultiv\u00e9e ici en tunnel hors gel, et renouvelle son feuillage tous les printemps. Croissance rapide.<\/p>\n<p>Hauteur adulte : 10\/20 Origine g\u00e9ographique : Afrique tropicale, Inde, Asie. Persistance hiver : Semi-Persistant Rusticit\u00e9 USDA : Zone 11 (+4.4\u00b0C\/+10\u00b0C).<\/p>","protected":false},"excerpt":{"rendered":"<p><em>Adiantum caudatum<\/em> est une foug\u00e8re tapissante, couvre sol ou en suspension en int\u00e9rieur humide ou terrarium. L&rsquo;extr\u00e9mit\u00e9 des frondes porte un bourgeon permettant \u00e0 la plante de se marcotter, et de former ainsi un tapis dense de fines frondes satin\u00e9es. En terrarium, c&rsquo;est une plante fascinante, qui se d\u00e9place litt\u00e9ralement. Elle est cultiv\u00e9e ici en tunnel hors gel, et renouvelle son feuillage tous les printemps. Croissance rapide.<\/p>\n<p>Hauteur adulte : 10\/20 Origine g\u00e9ographique : Afrique tropicale, Inde, Asie. Persistance hiver : Semi-Persistant Rusticit\u00e9 USDA : Zone 11 (+4.4\u00b0C\/+10\u00b0C).<\/p>","protected":false},"featured_media":33780,"template":"","meta":{"site-sidebar-layout":"default","site-content-layout":"default","ast-global-header-display":"","ast-main-header-display":"","ast-hfb-above-header-display":"","ast-hfb-below-header-display":"","ast-hfb-mobile-header-display":"","site-post-title":"","ast-breadcrumbs-content":"","ast-featured-img":"","footer-sml-layout":"","theme-transparent-header-meta":"default","adv-header-id-meta":"","stick-header-meta":"default","header-above-stick-meta":"","header-main-stick-meta":"","header-below-stick-meta":""},"product_cat":[535,543,544],"product_tag":[526,527,529,556,533,557],"class_list":["post-33762","product","type-product","status-publish","has-post-thumbnail","hentry","product_cat-fougeres","product_cat-fougeres-interieur","product_cat-fougeres-terrarium","product_tag-plantes-couvre-sol","product_tag-plantes-origine-africaine","product_tag-plantes-origine-asiatique","product_tag-plantes-pour-interieur","product_tag-plantes-pour-mur-vegetaux","product_tag-plantes-pour-terrarium","pa_taille-du-pot-pot-12-14-cm-diametre","desktop-align-center","tablet-align-center","mobile-align-center","ast-product-gallery-layout-horizontal","ast-product-single-variable","ast-product-tabs-layout-horizontal","ast-qv-on-image"],"_links":{"self":[{"href":"https:\/\/staging.pepiniereezavin.com\/en\/wp-json\/wp\/v2\/product\/33762","targetHints":{"allow":["GET"]}}],"collection":[{"href":"https:\/\/staging.pepiniereezavin.com\/en\/wp-json\/wp\/v2\/product"}],"about":[{"href":"https:\/\/staging.pepiniereezavin.com\/en\/wp-json\/wp\/v2\/types\/product"}],"wp:featuredmedia":[{"embeddable":true,"href":"https:\/\/staging.pepiniereezavin.com\/en\/wp-json\/wp\/v2\/media\/33780"}],"wp:attachment":[{"href":"https:\/\/staging.pepiniereezavin.com\/en\/wp-json\/wp\/v2\/media?parent=33762"}],"wp:term":[{"taxonomy":"product_cat","embeddable":true,"href":"https:\/\/staging.pepiniereezavin.com\/en\/wp-json\/wp\/v2\/product_cat?post=33762"},{"taxonomy":"product_tag","embeddable":true,"href":"https:\/\/staging.pepiniereezavin.com\/en\/wp-json\/wp\/v2\/product_tag?post=33762"}],"curies":[{"name":"wp","href":"https:\/\/api.w.org\/{rel}","templated":true}]}}