{"id":33795,"date":"2022-10-25T09:27:34","date_gmt":"2022-10-25T07:27:34","guid":{"rendered":"https:\/\/pepiniereezavin.com\/?post_type=product&#038;p=33795"},"modified":"2022-10-29T09:22:13","modified_gmt":"2022-10-29T07:22:13","slug":"hedera-helix-spetchley","status":"publish","type":"product","link":"https:\/\/staging.pepiniereezavin.com\/en\/product\/hedera-helix-spetchley\/","title":{"rendered":"Hedera helix &lsquo;Spetchley&rsquo;"},"content":{"rendered":"<p>Ce lierre a les plus petites feuilles que nous ayons vues. Trilob\u00e9es avec les lobes arrondis, elles ne d\u00e9passent gu\u00e8re 2 cm de long. La croissance est bien s\u00fbr lente, mais la plante forme un splendide tapis de minuscules feuilles. Origine obscure, mais la plante est connue du parc de Spetchley, dans le Worcestershire en Angleterre.<\/p>\n<p>Hauteur adulte : 2 cm. Origine g\u00e9ographique : Angleterre. Persistance hiver : Persistant. Rusticit\u00e9 USDA : Zone 6 (-23.3\u00b0C\/-17.8\u00b0C).<\/p>","protected":false},"excerpt":{"rendered":"<p>Ce lierre a les plus petites feuilles que nous ayons vues. Trilob\u00e9es avec les lobes arrondis, elles ne d\u00e9passent gu\u00e8re 2 cm de long. La croissance est bien s\u00fbr lente, mais la plante forme un splendide tapis de minuscules feuilles. Origine obscure, mais la plante est connue du parc de Spetchley, dans le Worcestershire en Angleterre.<\/p>\n<p>Hauteur adulte : 2 cm. Origine g\u00e9ographique : Angleterre. Persistance hiver : Persistant. Rusticit\u00e9 USDA : Zone 6 (-23.3\u00b0C\/-17.8\u00b0C).<\/p>","protected":false},"featured_media":33802,"template":"","meta":{"site-sidebar-layout":"default","site-content-layout":"default","ast-global-header-display":"","ast-main-header-display":"","ast-hfb-above-header-display":"","ast-hfb-below-header-display":"","ast-hfb-mobile-header-display":"","site-post-title":"","ast-breadcrumbs-content":"","ast-featured-img":"","footer-sml-layout":"","theme-transparent-header-meta":"default","adv-header-id-meta":"","stick-header-meta":"default","header-above-stick-meta":"","header-main-stick-meta":"","header-below-stick-meta":""},"product_cat":[537,551,554,552,553],"product_tag":[525,526,530,556,558,559,533,534,557],"class_list":["post-33795","product","type-product","status-publish","has-post-thumbnail","hentry","product_cat-autres-plantes","product_cat-autres-plantes-d-interieur","product_cat-autres-plantes-pour-terrarium","product_cat-autres-plantes-pour-climat-doux","product_cat-autres-plantes-pour-climat-frais","product_tag-plantes-a-feuillage-coriace","product_tag-plantes-couvre-sol","product_tag-plantes-origine-europeenne","product_tag-plantes-pour-interieur","product_tag-plantes-pour-climats-doux","product_tag-plantes-pour-climats-frais","product_tag-plantes-pour-mur-vegetaux","product_tag-plantes-pour-ombre-seche","product_tag-plantes-pour-terrarium","pa_taille-du-pot-pot-10-cm-diametre","desktop-align-center","tablet-align-center","mobile-align-center","ast-product-gallery-layout-horizontal","ast-product-single-variable","ast-product-tabs-layout-horizontal","ast-qv-on-image"],"_links":{"self":[{"href":"https:\/\/staging.pepiniereezavin.com\/en\/wp-json\/wp\/v2\/product\/33795","targetHints":{"allow":["GET"]}}],"collection":[{"href":"https:\/\/staging.pepiniereezavin.com\/en\/wp-json\/wp\/v2\/product"}],"about":[{"href":"https:\/\/staging.pepiniereezavin.com\/en\/wp-json\/wp\/v2\/types\/product"}],"wp:featuredmedia":[{"embeddable":true,"href":"https:\/\/staging.pepiniereezavin.com\/en\/wp-json\/wp\/v2\/media\/33802"}],"wp:attachment":[{"href":"https:\/\/staging.pepiniereezavin.com\/en\/wp-json\/wp\/v2\/media?parent=33795"}],"wp:term":[{"taxonomy":"product_cat","embeddable":true,"href":"https:\/\/staging.pepiniereezavin.com\/en\/wp-json\/wp\/v2\/product_cat?post=33795"},{"taxonomy":"product_tag","embeddable":true,"href":"https:\/\/staging.pepiniereezavin.com\/en\/wp-json\/wp\/v2\/product_tag?post=33795"}],"curies":[{"name":"wp","href":"https:\/\/api.w.org\/{rel}","templated":true}]}}