{"id":33817,"date":"2022-10-29T13:55:46","date_gmt":"2022-10-29T11:55:46","guid":{"rendered":"https:\/\/pepiniereezavin.com\/?post_type=product&#038;p=33817"},"modified":"2022-11-02T13:53:55","modified_gmt":"2022-11-02T12:53:55","slug":"ageratina-ligustrina","status":"publish","type":"product","link":"https:\/\/staging.pepiniereezavin.com\/en\/product\/ageratina-ligustrina\/","title":{"rendered":"Ageratina ligustrina"},"content":{"rendered":"<p><em>Ageratina ligustrina<\/em> (= <em>Eupatorium ligustrinum<\/em>) est un arbuste\u00a0 buissonnant. Son petit feuillage vert fonc\u00e9 est persistant. Floraison blanche quasiment toute l&rsquo;ann\u00e9e, avec un pic en fin d&rsquo;\u00e9t\u00e9 et en hiver. Rustique en climat doux, il convient tr\u00e8s bien en climat m\u00e9diterran\u00e9en car supporte les \u00e9pisodes secs estivaux. Cet arbuste ne paie pas de mine, mais il fait merveille dans le jardin, o\u00f9 sa floraison parfum\u00e9e, longue et tardive am\u00e8ne une note romantique. Et les papillons et autres butineurs sont nombreux \u00e0 en profiter!<\/p>\n<p>Hauteur adulte : 200\/300 cm. Origine g\u00e9ographique : Am\u00e9rique centrale. Persistance hiver : Persistant. Rusticit\u00e9 USDA : Zone 8 (-12.2\u00b0C\/-6.7\u00b0C).<\/p>","protected":false},"excerpt":{"rendered":"<p><em>Ageratina ligustrina<\/em> (= <em>Eupatorium ligustrinum<\/em>) est un arbuste\u00a0 buissonnant. Son petit feuillage vert fonc\u00e9 est persistant. Floraison blanche quasiment toute l&rsquo;ann\u00e9e, avec un pic en fin d&rsquo;\u00e9t\u00e9 et en hiver. Rustique en climat doux, il convient tr\u00e8s bien en climat m\u00e9diterran\u00e9en car supporte les \u00e9pisodes secs estivaux. Cet arbuste ne paie pas de mine, mais il fait merveille dans le jardin, o\u00f9 sa floraison parfum\u00e9e, longue et tardive am\u00e8ne une note romantique. Et les papillons et autres butineurs sont nombreux \u00e0 en profiter!<\/p>\n<p>Hauteur adulte : 200\/300 cm. Origine g\u00e9ographique : Am\u00e9rique centrale. Persistance hiver : Persistant. Rusticit\u00e9 USDA : Zone 8 (-12.2\u00b0C\/-6.7\u00b0C).<\/p>","protected":false},"featured_media":33819,"template":"","meta":{"site-sidebar-layout":"default","site-content-layout":"default","ast-global-header-display":"","ast-main-header-display":"","ast-hfb-above-header-display":"","ast-hfb-below-header-display":"","ast-hfb-mobile-header-display":"","site-post-title":"","ast-breadcrumbs-content":"","ast-featured-img":"","footer-sml-layout":"","theme-transparent-header-meta":"default","adv-header-id-meta":"","stick-header-meta":"default","header-above-stick-meta":"","header-main-stick-meta":"","header-below-stick-meta":""},"product_cat":[537,552],"product_tag":[562,525,528,558],"class_list":["post-33817","product","type-product","status-publish","has-post-thumbnail","hentry","product_cat-autres-plantes","product_cat-autres-plantes-pour-climat-doux","product_tag-pl","product_tag-plantes-a-feuillage-coriace","product_tag-plantes-origine-americaine","product_tag-plantes-pour-climats-doux","pa_taille-du-pot-pot-12-14-cm-diametre","desktop-align-center","tablet-align-center","mobile-align-center","ast-product-gallery-layout-horizontal","ast-product-single-variable","ast-product-tabs-layout-horizontal","ast-qv-on-image"],"_links":{"self":[{"href":"https:\/\/staging.pepiniereezavin.com\/en\/wp-json\/wp\/v2\/product\/33817","targetHints":{"allow":["GET"]}}],"collection":[{"href":"https:\/\/staging.pepiniereezavin.com\/en\/wp-json\/wp\/v2\/product"}],"about":[{"href":"https:\/\/staging.pepiniereezavin.com\/en\/wp-json\/wp\/v2\/types\/product"}],"wp:featuredmedia":[{"embeddable":true,"href":"https:\/\/staging.pepiniereezavin.com\/en\/wp-json\/wp\/v2\/media\/33819"}],"wp:attachment":[{"href":"https:\/\/staging.pepiniereezavin.com\/en\/wp-json\/wp\/v2\/media?parent=33817"}],"wp:term":[{"taxonomy":"product_cat","embeddable":true,"href":"https:\/\/staging.pepiniereezavin.com\/en\/wp-json\/wp\/v2\/product_cat?post=33817"},{"taxonomy":"product_tag","embeddable":true,"href":"https:\/\/staging.pepiniereezavin.com\/en\/wp-json\/wp\/v2\/product_tag?post=33817"}],"curies":[{"name":"wp","href":"https:\/\/api.w.org\/{rel}","templated":true}]}}