{"id":33824,"date":"2022-11-18T19:25:36","date_gmt":"2022-11-18T18:25:36","guid":{"rendered":"https:\/\/pepiniereezavin.com\/?post_type=product&#038;p=33824"},"modified":"2022-12-03T10:49:07","modified_gmt":"2022-12-03T09:49:07","slug":"begonia-sanguinea","status":"publish","type":"product","link":"https:\/\/staging.pepiniereezavin.com\/en\/product\/begonia-sanguinea\/","title":{"rendered":"Begonia sanguinea"},"content":{"rendered":"<p><em>Begonia sanguinea<\/em> est remarquable par ses feuilles \u00e9paisses \u00e0 revers rouge sombre, qui lui ont valu son nom d&rsquo;esp\u00e8ce. Floraison blanche estivale. De type buissonnant, cette esp\u00e8ce br\u00e9silienne forme une touffe \u00e0 plusieurs branches. Garder \u00e0 l&rsquo;int\u00e9rieur. Pas trop d&rsquo;arrosage.<br \/>\nHauteur adulte : 60\/80 cm. Origine g\u00e9ographique : Br\u00e9sil. Persistance hiver : Persistante. Rusticit\u00e9 USDA : Zone 12 (+10\u00b0C\/+15,6\u00b0C).<\/p>","protected":false},"excerpt":{"rendered":"<p><em>Begonia sanguinea<\/em> est remarquable par ses feuilles \u00e9paisses \u00e0 revers rouge sombre, qui lui ont valu son nom d&rsquo;esp\u00e8ce. Floraison blanche estivale. De type buissonnant, cette esp\u00e8ce br\u00e9silienne forme une touffe \u00e0 plusieurs branches. Garder \u00e0 l&rsquo;int\u00e9rieur. Pas trop d&rsquo;arrosage.<br \/>\nHauteur adulte : 60\/80 cm. Origine g\u00e9ographique : Br\u00e9sil. Persistance hiver : Persistante. Rusticit\u00e9 USDA : Zone 12 (+10\u00b0C\/+15,6\u00b0C).<\/p>","protected":false},"featured_media":33902,"template":"","meta":{"site-sidebar-layout":"default","site-content-layout":"default","ast-global-header-display":"","ast-main-header-display":"","ast-hfb-above-header-display":"","ast-hfb-below-header-display":"","ast-hfb-mobile-header-display":"","site-post-title":"","ast-breadcrumbs-content":"","ast-featured-img":"","footer-sml-layout":"","theme-transparent-header-meta":"default","adv-header-id-meta":"","stick-header-meta":"default","header-above-stick-meta":"","header-main-stick-meta":"","header-below-stick-meta":""},"product_cat":[536,547],"product_tag":[520,525,528,556,534],"class_list":["post-33824","product","type-product","status-publish","has-post-thumbnail","hentry","product_cat-begonias","product_cat-begonias-interieur","product_tag-begonias-botaniques","product_tag-plantes-a-feuillage-coriace","product_tag-plantes-origine-americaine","product_tag-plantes-pour-interieur","product_tag-plantes-pour-ombre-seche","pa_taille-du-pot-pot-12-14-cm-diametre","desktop-align-center","tablet-align-center","mobile-align-center","ast-product-gallery-layout-horizontal","ast-product-single-variable","ast-product-tabs-layout-horizontal","ast-qv-on-image"],"_links":{"self":[{"href":"https:\/\/staging.pepiniereezavin.com\/en\/wp-json\/wp\/v2\/product\/33824","targetHints":{"allow":["GET"]}}],"collection":[{"href":"https:\/\/staging.pepiniereezavin.com\/en\/wp-json\/wp\/v2\/product"}],"about":[{"href":"https:\/\/staging.pepiniereezavin.com\/en\/wp-json\/wp\/v2\/types\/product"}],"wp:featuredmedia":[{"embeddable":true,"href":"https:\/\/staging.pepiniereezavin.com\/en\/wp-json\/wp\/v2\/media\/33902"}],"wp:attachment":[{"href":"https:\/\/staging.pepiniereezavin.com\/en\/wp-json\/wp\/v2\/media?parent=33824"}],"wp:term":[{"taxonomy":"product_cat","embeddable":true,"href":"https:\/\/staging.pepiniereezavin.com\/en\/wp-json\/wp\/v2\/product_cat?post=33824"},{"taxonomy":"product_tag","embeddable":true,"href":"https:\/\/staging.pepiniereezavin.com\/en\/wp-json\/wp\/v2\/product_tag?post=33824"}],"curies":[{"name":"wp","href":"https:\/\/api.w.org\/{rel}","templated":true}]}}