{"id":33878,"date":"2022-11-18T19:27:12","date_gmt":"2022-11-18T18:27:12","guid":{"rendered":"https:\/\/pepiniereezavin.com\/?post_type=product&#038;p=33878"},"modified":"2022-12-13T12:16:07","modified_gmt":"2022-12-13T11:16:07","slug":"billbergia-distachya-var-straussiana","status":"publish","type":"product","link":"https:\/\/staging.pepiniereezavin.com\/en\/product\/billbergia-distachya-var-straussiana\/","title":{"rendered":"Billbergia distachya var. straussiana"},"content":{"rendered":"<p><em>Billbergia distachya<\/em> var. <em>straussiana<\/em> (= <em>Billbergia distachia<\/em> var. <em>straussiana<\/em>) forme une touffe dense de larges feuilles dress\u00e9es. La vari\u00e9t\u00e9 straussiana a les bases des feuilles saupoudr\u00e9es d&rsquo;un &lsquo;velours&rsquo; violet argent\u00e9. Les fleurs apparaissent au printemps, port\u00e9es par des branches retombantes tr\u00e8s \u00e9l\u00e9gantes. Les bract\u00e9es rouge sont plus grandes que chez <a href=\"https:\/\/staging.pepiniereezavin.com\/en\/product\/billbergia-nutans\/\" target=\"_blank\" rel=\"noopener\"><em>Billbergia nutans<\/em><\/a>. Culture facile en int\u00e9rieur lumineux sans soleil, ou en ext\u00e9rieur en climat doux. Garder au sec en hiver si froid.<\/p>\n<p>Hauteur adulte : 40\/60. Origine g\u00e9ographique : Br\u00e9sil. Persistance hiver : Persistant. Rusticit\u00e9 USDA : Zone 9 (-6.7\u00b0C\/-1.1\u00b0C).<\/p>","protected":false},"excerpt":{"rendered":"<p><em>Billbergia distachia<\/em> var. <em>straussiana<\/em> (= <em>Billbergia distachya<\/em> var. <em>straussiana<\/em>) forme une touffe dense de larges feuilles dress\u00e9es. La vari\u00e9t\u00e9 straussiana a les bases des feuilles saupoudr\u00e9es d&rsquo;un &lsquo;velours&rsquo; violet argent\u00e9. Les fleurs apparaissent au printemps, port\u00e9es par des branches retombantes tr\u00e8s \u00e9l\u00e9gantes. Les bract\u00e9es rouge sont plus grandes que chez <a href=\"https:\/\/staging.pepiniereezavin.com\/en\/product\/billbergia-nutans\/\" target=\"_blank\" rel=\"noopener\"><em>Billbergia nutans<\/em><\/a>. Culture facile en int\u00e9rieur lumineux sans soleil, ou en ext\u00e9rieur en climat doux. Garder au sec en hiver si froid.<\/p>\n<p>Hauteur adulte : 40\/60. Origine g\u00e9ographique : Br\u00e9sil. Persistance hiver : Persistant. Rusticit\u00e9 USDA : Zone 9 (-6.7\u00b0C\/-1.1\u00b0C).<\/p>","protected":false},"featured_media":33897,"template":"","meta":{"site-sidebar-layout":"default","site-content-layout":"default","ast-global-header-display":"","ast-main-header-display":"","ast-hfb-above-header-display":"","ast-hfb-below-header-display":"","ast-hfb-mobile-header-display":"","site-post-title":"","ast-breadcrumbs-content":"","ast-featured-img":"","footer-sml-layout":"","theme-transparent-header-meta":"default","adv-header-id-meta":"","stick-header-meta":"default","header-above-stick-meta":"","header-main-stick-meta":"","header-below-stick-meta":""},"product_cat":[537,551,552],"product_tag":[525,528,556,558,557],"class_list":["post-33878","product","type-product","status-publish","has-post-thumbnail","hentry","product_cat-autres-plantes","product_cat-autres-plantes-d-interieur","product_cat-autres-plantes-pour-climat-doux","product_tag-plantes-a-feuillage-coriace","product_tag-plantes-origine-americaine","product_tag-plantes-pour-interieur","product_tag-plantes-pour-climats-doux","product_tag-plantes-pour-terrarium","pa_taille-du-pot-pot-12-14-cm-diametre","desktop-align-center","tablet-align-center","mobile-align-center","ast-product-gallery-layout-horizontal","ast-product-single-variable","ast-product-tabs-layout-horizontal","ast-qv-on-image"],"_links":{"self":[{"href":"https:\/\/staging.pepiniereezavin.com\/en\/wp-json\/wp\/v2\/product\/33878","targetHints":{"allow":["GET"]}}],"collection":[{"href":"https:\/\/staging.pepiniereezavin.com\/en\/wp-json\/wp\/v2\/product"}],"about":[{"href":"https:\/\/staging.pepiniereezavin.com\/en\/wp-json\/wp\/v2\/types\/product"}],"wp:featuredmedia":[{"embeddable":true,"href":"https:\/\/staging.pepiniereezavin.com\/en\/wp-json\/wp\/v2\/media\/33897"}],"wp:attachment":[{"href":"https:\/\/staging.pepiniereezavin.com\/en\/wp-json\/wp\/v2\/media?parent=33878"}],"wp:term":[{"taxonomy":"product_cat","embeddable":true,"href":"https:\/\/staging.pepiniereezavin.com\/en\/wp-json\/wp\/v2\/product_cat?post=33878"},{"taxonomy":"product_tag","embeddable":true,"href":"https:\/\/staging.pepiniereezavin.com\/en\/wp-json\/wp\/v2\/product_tag?post=33878"}],"curies":[{"name":"wp","href":"https:\/\/api.w.org\/{rel}","templated":true}]}}