{"id":33888,"date":"2022-11-18T19:31:36","date_gmt":"2022-11-18T18:31:36","guid":{"rendered":"https:\/\/pepiniereezavin.com\/?post_type=product&#038;p=33888"},"modified":"2022-12-27T17:14:51","modified_gmt":"2022-12-27T16:14:51","slug":"lepisorus-macrosphaerus","status":"publish","type":"product","link":"https:\/\/staging.pepiniereezavin.com\/en\/product\/lepisorus-macrosphaerus\/","title":{"rendered":"Lepisorus macrosphaerus"},"content":{"rendered":"<p>Les frondes de <em>Lepisorus macrosphaerus<\/em> sont enti\u00e8res et \u00e9lanc\u00e9es. Les gros sores ronds au bout des frondes sont bien visibles de dessus. Cette curieuse plante est \u00e9piphyte dans la nature, et se plaira au jardin en compagnie des <a href=\"https:\/\/staging.pepiniereezavin.com\/en\/product\/polypodium-vulgare\/\" target=\"_blank\" rel=\"noopener\"><em>Polypodium vulgare<\/em><\/a> et <a href=\"https:\/\/staging.pepiniereezavin.com\/en\/product\/polypodium-cambricum\/\" target=\"_blank\" rel=\"noopener\"><em>Polypodium cambricum<\/em><\/a>, mais aussi en v\u00e9randa ou en int\u00e9rieur clair.<br \/>\nCroissance par rhizomes ramifi\u00e9s souterrains. Culture facile en ext\u00e9rieur abrit\u00e9 ou v\u00e9randa ou int\u00e9rieur.<\/p>\n<p>Hauteur adulte : 20\/40. Origine g\u00e9ographique : Chine. Persistance hiver : Persistant. Rusticit\u00e9 USDA : Zone 9 (-6.7\u00b0C\/-1.1\u00b0C).<\/p>","protected":false},"excerpt":{"rendered":"<p>Les frondes de <em>Lepisorus macrosphaerus<\/em> sont enti\u00e8res et \u00e9lanc\u00e9es. Les gros sores ronds au bout des frondes sont bien visibles de dessus. Cette curieuse plante est \u00e9piphyte dans la nature, et se plaira au jardin en compagnie des <a href=\"https:\/\/staging.pepiniereezavin.com\/en\/product\/polypodium-vulgare\/\" target=\"_blank\" rel=\"noopener\"><em>Polypodium vulgare<\/em><\/a> et <a href=\"https:\/\/staging.pepiniereezavin.com\/en\/product\/polypodium-cambricum\/\" target=\"_blank\" rel=\"noopener\"><em>Polypodium cambricum<\/em><\/a>, mais aussi en v\u00e9randa ou en int\u00e9rieur clair.<br \/>\nCroissance par rhizomes ramifi\u00e9s souterrains. Culture facile en ext\u00e9rieur abrit\u00e9 ou v\u00e9randa ou int\u00e9rieur.<\/p>\n<p>Hauteur adulte : 20\/40. Origine g\u00e9ographique : Chine. Persistance hiver : Persistant. Rusticit\u00e9 USDA : Zone 9 (-6.7\u00b0C\/-1.1\u00b0C).<\/p>","protected":false},"featured_media":33891,"template":"","meta":{"site-sidebar-layout":"default","site-content-layout":"default","ast-global-header-display":"","ast-main-header-display":"","ast-hfb-above-header-display":"","ast-hfb-below-header-display":"","ast-hfb-mobile-header-display":"","site-post-title":"","ast-breadcrumbs-content":"","ast-featured-img":"","footer-sml-layout":"","theme-transparent-header-meta":"default","adv-header-id-meta":"","stick-header-meta":"default","header-above-stick-meta":"","header-main-stick-meta":"","header-below-stick-meta":""},"product_cat":[535,543,544,545],"product_tag":[525,529,556,558,533,557],"class_list":["post-33888","product","type-product","status-publish","has-post-thumbnail","hentry","product_cat-fougeres","product_cat-fougeres-interieur","product_cat-fougeres-terrarium","product_cat-fougeres-climat-doux","product_tag-plantes-a-feuillage-coriace","product_tag-plantes-origine-asiatique","product_tag-plantes-pour-interieur","product_tag-plantes-pour-climats-doux","product_tag-plantes-pour-mur-vegetaux","product_tag-plantes-pour-terrarium","pa_taille-du-pot-pot-12-14-cm-diametre","desktop-align-center","tablet-align-center","mobile-align-center","ast-product-gallery-layout-horizontal","ast-product-single-variable","ast-product-tabs-layout-horizontal","ast-qv-on-image"],"_links":{"self":[{"href":"https:\/\/staging.pepiniereezavin.com\/en\/wp-json\/wp\/v2\/product\/33888","targetHints":{"allow":["GET"]}}],"collection":[{"href":"https:\/\/staging.pepiniereezavin.com\/en\/wp-json\/wp\/v2\/product"}],"about":[{"href":"https:\/\/staging.pepiniereezavin.com\/en\/wp-json\/wp\/v2\/types\/product"}],"wp:featuredmedia":[{"embeddable":true,"href":"https:\/\/staging.pepiniereezavin.com\/en\/wp-json\/wp\/v2\/media\/33891"}],"wp:attachment":[{"href":"https:\/\/staging.pepiniereezavin.com\/en\/wp-json\/wp\/v2\/media?parent=33888"}],"wp:term":[{"taxonomy":"product_cat","embeddable":true,"href":"https:\/\/staging.pepiniereezavin.com\/en\/wp-json\/wp\/v2\/product_cat?post=33888"},{"taxonomy":"product_tag","embeddable":true,"href":"https:\/\/staging.pepiniereezavin.com\/en\/wp-json\/wp\/v2\/product_tag?post=33888"}],"curies":[{"name":"wp","href":"https:\/\/api.w.org\/{rel}","templated":true}]}}